{"id":22612,"date":"2025-03-05T17:53:18","date_gmt":"2025-03-05T16:53:18","guid":{"rendered":"https:\/\/www.thetrickplay.fr\/?page_id=22612"},"modified":"2025-03-05T18:09:40","modified_gmt":"2025-03-05T17:09:40","slug":"tackles-2025","status":"publish","type":"page","link":"https:\/\/www.thetrickplay.fr\/en\/les-profils-de-draft-2025\/tackles-2025\/","title":{"rendered":"Tackles 2025"},"content":{"rendered":"<div data-elementor-type=\"wp-page\" data-elementor-id=\"22612\" class=\"elementor elementor-22612\" data-elementor-post-type=\"page\">\n\t\t\t\t\t\t<section class=\"elementor-section elementor-top-section elementor-element elementor-element-1793641 elementor-section-boxed elementor-section-height-default elementor-section-height-default\" data-id=\"1793641\" data-element_type=\"section\" data-e-type=\"section\">\n\t\t\t\t\t\t<div class=\"elementor-container elementor-column-gap-default\">\n\t\t\t\t\t<div class=\"elementor-column elementor-col-100 elementor-top-column elementor-element elementor-element-585fc2a\" data-id=\"585fc2a\" data-element_type=\"column\" data-e-type=\"column\">\n\t\t\t<div class=\"elementor-widget-wrap elementor-element-populated\">\n\t\t\t\t\t\t<div class=\"elementor-element elementor-element-d63d5ed elementor-widget elementor-widget-heading\" data-id=\"d63d5ed\" data-element_type=\"widget\" data-e-type=\"widget\" data-widget_type=\"heading.default\">\n\t\t\t\t<div class=\"elementor-widget-container\">\n\t\t\t\t\t<h1 class=\"elementor-heading-title elementor-size-default\">Tackles 2025<\/h1>\t\t\t\t<\/div>\n\t\t\t\t<\/div>\n\t\t\t\t\t<\/div>\n\t\t<\/div>\n\t\t\t\t\t<\/div>\n\t\t<\/section>\n\t\t\t\t<section class=\"elementor-section elementor-top-section elementor-element elementor-element-01b9df4 elementor-section-boxed elementor-section-height-default elementor-section-height-default\" data-id=\"01b9df4\" data-element_type=\"section\" data-e-type=\"section\">\n\t\t\t\t\t\t<div class=\"elementor-container elementor-column-gap-default\">\n\t\t\t\t\t<div class=\"elementor-column elementor-col-100 elementor-top-column elementor-element elementor-element-19267aa\" data-id=\"19267aa\" data-element_type=\"column\" data-e-type=\"column\">\n\t\t\t<div class=\"elementor-widget-wrap elementor-element-populated\">\n\t\t\t\t\t\t<div class=\"elementor-element elementor-element-b5d547c elementor-grid-3 elementor-grid-tablet-2 elementor-grid-mobile-1 elementor-posts--thumbnail-top elementor-posts--show-avatar elementor-card-shadow-yes elementor-posts__hover-gradient elementor-widget elementor-widget-posts\" data-id=\"b5d547c\" data-element_type=\"widget\" data-e-type=\"widget\" data-settings=\"{&quot;cards_masonry&quot;:&quot;yes&quot;,&quot;cards_columns&quot;:&quot;3&quot;,&quot;cards_columns_tablet&quot;:&quot;2&quot;,&quot;cards_columns_mobile&quot;:&quot;1&quot;,&quot;cards_row_gap&quot;:{&quot;unit&quot;:&quot;px&quot;,&quot;size&quot;:35,&quot;sizes&quot;:[]},&quot;cards_row_gap_tablet&quot;:{&quot;unit&quot;:&quot;px&quot;,&quot;size&quot;:&quot;&quot;,&quot;sizes&quot;:[]},&quot;cards_row_gap_mobile&quot;:{&quot;unit&quot;:&quot;px&quot;,&quot;size&quot;:&quot;&quot;,&quot;sizes&quot;:[]}}\" data-widget_type=\"posts.cards\">\n\t\t\t\t<div class=\"elementor-widget-container\">\n\t\t\t\t\t\t\t<div class=\"elementor-posts-container elementor-posts elementor-posts--skin-cards elementor-grid\" role=\"list\">\n\t\t\t\t<article class=\"elementor-post elementor-grid-item post-24762 post type-post status-publish format-standard has-post-thumbnail hentry category-scouting-2025 category-ot-2025 tag-arizona tag-big-xii tag-draft tag-iol tag-nfl-draft tag-offensive-tackle tag-scouting\" role=\"listitem\">\n\t\t\t<div class=\"elementor-post__card\">\n\t\t\t\t<a class=\"elementor-post__thumbnail__link\" href=\"https:\/\/www.thetrickplay.fr\/en\/jonah-savaiinaea-ot-arizona-junior\/\" tabindex=\"-1\" ><div class=\"elementor-post__thumbnail\"><img fetchpriority=\"high\" decoding=\"async\" width=\"1024\" height=\"1024\" src=\"https:\/\/www.thetrickplay.fr\/wp-content\/uploads\/2025\/04\/JONAH-SAVAIINAEA.jpg\" class=\"attachment-full size-full wp-image-24590\" alt=\"\" srcset=\"https:\/\/www.thetrickplay.fr\/wp-content\/uploads\/2025\/04\/JONAH-SAVAIINAEA.jpg 1024w, https:\/\/www.thetrickplay.fr\/wp-content\/uploads\/2025\/04\/JONAH-SAVAIINAEA-300x300.jpg 300w, https:\/\/www.thetrickplay.fr\/wp-content\/uploads\/2025\/04\/JONAH-SAVAIINAEA-150x150.jpg 150w, https:\/\/www.thetrickplay.fr\/wp-content\/uploads\/2025\/04\/JONAH-SAVAIINAEA-768x768.jpg 768w, https:\/\/www.thetrickplay.fr\/wp-content\/uploads\/2025\/04\/JONAH-SAVAIINAEA-12x12.jpg 12w\" sizes=\"(max-width: 1024px) 100vw, 1024px\" \/><\/div><\/a>\n\t\t\t\t<div class=\"elementor-post__avatar\">\n\t\t\t<img alt='Rayane M' src='https:\/\/secure.gravatar.com\/avatar\/74e091b72c012ca108806852792d0ba03ccc2c2b8a2ae663067d63e6a8a37d63?s=128&#038;d=mm&#038;r=g' srcset='https:\/\/secure.gravatar.com\/avatar\/74e091b72c012ca108806852792d0ba03ccc2c2b8a2ae663067d63e6a8a37d63?s=256&#038;d=mm&#038;r=g 2x' class='avatar avatar-128 photo' height='128' width='128' \/>\t\t<\/div>\n\t\t\t\t<div class=\"elementor-post__text\">\n\t\t\t\t<h3 class=\"elementor-post__title\">\n\t\t\t<a href=\"https:\/\/www.thetrickplay.fr\/en\/jonah-savaiinaea-ot-arizona-junior\/\" >\n\t\t\t\tJonah Savaiinaea, OT, Arizona (Junior)\t\t\t<\/a>\n\t\t<\/h3>\n\t\t\t\t<div class=\"elementor-post__excerpt\">\n\t\t\t<p>Jonah Savaiinaea, OT, Arizona (Junior) La Draft NFL 2025 approche \u00e0 grand pas et malgr\u00e9 une cuv\u00e9e qui de prime<\/p>\n\t\t<\/div>\n\t\t\n\t\t<a class=\"elementor-post__read-more\" href=\"https:\/\/www.thetrickplay.fr\/en\/jonah-savaiinaea-ot-arizona-junior\/\" aria-label=\"Read more about Jonah Savaiinaea, OT, Arizona (Junior)\" tabindex=\"-1\" >\n\t\t\tRead the report\t\t<\/a>\n\n\t\t\t\t<\/div>\n\t\t\t\t<div class=\"elementor-post__meta-data\">\n\t\t\t\t\t<span class=\"elementor-post-author\">\n\t\t\tRayane M\t\t<\/span>\n\t\t\t\t<span class=\"elementor-post-date\">\n\t\t\t23 April 2025\t\t<\/span>\n\t\t\t\t<\/div>\n\t\t\t\t\t<\/div>\n\t\t<\/article>\n\t\t\t\t<article class=\"elementor-post elementor-grid-item post-24230 post type-post status-publish format-standard has-post-thumbnail hentry category-scouting-2025 category-ot-2025 tag-b1g tag-draft tag-nfl-draft tag-ohio-state tag-scouting tag-tackle\" role=\"listitem\">\n\t\t\t<div class=\"elementor-post__card\">\n\t\t\t\t<a class=\"elementor-post__thumbnail__link\" href=\"https:\/\/www.thetrickplay.fr\/en\/josh-simmons-ot-ohio-state-senior\/\" tabindex=\"-1\" ><div class=\"elementor-post__thumbnail\"><img decoding=\"async\" width=\"1024\" height=\"1024\" src=\"https:\/\/www.thetrickplay.fr\/wp-content\/uploads\/2025\/04\/JOSH-SIMMONS-OSU.jpg\" class=\"attachment-full size-full wp-image-24596\" alt=\"\" srcset=\"https:\/\/www.thetrickplay.fr\/wp-content\/uploads\/2025\/04\/JOSH-SIMMONS-OSU.jpg 1024w, https:\/\/www.thetrickplay.fr\/wp-content\/uploads\/2025\/04\/JOSH-SIMMONS-OSU-300x300.jpg 300w, https:\/\/www.thetrickplay.fr\/wp-content\/uploads\/2025\/04\/JOSH-SIMMONS-OSU-150x150.jpg 150w, https:\/\/www.thetrickplay.fr\/wp-content\/uploads\/2025\/04\/JOSH-SIMMONS-OSU-768x768.jpg 768w, https:\/\/www.thetrickplay.fr\/wp-content\/uploads\/2025\/04\/JOSH-SIMMONS-OSU-12x12.jpg 12w\" sizes=\"(max-width: 1024px) 100vw, 1024px\" \/><\/div><\/a>\n\t\t\t\t<div class=\"elementor-post__avatar\">\n\t\t\t<img alt='Rayane M' src='https:\/\/secure.gravatar.com\/avatar\/74e091b72c012ca108806852792d0ba03ccc2c2b8a2ae663067d63e6a8a37d63?s=128&#038;d=mm&#038;r=g' srcset='https:\/\/secure.gravatar.com\/avatar\/74e091b72c012ca108806852792d0ba03ccc2c2b8a2ae663067d63e6a8a37d63?s=256&#038;d=mm&#038;r=g 2x' class='avatar avatar-128 photo' height='128' width='128' \/>\t\t<\/div>\n\t\t\t\t<div class=\"elementor-post__text\">\n\t\t\t\t<h3 class=\"elementor-post__title\">\n\t\t\t<a href=\"https:\/\/www.thetrickplay.fr\/en\/josh-simmons-ot-ohio-state-senior\/\" >\n\t\t\t\tJosh Simmons, OT, Ohio State (Senior)\t\t\t<\/a>\n\t\t<\/h3>\n\t\t\t\t<div class=\"elementor-post__excerpt\">\n\t\t\t<p>Josh Simmons, OT, Ohio State (Senior) La Draft NFL 2025 approche \u00e0 grand pas et malgr\u00e9 une cuv\u00e9e qui de<\/p>\n\t\t<\/div>\n\t\t\n\t\t<a class=\"elementor-post__read-more\" href=\"https:\/\/www.thetrickplay.fr\/en\/josh-simmons-ot-ohio-state-senior\/\" aria-label=\"Read more about Josh Simmons, OT, Ohio State (Senior)\" tabindex=\"-1\" >\n\t\t\tRead the report\t\t<\/a>\n\n\t\t\t\t<\/div>\n\t\t\t\t<div class=\"elementor-post__meta-data\">\n\t\t\t\t\t<span class=\"elementor-post-author\">\n\t\t\tRayane M\t\t<\/span>\n\t\t\t\t<span class=\"elementor-post-date\">\n\t\t\t16 April 2025\t\t<\/span>\n\t\t\t\t<\/div>\n\t\t\t\t\t<\/div>\n\t\t<\/article>\n\t\t\t\t<article class=\"elementor-post elementor-grid-item post-23523 post type-post status-publish format-standard has-post-thumbnail hentry category-scouting-2025 category-ot-2025 tag-draft tag-missouri tag-nfl-draft tag-offensive-tackle tag-scouting tag-sec\" role=\"listitem\">\n\t\t\t<div class=\"elementor-post__card\">\n\t\t\t\t<a class=\"elementor-post__thumbnail__link\" href=\"https:\/\/www.thetrickplay.fr\/en\/armand-membou-ot-missouri-junior\/\" tabindex=\"-1\" ><div class=\"elementor-post__thumbnail\"><img decoding=\"async\" width=\"1024\" height=\"1024\" src=\"https:\/\/www.thetrickplay.fr\/wp-content\/uploads\/2025\/03\/ARMAND-MEMBOU.jpg\" class=\"attachment-full size-full wp-image-23715\" alt=\"\" srcset=\"https:\/\/www.thetrickplay.fr\/wp-content\/uploads\/2025\/03\/ARMAND-MEMBOU.jpg 1024w, https:\/\/www.thetrickplay.fr\/wp-content\/uploads\/2025\/03\/ARMAND-MEMBOU-300x300.jpg 300w, https:\/\/www.thetrickplay.fr\/wp-content\/uploads\/2025\/03\/ARMAND-MEMBOU-150x150.jpg 150w, https:\/\/www.thetrickplay.fr\/wp-content\/uploads\/2025\/03\/ARMAND-MEMBOU-768x768.jpg 768w, https:\/\/www.thetrickplay.fr\/wp-content\/uploads\/2025\/03\/ARMAND-MEMBOU-12x12.jpg 12w\" sizes=\"(max-width: 1024px) 100vw, 1024px\" \/><\/div><\/a>\n\t\t\t\t<div class=\"elementor-post__avatar\">\n\t\t\t<img alt='Rayane M' src='https:\/\/secure.gravatar.com\/avatar\/74e091b72c012ca108806852792d0ba03ccc2c2b8a2ae663067d63e6a8a37d63?s=128&#038;d=mm&#038;r=g' srcset='https:\/\/secure.gravatar.com\/avatar\/74e091b72c012ca108806852792d0ba03ccc2c2b8a2ae663067d63e6a8a37d63?s=256&#038;d=mm&#038;r=g 2x' class='avatar avatar-128 photo' height='128' width='128' \/>\t\t<\/div>\n\t\t\t\t<div class=\"elementor-post__text\">\n\t\t\t\t<h3 class=\"elementor-post__title\">\n\t\t\t<a href=\"https:\/\/www.thetrickplay.fr\/en\/armand-membou-ot-missouri-junior\/\" >\n\t\t\t\tArmand Membou, OT, Missouri (Junior)\t\t\t<\/a>\n\t\t<\/h3>\n\t\t\t\t<div class=\"elementor-post__excerpt\">\n\t\t\t<p>Armand Membou, OT, Missouri (Junior) La Draft NFL 2025 approche \u00e0 grand pas et malgr\u00e9 une cuv\u00e9e qui de prime<\/p>\n\t\t<\/div>\n\t\t\n\t\t<a class=\"elementor-post__read-more\" href=\"https:\/\/www.thetrickplay.fr\/en\/armand-membou-ot-missouri-junior\/\" aria-label=\"Read more about Armand Membou, OT, Missouri (Junior)\" tabindex=\"-1\" >\n\t\t\tRead the report\t\t<\/a>\n\n\t\t\t\t<\/div>\n\t\t\t\t<div class=\"elementor-post__meta-data\">\n\t\t\t\t\t<span class=\"elementor-post-author\">\n\t\t\tRayane M\t\t<\/span>\n\t\t\t\t<span class=\"elementor-post-date\">\n\t\t\t15 April 2025\t\t<\/span>\n\t\t\t\t<\/div>\n\t\t\t\t\t<\/div>\n\t\t<\/article>\n\t\t\t\t<article class=\"elementor-post elementor-grid-item post-24226 post type-post status-publish format-standard has-post-thumbnail hentry category-scouting-2025 category-ot-2025 tag-draft tag-lsu tag-nfl-draft tag-scouting tag-sec tag-tackle\" role=\"listitem\">\n\t\t\t<div class=\"elementor-post__card\">\n\t\t\t\t<a class=\"elementor-post__thumbnail__link\" href=\"https:\/\/www.thetrickplay.fr\/en\/emery-jones-ot-lsu-junior\/\" tabindex=\"-1\" ><div class=\"elementor-post__thumbnail\"><img loading=\"lazy\" decoding=\"async\" width=\"1024\" height=\"1024\" src=\"https:\/\/www.thetrickplay.fr\/wp-content\/uploads\/2025\/04\/emery-jones-jr-lsu.jpg\" class=\"attachment-full size-full wp-image-24598\" alt=\"\" srcset=\"https:\/\/www.thetrickplay.fr\/wp-content\/uploads\/2025\/04\/emery-jones-jr-lsu.jpg 1024w, https:\/\/www.thetrickplay.fr\/wp-content\/uploads\/2025\/04\/emery-jones-jr-lsu-300x300.jpg 300w, https:\/\/www.thetrickplay.fr\/wp-content\/uploads\/2025\/04\/emery-jones-jr-lsu-150x150.jpg 150w, https:\/\/www.thetrickplay.fr\/wp-content\/uploads\/2025\/04\/emery-jones-jr-lsu-768x768.jpg 768w, https:\/\/www.thetrickplay.fr\/wp-content\/uploads\/2025\/04\/emery-jones-jr-lsu-12x12.jpg 12w\" sizes=\"(max-width: 1024px) 100vw, 1024px\" \/><\/div><\/a>\n\t\t\t\t<div class=\"elementor-post__avatar\">\n\t\t\t<img alt='Rayane M' src='https:\/\/secure.gravatar.com\/avatar\/74e091b72c012ca108806852792d0ba03ccc2c2b8a2ae663067d63e6a8a37d63?s=128&#038;d=mm&#038;r=g' srcset='https:\/\/secure.gravatar.com\/avatar\/74e091b72c012ca108806852792d0ba03ccc2c2b8a2ae663067d63e6a8a37d63?s=256&#038;d=mm&#038;r=g 2x' class='avatar avatar-128 photo' height='128' width='128' \/>\t\t<\/div>\n\t\t\t\t<div class=\"elementor-post__text\">\n\t\t\t\t<h3 class=\"elementor-post__title\">\n\t\t\t<a href=\"https:\/\/www.thetrickplay.fr\/en\/emery-jones-ot-lsu-junior\/\" >\n\t\t\t\tEmery Jones, OT, LSU (Junior)\t\t\t<\/a>\n\t\t<\/h3>\n\t\t\t\t<div class=\"elementor-post__excerpt\">\n\t\t\t<p>Emery Jones, OT, LSU (Junior) La Draft NFL 2025 approche \u00e0 grand pas et malgr\u00e9 une cuv\u00e9e qui de prime<\/p>\n\t\t<\/div>\n\t\t\n\t\t<a class=\"elementor-post__read-more\" href=\"https:\/\/www.thetrickplay.fr\/en\/emery-jones-ot-lsu-junior\/\" aria-label=\"Read more about Emery Jones, OT, LSU (Junior)\" tabindex=\"-1\" >\n\t\t\tRead the report\t\t<\/a>\n\n\t\t\t\t<\/div>\n\t\t\t\t<div class=\"elementor-post__meta-data\">\n\t\t\t\t\t<span class=\"elementor-post-author\">\n\t\t\tRayane M\t\t<\/span>\n\t\t\t\t<span class=\"elementor-post-date\">\n\t\t\t14 April 2025\t\t<\/span>\n\t\t\t\t<\/div>\n\t\t\t\t\t<\/div>\n\t\t<\/article>\n\t\t\t\t<article class=\"elementor-post elementor-grid-item post-23323 post type-post status-publish format-standard has-post-thumbnail hentry category-scouting-2025 category-ot-2025 tag-b1g tag-draft tag-nfl-draft tag-offensive-tackle tag-oregon tag-scouting\" role=\"listitem\">\n\t\t\t<div class=\"elementor-post__card\">\n\t\t\t\t<a class=\"elementor-post__thumbnail__link\" href=\"https:\/\/www.thetrickplay.fr\/en\/josh-conerly-jr-ot-oregon-junior\/\" tabindex=\"-1\" ><div class=\"elementor-post__thumbnail\"><img loading=\"lazy\" decoding=\"async\" width=\"1024\" height=\"1024\" src=\"https:\/\/www.thetrickplay.fr\/wp-content\/uploads\/2025\/04\/JOSH-CONERLY-JR.jpg\" class=\"attachment-full size-full wp-image-23565\" alt=\"\" srcset=\"https:\/\/www.thetrickplay.fr\/wp-content\/uploads\/2025\/04\/JOSH-CONERLY-JR.jpg 1024w, https:\/\/www.thetrickplay.fr\/wp-content\/uploads\/2025\/04\/JOSH-CONERLY-JR-300x300.jpg 300w, https:\/\/www.thetrickplay.fr\/wp-content\/uploads\/2025\/04\/JOSH-CONERLY-JR-150x150.jpg 150w, https:\/\/www.thetrickplay.fr\/wp-content\/uploads\/2025\/04\/JOSH-CONERLY-JR-768x768.jpg 768w, https:\/\/www.thetrickplay.fr\/wp-content\/uploads\/2025\/04\/JOSH-CONERLY-JR-12x12.jpg 12w\" sizes=\"(max-width: 1024px) 100vw, 1024px\" \/><\/div><\/a>\n\t\t\t\t<div class=\"elementor-post__avatar\">\n\t\t\t<img alt='Rayane M' src='https:\/\/secure.gravatar.com\/avatar\/74e091b72c012ca108806852792d0ba03ccc2c2b8a2ae663067d63e6a8a37d63?s=128&#038;d=mm&#038;r=g' srcset='https:\/\/secure.gravatar.com\/avatar\/74e091b72c012ca108806852792d0ba03ccc2c2b8a2ae663067d63e6a8a37d63?s=256&#038;d=mm&#038;r=g 2x' class='avatar avatar-128 photo' height='128' width='128' \/>\t\t<\/div>\n\t\t\t\t<div class=\"elementor-post__text\">\n\t\t\t\t<h3 class=\"elementor-post__title\">\n\t\t\t<a href=\"https:\/\/www.thetrickplay.fr\/en\/josh-conerly-jr-ot-oregon-junior\/\" >\n\t\t\t\tJosh Conerly Jr., OT, Oregon (Junior)\t\t\t<\/a>\n\t\t<\/h3>\n\t\t\t\t<div class=\"elementor-post__excerpt\">\n\t\t\t<p>Josh Conerly Jr., OT, Oregon (Junior) La Draft NFL 2025 approche \u00e0 grand pas et malgr\u00e9 une cuv\u00e9e qui de<\/p>\n\t\t<\/div>\n\t\t\n\t\t<a class=\"elementor-post__read-more\" href=\"https:\/\/www.thetrickplay.fr\/en\/josh-conerly-jr-ot-oregon-junior\/\" aria-label=\"Read more about Josh Conerly Jr., OT, Oregon (Junior)\" tabindex=\"-1\" >\n\t\t\tRead the report\t\t<\/a>\n\n\t\t\t\t<\/div>\n\t\t\t\t<div class=\"elementor-post__meta-data\">\n\t\t\t\t\t<span class=\"elementor-post-author\">\n\t\t\tRayane M\t\t<\/span>\n\t\t\t\t<span class=\"elementor-post-date\">\n\t\t\t13 April 2025\t\t<\/span>\n\t\t\t\t<\/div>\n\t\t\t\t\t<\/div>\n\t\t<\/article>\n\t\t\t\t<article class=\"elementor-post elementor-grid-item post-23317 post type-post status-publish format-standard has-post-thumbnail hentry category-scouting-2025 category-ot-2025 tag-draft tag-nfl-draft tag-offensive-tackle tag-scouting tag-sec tag-texas\" role=\"listitem\">\n\t\t\t<div class=\"elementor-post__card\">\n\t\t\t\t<a class=\"elementor-post__thumbnail__link\" href=\"https:\/\/www.thetrickplay.fr\/en\/kelvin-banks-jr-ot-texas-junior\/\" tabindex=\"-1\" ><div class=\"elementor-post__thumbnail\"><img loading=\"lazy\" decoding=\"async\" width=\"1024\" height=\"1024\" src=\"https:\/\/www.thetrickplay.fr\/wp-content\/uploads\/2025\/04\/KELVIN-BANKS-JR.jpg\" class=\"attachment-full size-full wp-image-24471\" alt=\"\" srcset=\"https:\/\/www.thetrickplay.fr\/wp-content\/uploads\/2025\/04\/KELVIN-BANKS-JR.jpg 1024w, https:\/\/www.thetrickplay.fr\/wp-content\/uploads\/2025\/04\/KELVIN-BANKS-JR-300x300.jpg 300w, https:\/\/www.thetrickplay.fr\/wp-content\/uploads\/2025\/04\/KELVIN-BANKS-JR-150x150.jpg 150w, https:\/\/www.thetrickplay.fr\/wp-content\/uploads\/2025\/04\/KELVIN-BANKS-JR-768x768.jpg 768w, https:\/\/www.thetrickplay.fr\/wp-content\/uploads\/2025\/04\/KELVIN-BANKS-JR-12x12.jpg 12w\" sizes=\"(max-width: 1024px) 100vw, 1024px\" \/><\/div><\/a>\n\t\t\t\t<div class=\"elementor-post__avatar\">\n\t\t\t<img alt='Rayane M' src='https:\/\/secure.gravatar.com\/avatar\/74e091b72c012ca108806852792d0ba03ccc2c2b8a2ae663067d63e6a8a37d63?s=128&#038;d=mm&#038;r=g' srcset='https:\/\/secure.gravatar.com\/avatar\/74e091b72c012ca108806852792d0ba03ccc2c2b8a2ae663067d63e6a8a37d63?s=256&#038;d=mm&#038;r=g 2x' class='avatar avatar-128 photo' height='128' width='128' \/>\t\t<\/div>\n\t\t\t\t<div class=\"elementor-post__text\">\n\t\t\t\t<h3 class=\"elementor-post__title\">\n\t\t\t<a href=\"https:\/\/www.thetrickplay.fr\/en\/kelvin-banks-jr-ot-texas-junior\/\" >\n\t\t\t\tKelvin Banks Jr., OT, Texas (Junior)\t\t\t<\/a>\n\t\t<\/h3>\n\t\t\t\t<div class=\"elementor-post__excerpt\">\n\t\t\t<p>Kelvin Banks Jr., OT, Texas (Junior) La Draft NFL 2025 approche \u00e0 grand pas et malgr\u00e9 une cuv\u00e9e qui de<\/p>\n\t\t<\/div>\n\t\t\n\t\t<a class=\"elementor-post__read-more\" href=\"https:\/\/www.thetrickplay.fr\/en\/kelvin-banks-jr-ot-texas-junior\/\" aria-label=\"Read more about Kelvin Banks Jr., OT, Texas (Junior)\" tabindex=\"-1\" >\n\t\t\tRead the report\t\t<\/a>\n\n\t\t\t\t<\/div>\n\t\t\t\t<div class=\"elementor-post__meta-data\">\n\t\t\t\t\t<span class=\"elementor-post-author\">\n\t\t\tRayane M\t\t<\/span>\n\t\t\t\t<span class=\"elementor-post-date\">\n\t\t\t10 April 2025\t\t<\/span>\n\t\t\t\t<\/div>\n\t\t\t\t\t<\/div>\n\t\t<\/article>\n\t\t\t\t<\/div>\n\t\t\n\t\t\t\t\t\t<\/div>\n\t\t\t\t<\/div>\n\t\t\t\t\t<\/div>\n\t\t<\/div>\n\t\t\t\t\t<\/div>\n\t\t<\/section>\n\t\t\t\t<\/div>","protected":false},"excerpt":{"rendered":"<p>Tackles 2025<\/p>","protected":false},"author":1,"featured_media":0,"parent":22560,"menu_order":0,"comment_status":"closed","ping_status":"closed","template":"","meta":{"footnotes":""},"class_list":["post-22612","page","type-page","status-publish","hentry"],"_links":{"self":[{"href":"https:\/\/www.thetrickplay.fr\/en\/wp-json\/wp\/v2\/pages\/22612","targetHints":{"allow":["GET"]}}],"collection":[{"href":"https:\/\/www.thetrickplay.fr\/en\/wp-json\/wp\/v2\/pages"}],"about":[{"href":"https:\/\/www.thetrickplay.fr\/en\/wp-json\/wp\/v2\/types\/page"}],"author":[{"embeddable":true,"href":"https:\/\/www.thetrickplay.fr\/en\/wp-json\/wp\/v2\/users\/1"}],"replies":[{"embeddable":true,"href":"https:\/\/www.thetrickplay.fr\/en\/wp-json\/wp\/v2\/comments?post=22612"}],"version-history":[{"count":4,"href":"https:\/\/www.thetrickplay.fr\/en\/wp-json\/wp\/v2\/pages\/22612\/revisions"}],"predecessor-version":[{"id":22616,"href":"https:\/\/www.thetrickplay.fr\/en\/wp-json\/wp\/v2\/pages\/22612\/revisions\/22616"}],"up":[{"embeddable":true,"href":"https:\/\/www.thetrickplay.fr\/en\/wp-json\/wp\/v2\/pages\/22560"}],"wp:attachment":[{"href":"https:\/\/www.thetrickplay.fr\/en\/wp-json\/wp\/v2\/media?parent=22612"}],"curies":[{"name":"wp","href":"https:\/\/api.w.org\/{rel}","templated":true}]}}