{"id":22607,"date":"2025-03-05T17:50:52","date_gmt":"2025-03-05T16:50:52","guid":{"rendered":"https:\/\/www.thetrickplay.fr\/?page_id=22607"},"modified":"2025-03-05T18:20:36","modified_gmt":"2025-03-05T17:20:36","slug":"interior-offensive-linemen-2025","status":"publish","type":"page","link":"https:\/\/www.thetrickplay.fr\/en\/les-profils-de-draft-2025\/interior-offensive-linemen-2025\/","title":{"rendered":"Interior Offensive Linemen 2025"},"content":{"rendered":"<div data-elementor-type=\"wp-page\" data-elementor-id=\"22607\" class=\"elementor elementor-22607\" data-elementor-post-type=\"page\">\n\t\t\t\t\t\t<section class=\"elementor-section elementor-top-section elementor-element elementor-element-fb0539b elementor-section-boxed elementor-section-height-default elementor-section-height-default\" data-id=\"fb0539b\" data-element_type=\"section\" data-e-type=\"section\">\n\t\t\t\t\t\t<div class=\"elementor-container elementor-column-gap-default\">\n\t\t\t\t\t<div class=\"elementor-column elementor-col-100 elementor-top-column elementor-element elementor-element-12e9f50\" data-id=\"12e9f50\" data-element_type=\"column\" data-e-type=\"column\">\n\t\t\t<div class=\"elementor-widget-wrap elementor-element-populated\">\n\t\t\t\t\t\t<div class=\"elementor-element elementor-element-4d9919c elementor-widget elementor-widget-heading\" data-id=\"4d9919c\" data-element_type=\"widget\" data-e-type=\"widget\" data-widget_type=\"heading.default\">\n\t\t\t\t<div class=\"elementor-widget-container\">\n\t\t\t\t\t<h1 class=\"elementor-heading-title elementor-size-default\">Interior Offensive Linemen 2025<\/h1>\t\t\t\t<\/div>\n\t\t\t\t<\/div>\n\t\t\t\t\t<\/div>\n\t\t<\/div>\n\t\t\t\t\t<\/div>\n\t\t<\/section>\n\t\t\t\t<section class=\"elementor-section elementor-top-section elementor-element elementor-element-89fa64b elementor-section-boxed elementor-section-height-default elementor-section-height-default\" data-id=\"89fa64b\" data-element_type=\"section\" data-e-type=\"section\">\n\t\t\t\t\t\t<div class=\"elementor-container elementor-column-gap-default\">\n\t\t\t\t\t<div class=\"elementor-column elementor-col-100 elementor-top-column elementor-element elementor-element-1a2b239\" data-id=\"1a2b239\" data-element_type=\"column\" data-e-type=\"column\">\n\t\t\t<div class=\"elementor-widget-wrap elementor-element-populated\">\n\t\t\t\t\t\t<div class=\"elementor-element elementor-element-63183c4 elementor-grid-3 elementor-grid-tablet-2 elementor-grid-mobile-1 elementor-posts--thumbnail-top elementor-posts--show-avatar elementor-card-shadow-yes elementor-posts__hover-gradient elementor-widget elementor-widget-posts\" data-id=\"63183c4\" data-element_type=\"widget\" data-e-type=\"widget\" data-settings=\"{&quot;cards_masonry&quot;:&quot;yes&quot;,&quot;cards_columns&quot;:&quot;3&quot;,&quot;cards_columns_tablet&quot;:&quot;2&quot;,&quot;cards_columns_mobile&quot;:&quot;1&quot;,&quot;cards_row_gap&quot;:{&quot;unit&quot;:&quot;px&quot;,&quot;size&quot;:35,&quot;sizes&quot;:[]},&quot;cards_row_gap_tablet&quot;:{&quot;unit&quot;:&quot;px&quot;,&quot;size&quot;:&quot;&quot;,&quot;sizes&quot;:[]},&quot;cards_row_gap_mobile&quot;:{&quot;unit&quot;:&quot;px&quot;,&quot;size&quot;:&quot;&quot;,&quot;sizes&quot;:[]}}\" data-widget_type=\"posts.cards\">\n\t\t\t\t<div class=\"elementor-widget-container\">\n\t\t\t\t\t\t\t<div class=\"elementor-posts-container elementor-posts elementor-posts--skin-cards elementor-grid\" role=\"list\">\n\t\t\t\t<article class=\"elementor-post elementor-grid-item post-24240 post type-post status-publish format-standard has-post-thumbnail hentry category-iol-2025 category-scouting-2025 tag-draft tag-georgia tag-iol tag-nfl-draft tag-scouting tag-sec\" role=\"listitem\">\n\t\t\t<div class=\"elementor-post__card\">\n\t\t\t\t<a class=\"elementor-post__thumbnail__link\" href=\"https:\/\/www.thetrickplay.fr\/en\/tate-ratledge-iol-georgia-senior\/\" tabindex=\"-1\" ><div class=\"elementor-post__thumbnail\"><img fetchpriority=\"high\" decoding=\"async\" width=\"1024\" height=\"1024\" src=\"https:\/\/www.thetrickplay.fr\/wp-content\/uploads\/2025\/04\/tate-ratledge.webp\" class=\"attachment-full size-full wp-image-25099\" alt=\"\" srcset=\"https:\/\/www.thetrickplay.fr\/wp-content\/uploads\/2025\/04\/tate-ratledge.webp 1024w, https:\/\/www.thetrickplay.fr\/wp-content\/uploads\/2025\/04\/tate-ratledge-300x300.webp 300w, https:\/\/www.thetrickplay.fr\/wp-content\/uploads\/2025\/04\/tate-ratledge-150x150.webp 150w, https:\/\/www.thetrickplay.fr\/wp-content\/uploads\/2025\/04\/tate-ratledge-768x768.webp 768w, https:\/\/www.thetrickplay.fr\/wp-content\/uploads\/2025\/04\/tate-ratledge-12x12.webp 12w\" sizes=\"(max-width: 1024px) 100vw, 1024px\" \/><\/div><\/a>\n\t\t\t\t<div class=\"elementor-post__avatar\">\n\t\t\t<img alt='Rayane M' src='https:\/\/secure.gravatar.com\/avatar\/74e091b72c012ca108806852792d0ba03ccc2c2b8a2ae663067d63e6a8a37d63?s=128&#038;d=mm&#038;r=g' srcset='https:\/\/secure.gravatar.com\/avatar\/74e091b72c012ca108806852792d0ba03ccc2c2b8a2ae663067d63e6a8a37d63?s=256&#038;d=mm&#038;r=g 2x' class='avatar avatar-128 photo' height='128' width='128' \/>\t\t<\/div>\n\t\t\t\t<div class=\"elementor-post__text\">\n\t\t\t\t<h3 class=\"elementor-post__title\">\n\t\t\t<a href=\"https:\/\/www.thetrickplay.fr\/en\/tate-ratledge-iol-georgia-senior\/\" >\n\t\t\t\tTate Ratledge, IOL, Georgia (Senior)\t\t\t<\/a>\n\t\t<\/h3>\n\t\t\t\t<div class=\"elementor-post__excerpt\">\n\t\t\t<p>Tate Ratledge, IOL, Georgia (Senior) La Draft NFL 2025 approche \u00e0 grand pas et malgr\u00e9 une cuv\u00e9e qui de prime<\/p>\n\t\t<\/div>\n\t\t\n\t\t<a class=\"elementor-post__read-more\" href=\"https:\/\/www.thetrickplay.fr\/en\/tate-ratledge-iol-georgia-senior\/\" aria-label=\"Read more about Tate Ratledge, IOL, Georgia (Senior)\" tabindex=\"-1\" >\n\t\t\tRead the report\t\t<\/a>\n\n\t\t\t\t<\/div>\n\t\t\t\t<div class=\"elementor-post__meta-data\">\n\t\t\t\t\t<span class=\"elementor-post-author\">\n\t\t\tRayane M\t\t<\/span>\n\t\t\t\t<span class=\"elementor-post-date\">\n\t\t\t20 April 2025\t\t<\/span>\n\t\t\t\t<\/div>\n\t\t\t\t\t<\/div>\n\t\t<\/article>\n\t\t\t\t<article class=\"elementor-post elementor-grid-item post-24248 post type-post status-publish format-standard has-post-thumbnail hentry category-iol-2025 category-scouting-2025 tag-draft tag-georgia tag-iol tag-nfl-draft tag-scouting tag-sec\" role=\"listitem\">\n\t\t\t<div class=\"elementor-post__card\">\n\t\t\t\t<a class=\"elementor-post__thumbnail__link\" href=\"https:\/\/www.thetrickplay.fr\/en\/jared-wilson-iol-georgia-junior\/\" tabindex=\"-1\" ><div class=\"elementor-post__thumbnail\"><img decoding=\"async\" width=\"1024\" height=\"1024\" src=\"https:\/\/www.thetrickplay.fr\/wp-content\/uploads\/2025\/04\/JARED-WILSON.jpg\" class=\"attachment-full size-full wp-image-24591\" alt=\"\" srcset=\"https:\/\/www.thetrickplay.fr\/wp-content\/uploads\/2025\/04\/JARED-WILSON.jpg 1024w, https:\/\/www.thetrickplay.fr\/wp-content\/uploads\/2025\/04\/JARED-WILSON-300x300.jpg 300w, https:\/\/www.thetrickplay.fr\/wp-content\/uploads\/2025\/04\/JARED-WILSON-150x150.jpg 150w, https:\/\/www.thetrickplay.fr\/wp-content\/uploads\/2025\/04\/JARED-WILSON-768x768.jpg 768w, https:\/\/www.thetrickplay.fr\/wp-content\/uploads\/2025\/04\/JARED-WILSON-12x12.jpg 12w\" sizes=\"(max-width: 1024px) 100vw, 1024px\" \/><\/div><\/a>\n\t\t\t\t<div class=\"elementor-post__avatar\">\n\t\t\t<img alt='Rayane M' src='https:\/\/secure.gravatar.com\/avatar\/74e091b72c012ca108806852792d0ba03ccc2c2b8a2ae663067d63e6a8a37d63?s=128&#038;d=mm&#038;r=g' srcset='https:\/\/secure.gravatar.com\/avatar\/74e091b72c012ca108806852792d0ba03ccc2c2b8a2ae663067d63e6a8a37d63?s=256&#038;d=mm&#038;r=g 2x' class='avatar avatar-128 photo' height='128' width='128' \/>\t\t<\/div>\n\t\t\t\t<div class=\"elementor-post__text\">\n\t\t\t\t<h3 class=\"elementor-post__title\">\n\t\t\t<a href=\"https:\/\/www.thetrickplay.fr\/en\/jared-wilson-iol-georgia-junior\/\" >\n\t\t\t\tJared Wilson, IOL, Georgia (Junior)\t\t\t<\/a>\n\t\t<\/h3>\n\t\t\t\t<div class=\"elementor-post__excerpt\">\n\t\t\t<p>Jared Wilson, IOL, Georgia (Junior) La Draft NFL 2025 approche \u00e0 grand pas et malgr\u00e9 une cuv\u00e9e qui de prime<\/p>\n\t\t<\/div>\n\t\t\n\t\t<a class=\"elementor-post__read-more\" href=\"https:\/\/www.thetrickplay.fr\/en\/jared-wilson-iol-georgia-junior\/\" aria-label=\"Read more about Jared Wilson, IOL, Georgia (Junior)\" tabindex=\"-1\" >\n\t\t\tRead the report\t\t<\/a>\n\n\t\t\t\t<\/div>\n\t\t\t\t<div class=\"elementor-post__meta-data\">\n\t\t\t\t\t<span class=\"elementor-post-author\">\n\t\t\tRayane M\t\t<\/span>\n\t\t\t\t<span class=\"elementor-post-date\">\n\t\t\t19 April 2025\t\t<\/span>\n\t\t\t\t<\/div>\n\t\t\t\t\t<\/div>\n\t\t<\/article>\n\t\t\t\t<article class=\"elementor-post elementor-grid-item post-24220 post type-post status-publish format-standard has-post-thumbnail hentry category-iol-2025 category-scouting-2025 tag-alabama tag-draft tag-interior-linemen tag-nfl-draft tag-scouting tag-sec\" role=\"listitem\">\n\t\t\t<div class=\"elementor-post__card\">\n\t\t\t\t<a class=\"elementor-post__thumbnail__link\" href=\"https:\/\/www.thetrickplay.fr\/en\/tyler-booker-iol-alabama-junior\/\" tabindex=\"-1\" ><div class=\"elementor-post__thumbnail\"><img decoding=\"async\" width=\"1024\" height=\"1024\" src=\"https:\/\/www.thetrickplay.fr\/wp-content\/uploads\/2025\/04\/TYLER-BOOKER.jpg\" class=\"attachment-full size-full wp-image-24484\" alt=\"\" srcset=\"https:\/\/www.thetrickplay.fr\/wp-content\/uploads\/2025\/04\/TYLER-BOOKER.jpg 1024w, https:\/\/www.thetrickplay.fr\/wp-content\/uploads\/2025\/04\/TYLER-BOOKER-300x300.jpg 300w, https:\/\/www.thetrickplay.fr\/wp-content\/uploads\/2025\/04\/TYLER-BOOKER-150x150.jpg 150w, https:\/\/www.thetrickplay.fr\/wp-content\/uploads\/2025\/04\/TYLER-BOOKER-768x768.jpg 768w, https:\/\/www.thetrickplay.fr\/wp-content\/uploads\/2025\/04\/TYLER-BOOKER-12x12.jpg 12w\" sizes=\"(max-width: 1024px) 100vw, 1024px\" \/><\/div><\/a>\n\t\t\t\t<div class=\"elementor-post__avatar\">\n\t\t\t<img alt='Rayane M' src='https:\/\/secure.gravatar.com\/avatar\/74e091b72c012ca108806852792d0ba03ccc2c2b8a2ae663067d63e6a8a37d63?s=128&#038;d=mm&#038;r=g' srcset='https:\/\/secure.gravatar.com\/avatar\/74e091b72c012ca108806852792d0ba03ccc2c2b8a2ae663067d63e6a8a37d63?s=256&#038;d=mm&#038;r=g 2x' class='avatar avatar-128 photo' height='128' width='128' \/>\t\t<\/div>\n\t\t\t\t<div class=\"elementor-post__text\">\n\t\t\t\t<h3 class=\"elementor-post__title\">\n\t\t\t<a href=\"https:\/\/www.thetrickplay.fr\/en\/tyler-booker-iol-alabama-junior\/\" >\n\t\t\t\tTyler Booker, IOL, Alabama (Junior)\t\t\t<\/a>\n\t\t<\/h3>\n\t\t\t\t<div class=\"elementor-post__excerpt\">\n\t\t\t<p>Tyler Booker, IOL, Alabama (Junior) La Draft NFL 2025 approche \u00e0 grand pas et malgr\u00e9 une cuv\u00e9e qui de prime<\/p>\n\t\t<\/div>\n\t\t\n\t\t<a class=\"elementor-post__read-more\" href=\"https:\/\/www.thetrickplay.fr\/en\/tyler-booker-iol-alabama-junior\/\" aria-label=\"Read more about Tyler Booker, IOL, Alabama (Junior)\" tabindex=\"-1\" >\n\t\t\tRead the report\t\t<\/a>\n\n\t\t\t\t<\/div>\n\t\t\t\t<div class=\"elementor-post__meta-data\">\n\t\t\t\t\t<span class=\"elementor-post-author\">\n\t\t\tRayane M\t\t<\/span>\n\t\t\t\t<span class=\"elementor-post-date\">\n\t\t\t18 April 2025\t\t<\/span>\n\t\t\t\t<\/div>\n\t\t\t\t\t<\/div>\n\t\t<\/article>\n\t\t\t\t<article class=\"elementor-post elementor-grid-item post-21806 post type-post status-publish format-standard has-post-thumbnail hentry category-iol-2025 category-scouting-2025 tag-draft tag-iol tag-nfl-draft tag-oregon-state tag-pac-12 tag-scouting\" role=\"listitem\">\n\t\t\t<div class=\"elementor-post__card\">\n\t\t\t\t<a class=\"elementor-post__thumbnail__link\" href=\"https:\/\/www.thetrickplay.fr\/en\/joshua-gray-iol-oregon-state-junior\/\" tabindex=\"-1\" ><div class=\"elementor-post__thumbnail\"><img loading=\"lazy\" decoding=\"async\" width=\"1024\" height=\"1024\" src=\"https:\/\/www.thetrickplay.fr\/wp-content\/uploads\/2025\/04\/JOSHUA-GRAY.jpg\" class=\"attachment-full size-full wp-image-24486\" alt=\"\" srcset=\"https:\/\/www.thetrickplay.fr\/wp-content\/uploads\/2025\/04\/JOSHUA-GRAY.jpg 1024w, https:\/\/www.thetrickplay.fr\/wp-content\/uploads\/2025\/04\/JOSHUA-GRAY-300x300.jpg 300w, https:\/\/www.thetrickplay.fr\/wp-content\/uploads\/2025\/04\/JOSHUA-GRAY-150x150.jpg 150w, https:\/\/www.thetrickplay.fr\/wp-content\/uploads\/2025\/04\/JOSHUA-GRAY-768x768.jpg 768w, https:\/\/www.thetrickplay.fr\/wp-content\/uploads\/2025\/04\/JOSHUA-GRAY-12x12.jpg 12w\" sizes=\"(max-width: 1024px) 100vw, 1024px\" \/><\/div><\/a>\n\t\t\t\t<div class=\"elementor-post__avatar\">\n\t\t\t<img alt='Rayane M' src='https:\/\/secure.gravatar.com\/avatar\/74e091b72c012ca108806852792d0ba03ccc2c2b8a2ae663067d63e6a8a37d63?s=128&#038;d=mm&#038;r=g' srcset='https:\/\/secure.gravatar.com\/avatar\/74e091b72c012ca108806852792d0ba03ccc2c2b8a2ae663067d63e6a8a37d63?s=256&#038;d=mm&#038;r=g 2x' class='avatar avatar-128 photo' height='128' width='128' \/>\t\t<\/div>\n\t\t\t\t<div class=\"elementor-post__text\">\n\t\t\t\t<h3 class=\"elementor-post__title\">\n\t\t\t<a href=\"https:\/\/www.thetrickplay.fr\/en\/joshua-gray-iol-oregon-state-junior\/\" >\n\t\t\t\tJoshua Gray, IOL, Oregon State (Senior)\t\t\t<\/a>\n\t\t<\/h3>\n\t\t\t\t<div class=\"elementor-post__excerpt\">\n\t\t\t<p>Joshua Gray, IOL, Oregon State (Junior) La Draft NFL 2025 approche \u00e0 grand pas et malgr\u00e9 une cuv\u00e9e qui de<\/p>\n\t\t<\/div>\n\t\t\n\t\t<a class=\"elementor-post__read-more\" href=\"https:\/\/www.thetrickplay.fr\/en\/joshua-gray-iol-oregon-state-junior\/\" aria-label=\"Read more about Joshua Gray, IOL, Oregon State (Senior)\" tabindex=\"-1\" >\n\t\t\tRead the report\t\t<\/a>\n\n\t\t\t\t<\/div>\n\t\t\t\t<div class=\"elementor-post__meta-data\">\n\t\t\t\t\t<span class=\"elementor-post-author\">\n\t\t\tRayane M\t\t<\/span>\n\t\t\t\t<span class=\"elementor-post-date\">\n\t\t\t16 April 2025\t\t<\/span>\n\t\t\t\t<\/div>\n\t\t\t\t\t<\/div>\n\t\t<\/article>\n\t\t\t\t<\/div>\n\t\t\n\t\t\t\t\t\t<\/div>\n\t\t\t\t<\/div>\n\t\t\t\t\t<\/div>\n\t\t<\/div>\n\t\t\t\t\t<\/div>\n\t\t<\/section>\n\t\t\t\t<\/div>","protected":false},"excerpt":{"rendered":"<p>Interior Offensive Linemen 2025<\/p>","protected":false},"author":1,"featured_media":0,"parent":22560,"menu_order":0,"comment_status":"closed","ping_status":"closed","template":"","meta":{"footnotes":""},"class_list":["post-22607","page","type-page","status-publish","hentry"],"_links":{"self":[{"href":"https:\/\/www.thetrickplay.fr\/en\/wp-json\/wp\/v2\/pages\/22607","targetHints":{"allow":["GET"]}}],"collection":[{"href":"https:\/\/www.thetrickplay.fr\/en\/wp-json\/wp\/v2\/pages"}],"about":[{"href":"https:\/\/www.thetrickplay.fr\/en\/wp-json\/wp\/v2\/types\/page"}],"author":[{"embeddable":true,"href":"https:\/\/www.thetrickplay.fr\/en\/wp-json\/wp\/v2\/users\/1"}],"replies":[{"embeddable":true,"href":"https:\/\/www.thetrickplay.fr\/en\/wp-json\/wp\/v2\/comments?post=22607"}],"version-history":[{"count":7,"href":"https:\/\/www.thetrickplay.fr\/en\/wp-json\/wp\/v2\/pages\/22607\/revisions"}],"predecessor-version":[{"id":22649,"href":"https:\/\/www.thetrickplay.fr\/en\/wp-json\/wp\/v2\/pages\/22607\/revisions\/22649"}],"up":[{"embeddable":true,"href":"https:\/\/www.thetrickplay.fr\/en\/wp-json\/wp\/v2\/pages\/22560"}],"wp:attachment":[{"href":"https:\/\/www.thetrickplay.fr\/en\/wp-json\/wp\/v2\/media?parent=22607"}],"curies":[{"name":"wp","href":"https:\/\/api.w.org\/{rel}","templated":true}]}}