{"id":22597,"date":"2025-03-05T17:45:17","date_gmt":"2025-03-05T16:45:17","guid":{"rendered":"https:\/\/www.thetrickplay.fr\/?page_id=22597"},"modified":"2025-03-05T18:09:40","modified_gmt":"2025-03-05T17:09:40","slug":"wide-receivers-2025","status":"publish","type":"page","link":"https:\/\/www.thetrickplay.fr\/en\/les-profils-de-draft-2025\/wide-receivers-2025\/","title":{"rendered":"Wide Receivers 2025"},"content":{"rendered":"<div data-elementor-type=\"wp-page\" data-elementor-id=\"22597\" class=\"elementor elementor-22597\" data-elementor-post-type=\"page\">\n\t\t\t\t\t\t<section class=\"elementor-section elementor-top-section elementor-element elementor-element-bea9ead elementor-section-boxed elementor-section-height-default elementor-section-height-default\" data-id=\"bea9ead\" data-element_type=\"section\" data-e-type=\"section\">\n\t\t\t\t\t\t<div class=\"elementor-container elementor-column-gap-default\">\n\t\t\t\t\t<div class=\"elementor-column elementor-col-100 elementor-top-column elementor-element elementor-element-6d986a5\" data-id=\"6d986a5\" data-element_type=\"column\" data-e-type=\"column\">\n\t\t\t<div class=\"elementor-widget-wrap elementor-element-populated\">\n\t\t\t\t\t\t<div class=\"elementor-element elementor-element-e410d49 elementor-widget elementor-widget-heading\" data-id=\"e410d49\" data-element_type=\"widget\" data-e-type=\"widget\" data-widget_type=\"heading.default\">\n\t\t\t\t<div class=\"elementor-widget-container\">\n\t\t\t\t\t<h1 class=\"elementor-heading-title elementor-size-default\">Wide Receivers 2025<\/h1>\t\t\t\t<\/div>\n\t\t\t\t<\/div>\n\t\t\t\t\t<\/div>\n\t\t<\/div>\n\t\t\t\t\t<\/div>\n\t\t<\/section>\n\t\t\t\t<section class=\"elementor-section elementor-top-section elementor-element elementor-element-a5a661d elementor-section-boxed elementor-section-height-default elementor-section-height-default\" data-id=\"a5a661d\" data-element_type=\"section\" data-e-type=\"section\">\n\t\t\t\t\t\t<div class=\"elementor-container elementor-column-gap-default\">\n\t\t\t\t\t<div class=\"elementor-column elementor-col-100 elementor-top-column elementor-element elementor-element-3c5f977\" data-id=\"3c5f977\" data-element_type=\"column\" data-e-type=\"column\">\n\t\t\t<div class=\"elementor-widget-wrap elementor-element-populated\">\n\t\t\t\t\t\t<div class=\"elementor-element elementor-element-507b3fc elementor-grid-3 elementor-grid-tablet-2 elementor-grid-mobile-1 elementor-posts--thumbnail-top elementor-posts--show-avatar elementor-card-shadow-yes elementor-posts__hover-gradient elementor-widget elementor-widget-posts\" data-id=\"507b3fc\" data-element_type=\"widget\" data-e-type=\"widget\" data-settings=\"{&quot;cards_masonry&quot;:&quot;yes&quot;,&quot;cards_columns&quot;:&quot;3&quot;,&quot;cards_columns_tablet&quot;:&quot;2&quot;,&quot;cards_columns_mobile&quot;:&quot;1&quot;,&quot;cards_row_gap&quot;:{&quot;unit&quot;:&quot;px&quot;,&quot;size&quot;:35,&quot;sizes&quot;:[]},&quot;cards_row_gap_tablet&quot;:{&quot;unit&quot;:&quot;px&quot;,&quot;size&quot;:&quot;&quot;,&quot;sizes&quot;:[]},&quot;cards_row_gap_mobile&quot;:{&quot;unit&quot;:&quot;px&quot;,&quot;size&quot;:&quot;&quot;,&quot;sizes&quot;:[]}}\" data-widget_type=\"posts.cards\">\n\t\t\t\t<div class=\"elementor-widget-container\">\n\t\t\t\t\t\t\t<div class=\"elementor-posts-container elementor-posts elementor-posts--skin-cards elementor-grid\" role=\"list\">\n\t\t\t\t<article class=\"elementor-post elementor-grid-item post-24681 post type-post status-publish format-standard has-post-thumbnail hentry category-scouting-2025 category-wr-2025 tag-draft tag-matthew tag-ncaa tag-nfl-draft tag-scouting tag-sec tag-texas tag-wr\" role=\"listitem\">\n\t\t\t<div class=\"elementor-post__card\">\n\t\t\t\t<a class=\"elementor-post__thumbnail__link\" href=\"https:\/\/www.thetrickplay.fr\/en\/matthew-golden-wr-texas-junior\/\" tabindex=\"-1\" ><div class=\"elementor-post__thumbnail\"><img fetchpriority=\"high\" decoding=\"async\" width=\"1024\" height=\"1024\" src=\"https:\/\/www.thetrickplay.fr\/wp-content\/uploads\/2025\/04\/MATTHEW-GOLDEN.jpg\" class=\"attachment-full size-full wp-image-24329\" alt=\"\" srcset=\"https:\/\/www.thetrickplay.fr\/wp-content\/uploads\/2025\/04\/MATTHEW-GOLDEN.jpg 1024w, https:\/\/www.thetrickplay.fr\/wp-content\/uploads\/2025\/04\/MATTHEW-GOLDEN-300x300.jpg 300w, https:\/\/www.thetrickplay.fr\/wp-content\/uploads\/2025\/04\/MATTHEW-GOLDEN-150x150.jpg 150w, https:\/\/www.thetrickplay.fr\/wp-content\/uploads\/2025\/04\/MATTHEW-GOLDEN-768x768.jpg 768w, https:\/\/www.thetrickplay.fr\/wp-content\/uploads\/2025\/04\/MATTHEW-GOLDEN-12x12.jpg 12w\" sizes=\"(max-width: 1024px) 100vw, 1024px\" \/><\/div><\/a>\n\t\t\t\t<div class=\"elementor-post__avatar\">\n\t\t\t<img alt='Valentin' src='https:\/\/secure.gravatar.com\/avatar\/bf0d43f03aab8c517c34d517522f879770b7efc868f73d43a70851abf88ee0cc?s=128&#038;d=mm&#038;r=g' srcset='https:\/\/secure.gravatar.com\/avatar\/bf0d43f03aab8c517c34d517522f879770b7efc868f73d43a70851abf88ee0cc?s=256&#038;d=mm&#038;r=g 2x' class='avatar avatar-128 photo' height='128' width='128' \/>\t\t<\/div>\n\t\t\t\t<div class=\"elementor-post__text\">\n\t\t\t\t<h3 class=\"elementor-post__title\">\n\t\t\t<a href=\"https:\/\/www.thetrickplay.fr\/en\/matthew-golden-wr-texas-junior\/\" >\n\t\t\t\tMatthew Golden, WR, Texas (Junior)\t\t\t<\/a>\n\t\t<\/h3>\n\t\t\t\t<div class=\"elementor-post__excerpt\">\n\t\t\t<p>Matthew Golden, WR, Texas (Junior) La Draft NFL 2025 approche \u00e0 grand pas et malgr\u00e9 une cuv\u00e9e qui de prime<\/p>\n\t\t<\/div>\n\t\t\n\t\t<a class=\"elementor-post__read-more\" href=\"https:\/\/www.thetrickplay.fr\/en\/matthew-golden-wr-texas-junior\/\" aria-label=\"Read more about Matthew Golden, WR, Texas (Junior)\" tabindex=\"-1\" >\n\t\t\tRead the report\t\t<\/a>\n\n\t\t\t\t<\/div>\n\t\t\t\t<div class=\"elementor-post__meta-data\">\n\t\t\t\t\t<span class=\"elementor-post-author\">\n\t\t\tValentin\t\t<\/span>\n\t\t\t\t<span class=\"elementor-post-date\">\n\t\t\t20 April 2025\t\t<\/span>\n\t\t\t\t<\/div>\n\t\t\t\t\t<\/div>\n\t\t<\/article>\n\t\t\t\t<article class=\"elementor-post elementor-grid-item post-24675 post type-post status-publish format-standard has-post-thumbnail hentry category-scouting-2025 category-wr-2025 tag-burden tag-draft tag-missouri tag-ncaa tag-nfl-draft tag-scouting tag-sec tag-wr\" role=\"listitem\">\n\t\t\t<div class=\"elementor-post__card\">\n\t\t\t\t<a class=\"elementor-post__thumbnail__link\" href=\"https:\/\/www.thetrickplay.fr\/en\/luther-burden-wr-missouri-junior\/\" tabindex=\"-1\" ><div class=\"elementor-post__thumbnail\"><img decoding=\"async\" width=\"1024\" height=\"1024\" src=\"https:\/\/www.thetrickplay.fr\/wp-content\/uploads\/2025\/04\/LUTHER-BURDEN-III.jpg\" class=\"attachment-full size-full wp-image-24328\" alt=\"\" srcset=\"https:\/\/www.thetrickplay.fr\/wp-content\/uploads\/2025\/04\/LUTHER-BURDEN-III.jpg 1024w, https:\/\/www.thetrickplay.fr\/wp-content\/uploads\/2025\/04\/LUTHER-BURDEN-III-300x300.jpg 300w, https:\/\/www.thetrickplay.fr\/wp-content\/uploads\/2025\/04\/LUTHER-BURDEN-III-150x150.jpg 150w, https:\/\/www.thetrickplay.fr\/wp-content\/uploads\/2025\/04\/LUTHER-BURDEN-III-768x768.jpg 768w, https:\/\/www.thetrickplay.fr\/wp-content\/uploads\/2025\/04\/LUTHER-BURDEN-III-12x12.jpg 12w\" sizes=\"(max-width: 1024px) 100vw, 1024px\" \/><\/div><\/a>\n\t\t\t\t<div class=\"elementor-post__avatar\">\n\t\t\t<img alt='Valentin' src='https:\/\/secure.gravatar.com\/avatar\/bf0d43f03aab8c517c34d517522f879770b7efc868f73d43a70851abf88ee0cc?s=128&#038;d=mm&#038;r=g' srcset='https:\/\/secure.gravatar.com\/avatar\/bf0d43f03aab8c517c34d517522f879770b7efc868f73d43a70851abf88ee0cc?s=256&#038;d=mm&#038;r=g 2x' class='avatar avatar-128 photo' height='128' width='128' \/>\t\t<\/div>\n\t\t\t\t<div class=\"elementor-post__text\">\n\t\t\t\t<h3 class=\"elementor-post__title\">\n\t\t\t<a href=\"https:\/\/www.thetrickplay.fr\/en\/luther-burden-wr-missouri-junior\/\" >\n\t\t\t\tLuther Burden III, WR, Missouri (Junior)\t\t\t<\/a>\n\t\t<\/h3>\n\t\t\t\t<div class=\"elementor-post__excerpt\">\n\t\t\t<p>Luther Burden III, WR, Missouri (Junior) La Draft NFL 2025 approche \u00e0 grand pas et malgr\u00e9 une cuv\u00e9e qui de<\/p>\n\t\t<\/div>\n\t\t\n\t\t<a class=\"elementor-post__read-more\" href=\"https:\/\/www.thetrickplay.fr\/en\/luther-burden-wr-missouri-junior\/\" aria-label=\"Read more about Luther Burden III, WR, Missouri (Junior)\" tabindex=\"-1\" >\n\t\t\tRead the report\t\t<\/a>\n\n\t\t\t\t<\/div>\n\t\t\t\t<div class=\"elementor-post__meta-data\">\n\t\t\t\t\t<span class=\"elementor-post-author\">\n\t\t\tValentin\t\t<\/span>\n\t\t\t\t<span class=\"elementor-post-date\">\n\t\t\t19 April 2025\t\t<\/span>\n\t\t\t\t<\/div>\n\t\t\t\t\t<\/div>\n\t\t<\/article>\n\t\t\t\t<article class=\"elementor-post elementor-grid-item post-24670 post type-post status-publish format-standard has-post-thumbnail hentry category-scouting-2025 category-wr-2025 tag-draft tag-egbuka tag-emeka tag-ncaa tag-nfl-draft tag-ohio-state tag-scouting tag-wr\" role=\"listitem\">\n\t\t\t<div class=\"elementor-post__card\">\n\t\t\t\t<a class=\"elementor-post__thumbnail__link\" href=\"https:\/\/www.thetrickplay.fr\/en\/emeka-egbuka-wr-ohio-state-senior\/\" tabindex=\"-1\" ><div class=\"elementor-post__thumbnail\"><img decoding=\"async\" width=\"1024\" height=\"1024\" src=\"https:\/\/www.thetrickplay.fr\/wp-content\/uploads\/2025\/04\/EMEKA-EGBUKA.jpg\" class=\"attachment-full size-full wp-image-24327\" alt=\"\" srcset=\"https:\/\/www.thetrickplay.fr\/wp-content\/uploads\/2025\/04\/EMEKA-EGBUKA.jpg 1024w, https:\/\/www.thetrickplay.fr\/wp-content\/uploads\/2025\/04\/EMEKA-EGBUKA-300x300.jpg 300w, https:\/\/www.thetrickplay.fr\/wp-content\/uploads\/2025\/04\/EMEKA-EGBUKA-150x150.jpg 150w, https:\/\/www.thetrickplay.fr\/wp-content\/uploads\/2025\/04\/EMEKA-EGBUKA-768x768.jpg 768w, https:\/\/www.thetrickplay.fr\/wp-content\/uploads\/2025\/04\/EMEKA-EGBUKA-12x12.jpg 12w\" sizes=\"(max-width: 1024px) 100vw, 1024px\" \/><\/div><\/a>\n\t\t\t\t<div class=\"elementor-post__avatar\">\n\t\t\t<img alt='Valentin' src='https:\/\/secure.gravatar.com\/avatar\/bf0d43f03aab8c517c34d517522f879770b7efc868f73d43a70851abf88ee0cc?s=128&#038;d=mm&#038;r=g' srcset='https:\/\/secure.gravatar.com\/avatar\/bf0d43f03aab8c517c34d517522f879770b7efc868f73d43a70851abf88ee0cc?s=256&#038;d=mm&#038;r=g 2x' class='avatar avatar-128 photo' height='128' width='128' \/>\t\t<\/div>\n\t\t\t\t<div class=\"elementor-post__text\">\n\t\t\t\t<h3 class=\"elementor-post__title\">\n\t\t\t<a href=\"https:\/\/www.thetrickplay.fr\/en\/emeka-egbuka-wr-ohio-state-senior\/\" >\n\t\t\t\tEmeka Egbuka, WR, Ohio State (Senior)\t\t\t<\/a>\n\t\t<\/h3>\n\t\t\t\t<div class=\"elementor-post__excerpt\">\n\t\t\t<p>Emeka Egbuka, WR, Ohio State (Senior) La Draft NFL 2025 approche \u00e0 grand pas et malgr\u00e9 une cuv\u00e9e qui de<\/p>\n\t\t<\/div>\n\t\t\n\t\t<a class=\"elementor-post__read-more\" href=\"https:\/\/www.thetrickplay.fr\/en\/emeka-egbuka-wr-ohio-state-senior\/\" aria-label=\"Read more about Emeka Egbuka, WR, Ohio State (Senior)\" tabindex=\"-1\" >\n\t\t\tRead the report\t\t<\/a>\n\n\t\t\t\t<\/div>\n\t\t\t\t<div class=\"elementor-post__meta-data\">\n\t\t\t\t\t<span class=\"elementor-post-author\">\n\t\t\tValentin\t\t<\/span>\n\t\t\t\t<span class=\"elementor-post-date\">\n\t\t\t18 April 2025\t\t<\/span>\n\t\t\t\t<\/div>\n\t\t\t\t\t<\/div>\n\t\t<\/article>\n\t\t\t\t<article class=\"elementor-post elementor-grid-item post-24665 post type-post status-publish format-standard has-post-thumbnail hentry category-scouting-2025 category-wr-2025 tag-draft tag-ncaa tag-nfl-draft tag-savion tag-scouting tag-tcu tag-williams tag-wr\" role=\"listitem\">\n\t\t\t<div class=\"elementor-post__card\">\n\t\t\t\t<a class=\"elementor-post__thumbnail__link\" href=\"https:\/\/www.thetrickplay.fr\/en\/savion-williams-wr-tcu-senior\/\" tabindex=\"-1\" ><div class=\"elementor-post__thumbnail\"><img loading=\"lazy\" decoding=\"async\" width=\"1024\" height=\"1024\" src=\"https:\/\/www.thetrickplay.fr\/wp-content\/uploads\/2025\/04\/SAVION-WILLIAMS.jpg\" class=\"attachment-full size-full wp-image-24326\" alt=\"\" srcset=\"https:\/\/www.thetrickplay.fr\/wp-content\/uploads\/2025\/04\/SAVION-WILLIAMS.jpg 1024w, https:\/\/www.thetrickplay.fr\/wp-content\/uploads\/2025\/04\/SAVION-WILLIAMS-300x300.jpg 300w, https:\/\/www.thetrickplay.fr\/wp-content\/uploads\/2025\/04\/SAVION-WILLIAMS-150x150.jpg 150w, https:\/\/www.thetrickplay.fr\/wp-content\/uploads\/2025\/04\/SAVION-WILLIAMS-768x768.jpg 768w, https:\/\/www.thetrickplay.fr\/wp-content\/uploads\/2025\/04\/SAVION-WILLIAMS-12x12.jpg 12w\" sizes=\"(max-width: 1024px) 100vw, 1024px\" \/><\/div><\/a>\n\t\t\t\t<div class=\"elementor-post__avatar\">\n\t\t\t<img alt='Valentin' src='https:\/\/secure.gravatar.com\/avatar\/bf0d43f03aab8c517c34d517522f879770b7efc868f73d43a70851abf88ee0cc?s=128&#038;d=mm&#038;r=g' srcset='https:\/\/secure.gravatar.com\/avatar\/bf0d43f03aab8c517c34d517522f879770b7efc868f73d43a70851abf88ee0cc?s=256&#038;d=mm&#038;r=g 2x' class='avatar avatar-128 photo' height='128' width='128' \/>\t\t<\/div>\n\t\t\t\t<div class=\"elementor-post__text\">\n\t\t\t\t<h3 class=\"elementor-post__title\">\n\t\t\t<a href=\"https:\/\/www.thetrickplay.fr\/en\/savion-williams-wr-tcu-senior\/\" >\n\t\t\t\tSavion Williams, WR, TCU (Senior)\t\t\t<\/a>\n\t\t<\/h3>\n\t\t\t\t<div class=\"elementor-post__excerpt\">\n\t\t\t<p>Savion Williams, WR, TCU (Senior) La Draft NFL 2025 approche \u00e0 grand pas et malgr\u00e9 une cuv\u00e9e qui de prime<\/p>\n\t\t<\/div>\n\t\t\n\t\t<a class=\"elementor-post__read-more\" href=\"https:\/\/www.thetrickplay.fr\/en\/savion-williams-wr-tcu-senior\/\" aria-label=\"Read more about Savion Williams, WR, TCU (Senior)\" tabindex=\"-1\" >\n\t\t\tRead the report\t\t<\/a>\n\n\t\t\t\t<\/div>\n\t\t\t\t<div class=\"elementor-post__meta-data\">\n\t\t\t\t\t<span class=\"elementor-post-author\">\n\t\t\tValentin\t\t<\/span>\n\t\t\t\t<span class=\"elementor-post-date\">\n\t\t\t17 April 2025\t\t<\/span>\n\t\t\t\t<\/div>\n\t\t\t\t\t<\/div>\n\t\t<\/article>\n\t\t\t\t<article class=\"elementor-post elementor-grid-item post-24660 post type-post status-publish format-standard has-post-thumbnail hentry category-scouting-2025 category-wr-2025 tag-bech tag-draft tag-jack tag-ncaa tag-nfl-draft tag-scouting tag-tcu tag-wr\" role=\"listitem\">\n\t\t\t<div class=\"elementor-post__card\">\n\t\t\t\t<a class=\"elementor-post__thumbnail__link\" href=\"https:\/\/www.thetrickplay.fr\/en\/jack-bech-wr-tcu-senior\/\" tabindex=\"-1\" ><div class=\"elementor-post__thumbnail\"><img loading=\"lazy\" decoding=\"async\" width=\"1024\" height=\"1024\" src=\"https:\/\/www.thetrickplay.fr\/wp-content\/uploads\/2025\/04\/JACK-BECH.jpg\" class=\"attachment-full size-full wp-image-24325\" alt=\"\" srcset=\"https:\/\/www.thetrickplay.fr\/wp-content\/uploads\/2025\/04\/JACK-BECH.jpg 1024w, https:\/\/www.thetrickplay.fr\/wp-content\/uploads\/2025\/04\/JACK-BECH-300x300.jpg 300w, https:\/\/www.thetrickplay.fr\/wp-content\/uploads\/2025\/04\/JACK-BECH-150x150.jpg 150w, https:\/\/www.thetrickplay.fr\/wp-content\/uploads\/2025\/04\/JACK-BECH-768x768.jpg 768w, https:\/\/www.thetrickplay.fr\/wp-content\/uploads\/2025\/04\/JACK-BECH-12x12.jpg 12w\" sizes=\"(max-width: 1024px) 100vw, 1024px\" \/><\/div><\/a>\n\t\t\t\t<div class=\"elementor-post__avatar\">\n\t\t\t<img alt='Valentin' src='https:\/\/secure.gravatar.com\/avatar\/bf0d43f03aab8c517c34d517522f879770b7efc868f73d43a70851abf88ee0cc?s=128&#038;d=mm&#038;r=g' srcset='https:\/\/secure.gravatar.com\/avatar\/bf0d43f03aab8c517c34d517522f879770b7efc868f73d43a70851abf88ee0cc?s=256&#038;d=mm&#038;r=g 2x' class='avatar avatar-128 photo' height='128' width='128' \/>\t\t<\/div>\n\t\t\t\t<div class=\"elementor-post__text\">\n\t\t\t\t<h3 class=\"elementor-post__title\">\n\t\t\t<a href=\"https:\/\/www.thetrickplay.fr\/en\/jack-bech-wr-tcu-senior\/\" >\n\t\t\t\tJack Bech, WR, TCU (Senior)\t\t\t<\/a>\n\t\t<\/h3>\n\t\t\t\t<div class=\"elementor-post__excerpt\">\n\t\t\t<p>Jack Bech, WR, TCU (Senior) La Draft NFL 2025 approche \u00e0 grand pas et malgr\u00e9 une cuv\u00e9e qui de prime<\/p>\n\t\t<\/div>\n\t\t\n\t\t<a class=\"elementor-post__read-more\" href=\"https:\/\/www.thetrickplay.fr\/en\/jack-bech-wr-tcu-senior\/\" aria-label=\"Read more about Jack Bech, WR, TCU (Senior)\" tabindex=\"-1\" >\n\t\t\tRead the report\t\t<\/a>\n\n\t\t\t\t<\/div>\n\t\t\t\t<div class=\"elementor-post__meta-data\">\n\t\t\t\t\t<span class=\"elementor-post-author\">\n\t\t\tValentin\t\t<\/span>\n\t\t\t\t<span class=\"elementor-post-date\">\n\t\t\t16 April 2025\t\t<\/span>\n\t\t\t\t<\/div>\n\t\t\t\t\t<\/div>\n\t\t<\/article>\n\t\t\t\t<article class=\"elementor-post elementor-grid-item post-24655 post type-post status-publish format-standard has-post-thumbnail hentry category-scouting-2025 category-wr-2025 tag-ayomanor tag-draft tag-elic tag-ncaa tag-nfl-draft tag-scouting tag-stanford tag-wr\" role=\"listitem\">\n\t\t\t<div class=\"elementor-post__card\">\n\t\t\t\t<a class=\"elementor-post__thumbnail__link\" href=\"https:\/\/www.thetrickplay.fr\/en\/elic-ayomanor-wr-stanford-senior\/\" tabindex=\"-1\" ><div class=\"elementor-post__thumbnail\"><img loading=\"lazy\" decoding=\"async\" width=\"1024\" height=\"1024\" src=\"https:\/\/www.thetrickplay.fr\/wp-content\/uploads\/2025\/04\/ELIC-AYOMANOR.jpg\" class=\"attachment-full size-full wp-image-24324\" alt=\"\" srcset=\"https:\/\/www.thetrickplay.fr\/wp-content\/uploads\/2025\/04\/ELIC-AYOMANOR.jpg 1024w, https:\/\/www.thetrickplay.fr\/wp-content\/uploads\/2025\/04\/ELIC-AYOMANOR-300x300.jpg 300w, https:\/\/www.thetrickplay.fr\/wp-content\/uploads\/2025\/04\/ELIC-AYOMANOR-150x150.jpg 150w, https:\/\/www.thetrickplay.fr\/wp-content\/uploads\/2025\/04\/ELIC-AYOMANOR-768x768.jpg 768w, https:\/\/www.thetrickplay.fr\/wp-content\/uploads\/2025\/04\/ELIC-AYOMANOR-12x12.jpg 12w\" sizes=\"(max-width: 1024px) 100vw, 1024px\" \/><\/div><\/a>\n\t\t\t\t<div class=\"elementor-post__avatar\">\n\t\t\t<img alt='Valentin' src='https:\/\/secure.gravatar.com\/avatar\/bf0d43f03aab8c517c34d517522f879770b7efc868f73d43a70851abf88ee0cc?s=128&#038;d=mm&#038;r=g' srcset='https:\/\/secure.gravatar.com\/avatar\/bf0d43f03aab8c517c34d517522f879770b7efc868f73d43a70851abf88ee0cc?s=256&#038;d=mm&#038;r=g 2x' class='avatar avatar-128 photo' height='128' width='128' \/>\t\t<\/div>\n\t\t\t\t<div class=\"elementor-post__text\">\n\t\t\t\t<h3 class=\"elementor-post__title\">\n\t\t\t<a href=\"https:\/\/www.thetrickplay.fr\/en\/elic-ayomanor-wr-stanford-senior\/\" >\n\t\t\t\tElic Ayomanor, WR, Stanford (Senior)\t\t\t<\/a>\n\t\t<\/h3>\n\t\t\t\t<div class=\"elementor-post__excerpt\">\n\t\t\t<p>Elic Ayomanor, WR, Stanford (Senior) La Draft NFL 2025 approche \u00e0 grand pas et malgr\u00e9 une cuv\u00e9e qui de prime<\/p>\n\t\t<\/div>\n\t\t\n\t\t<a class=\"elementor-post__read-more\" href=\"https:\/\/www.thetrickplay.fr\/en\/elic-ayomanor-wr-stanford-senior\/\" aria-label=\"Read more about Elic Ayomanor, WR, Stanford (Senior)\" tabindex=\"-1\" >\n\t\t\tRead the report\t\t<\/a>\n\n\t\t\t\t<\/div>\n\t\t\t\t<div class=\"elementor-post__meta-data\">\n\t\t\t\t\t<span class=\"elementor-post-author\">\n\t\t\tValentin\t\t<\/span>\n\t\t\t\t<span class=\"elementor-post-date\">\n\t\t\t15 April 2025\t\t<\/span>\n\t\t\t\t<\/div>\n\t\t\t\t\t<\/div>\n\t\t<\/article>\n\t\t\t\t<\/div>\n\t\t\n\t\t\t\t\t\t<\/div>\n\t\t\t\t<\/div>\n\t\t\t\t\t<\/div>\n\t\t<\/div>\n\t\t\t\t\t<\/div>\n\t\t<\/section>\n\t\t\t\t<\/div>","protected":false},"excerpt":{"rendered":"<p>Wide Receivers 2025<\/p>","protected":false},"author":1,"featured_media":0,"parent":22560,"menu_order":0,"comment_status":"closed","ping_status":"closed","template":"","meta":{"footnotes":""},"class_list":["post-22597","page","type-page","status-publish","hentry"],"_links":{"self":[{"href":"https:\/\/www.thetrickplay.fr\/en\/wp-json\/wp\/v2\/pages\/22597","targetHints":{"allow":["GET"]}}],"collection":[{"href":"https:\/\/www.thetrickplay.fr\/en\/wp-json\/wp\/v2\/pages"}],"about":[{"href":"https:\/\/www.thetrickplay.fr\/en\/wp-json\/wp\/v2\/types\/page"}],"author":[{"embeddable":true,"href":"https:\/\/www.thetrickplay.fr\/en\/wp-json\/wp\/v2\/users\/1"}],"replies":[{"embeddable":true,"href":"https:\/\/www.thetrickplay.fr\/en\/wp-json\/wp\/v2\/comments?post=22597"}],"version-history":[{"count":4,"href":"https:\/\/www.thetrickplay.fr\/en\/wp-json\/wp\/v2\/pages\/22597\/revisions"}],"predecessor-version":[{"id":22601,"href":"https:\/\/www.thetrickplay.fr\/en\/wp-json\/wp\/v2\/pages\/22597\/revisions\/22601"}],"up":[{"embeddable":true,"href":"https:\/\/www.thetrickplay.fr\/en\/wp-json\/wp\/v2\/pages\/22560"}],"wp:attachment":[{"href":"https:\/\/www.thetrickplay.fr\/en\/wp-json\/wp\/v2\/media?parent=22597"}],"curies":[{"name":"wp","href":"https:\/\/api.w.org\/{rel}","templated":true}]}}