{"id":22589,"date":"2025-03-05T17:33:15","date_gmt":"2025-03-05T16:33:15","guid":{"rendered":"https:\/\/www.thetrickplay.fr\/?page_id=22589"},"modified":"2025-03-05T18:21:19","modified_gmt":"2025-03-05T17:21:19","slug":"running-backs-2025","status":"publish","type":"page","link":"https:\/\/www.thetrickplay.fr\/en\/les-profils-de-draft-2025\/running-backs-2025\/","title":{"rendered":"Running-Backs 2025"},"content":{"rendered":"<div data-elementor-type=\"wp-page\" data-elementor-id=\"22589\" class=\"elementor elementor-22589\" data-elementor-post-type=\"page\">\n\t\t\t\t\t\t<section class=\"elementor-section elementor-top-section elementor-element elementor-element-b14e912 elementor-section-boxed elementor-section-height-default elementor-section-height-default\" data-id=\"b14e912\" data-element_type=\"section\" data-e-type=\"section\">\n\t\t\t\t\t\t<div class=\"elementor-container elementor-column-gap-default\">\n\t\t\t\t\t<div class=\"elementor-column elementor-col-100 elementor-top-column elementor-element elementor-element-88fe46c\" data-id=\"88fe46c\" data-element_type=\"column\" data-e-type=\"column\">\n\t\t\t<div class=\"elementor-widget-wrap elementor-element-populated\">\n\t\t\t\t\t\t<div class=\"elementor-element elementor-element-5b41d0c elementor-widget elementor-widget-heading\" data-id=\"5b41d0c\" data-element_type=\"widget\" data-e-type=\"widget\" data-widget_type=\"heading.default\">\n\t\t\t\t<div class=\"elementor-widget-container\">\n\t\t\t\t\t<h1 class=\"elementor-heading-title elementor-size-default\">Running Backs 2025<\/h1>\t\t\t\t<\/div>\n\t\t\t\t<\/div>\n\t\t\t\t\t<\/div>\n\t\t<\/div>\n\t\t\t\t\t<\/div>\n\t\t<\/section>\n\t\t\t\t<section class=\"elementor-section elementor-top-section elementor-element elementor-element-65a0eb2 elementor-section-boxed elementor-section-height-default elementor-section-height-default\" data-id=\"65a0eb2\" data-element_type=\"section\" data-e-type=\"section\">\n\t\t\t\t\t\t<div class=\"elementor-container elementor-column-gap-default\">\n\t\t\t\t\t<div class=\"elementor-column elementor-col-100 elementor-top-column elementor-element elementor-element-6ccde4c\" data-id=\"6ccde4c\" data-element_type=\"column\" data-e-type=\"column\">\n\t\t\t<div class=\"elementor-widget-wrap elementor-element-populated\">\n\t\t\t\t\t\t<div class=\"elementor-element elementor-element-a593944 elementor-grid-3 elementor-grid-tablet-2 elementor-grid-mobile-1 elementor-posts--thumbnail-top elementor-posts--show-avatar elementor-card-shadow-yes elementor-posts__hover-gradient elementor-widget elementor-widget-posts\" data-id=\"a593944\" data-element_type=\"widget\" data-e-type=\"widget\" data-settings=\"{&quot;cards_masonry&quot;:&quot;yes&quot;,&quot;cards_columns&quot;:&quot;3&quot;,&quot;cards_columns_tablet&quot;:&quot;2&quot;,&quot;cards_columns_mobile&quot;:&quot;1&quot;,&quot;cards_row_gap&quot;:{&quot;unit&quot;:&quot;px&quot;,&quot;size&quot;:35,&quot;sizes&quot;:[]},&quot;cards_row_gap_tablet&quot;:{&quot;unit&quot;:&quot;px&quot;,&quot;size&quot;:&quot;&quot;,&quot;sizes&quot;:[]},&quot;cards_row_gap_mobile&quot;:{&quot;unit&quot;:&quot;px&quot;,&quot;size&quot;:&quot;&quot;,&quot;sizes&quot;:[]}}\" data-widget_type=\"posts.cards\">\n\t\t\t\t<div class=\"elementor-widget-container\">\n\t\t\t\t\t\t\t<div class=\"elementor-posts-container elementor-posts elementor-posts--skin-cards elementor-grid\" role=\"list\">\n\t\t\t\t<article class=\"elementor-post elementor-grid-item post-24686 post type-post status-publish format-standard has-post-thumbnail hentry category-rb-2025 category-scouting-2025 tag-draft tag-harvey tag-ncaa tag-nfl-draft tag-rb tag-rj tag-scouting tag-ucf\" role=\"listitem\">\n\t\t\t<div class=\"elementor-post__card\">\n\t\t\t\t<a class=\"elementor-post__thumbnail__link\" href=\"https:\/\/www.thetrickplay.fr\/en\/rj-harvey-rb-ucf-senior\/\" tabindex=\"-1\" ><div class=\"elementor-post__thumbnail\"><img fetchpriority=\"high\" decoding=\"async\" width=\"1024\" height=\"1024\" src=\"https:\/\/www.thetrickplay.fr\/wp-content\/uploads\/2025\/04\/RJ-HARVEY.jpg\" class=\"attachment-full size-full wp-image-24330\" alt=\"\" srcset=\"https:\/\/www.thetrickplay.fr\/wp-content\/uploads\/2025\/04\/RJ-HARVEY.jpg 1024w, https:\/\/www.thetrickplay.fr\/wp-content\/uploads\/2025\/04\/RJ-HARVEY-300x300.jpg 300w, https:\/\/www.thetrickplay.fr\/wp-content\/uploads\/2025\/04\/RJ-HARVEY-150x150.jpg 150w, https:\/\/www.thetrickplay.fr\/wp-content\/uploads\/2025\/04\/RJ-HARVEY-768x768.jpg 768w, https:\/\/www.thetrickplay.fr\/wp-content\/uploads\/2025\/04\/RJ-HARVEY-12x12.jpg 12w\" sizes=\"(max-width: 1024px) 100vw, 1024px\" \/><\/div><\/a>\n\t\t\t\t<div class=\"elementor-post__avatar\">\n\t\t\t<img alt='Valentin' src='https:\/\/secure.gravatar.com\/avatar\/bf0d43f03aab8c517c34d517522f879770b7efc868f73d43a70851abf88ee0cc?s=128&#038;d=mm&#038;r=g' srcset='https:\/\/secure.gravatar.com\/avatar\/bf0d43f03aab8c517c34d517522f879770b7efc868f73d43a70851abf88ee0cc?s=256&#038;d=mm&#038;r=g 2x' class='avatar avatar-128 photo' height='128' width='128' \/>\t\t<\/div>\n\t\t\t\t<div class=\"elementor-post__text\">\n\t\t\t\t<h3 class=\"elementor-post__title\">\n\t\t\t<a href=\"https:\/\/www.thetrickplay.fr\/en\/rj-harvey-rb-ucf-senior\/\" >\n\t\t\t\tRJ Harvey, RB, UCF (Senior)\t\t\t<\/a>\n\t\t<\/h3>\n\t\t\t\t<div class=\"elementor-post__excerpt\">\n\t\t\t<p>RJ Harvey, RB, UCF (Senior) La Draft NFL 2025 approche \u00e0 grand pas et malgr\u00e9 une cuv\u00e9e qui de prime abord semblait manquer de talent,<\/p>\n\t\t<\/div>\n\t\t\n\t\t<a class=\"elementor-post__read-more\" href=\"https:\/\/www.thetrickplay.fr\/en\/rj-harvey-rb-ucf-senior\/\" aria-label=\"Read more about RJ Harvey, RB, UCF (Senior)\" tabindex=\"-1\" >\n\t\t\tRead the report\t\t<\/a>\n\n\t\t\t\t<\/div>\n\t\t\t\t<div class=\"elementor-post__meta-data\">\n\t\t\t\t\t<span class=\"elementor-post-author\">\n\t\t\tValentin\t\t<\/span>\n\t\t\t\t<span class=\"elementor-post-date\">\n\t\t\t21 April 2025\t\t<\/span>\n\t\t\t\t<\/div>\n\t\t\t\t\t<\/div>\n\t\t<\/article>\n\t\t\t\t<article class=\"elementor-post elementor-grid-item post-24285 post type-post status-publish format-standard has-post-thumbnail hentry category-rb-2025 category-scouting-2025 tag-draft tag-hampton tag-ncaa tag-nfl-draft tag-omarion tag-rb tag-scouting tag-unc\" role=\"listitem\">\n\t\t\t<div class=\"elementor-post__card\">\n\t\t\t\t<a class=\"elementor-post__thumbnail__link\" href=\"https:\/\/www.thetrickplay.fr\/en\/omarion-hampton-rb-north-carolina-junior\/\" tabindex=\"-1\" ><div class=\"elementor-post__thumbnail\"><img decoding=\"async\" width=\"1024\" height=\"1024\" src=\"https:\/\/www.thetrickplay.fr\/wp-content\/uploads\/2025\/03\/OMARION-HAMPTON.jpg\" class=\"attachment-full size-full wp-image-23718\" alt=\"\" srcset=\"https:\/\/www.thetrickplay.fr\/wp-content\/uploads\/2025\/03\/OMARION-HAMPTON.jpg 1024w, https:\/\/www.thetrickplay.fr\/wp-content\/uploads\/2025\/03\/OMARION-HAMPTON-300x300.jpg 300w, https:\/\/www.thetrickplay.fr\/wp-content\/uploads\/2025\/03\/OMARION-HAMPTON-150x150.jpg 150w, https:\/\/www.thetrickplay.fr\/wp-content\/uploads\/2025\/03\/OMARION-HAMPTON-768x768.jpg 768w, https:\/\/www.thetrickplay.fr\/wp-content\/uploads\/2025\/03\/OMARION-HAMPTON-12x12.jpg 12w\" sizes=\"(max-width: 1024px) 100vw, 1024px\" \/><\/div><\/a>\n\t\t\t\t<div class=\"elementor-post__avatar\">\n\t\t\t<img alt='Valentin' src='https:\/\/secure.gravatar.com\/avatar\/bf0d43f03aab8c517c34d517522f879770b7efc868f73d43a70851abf88ee0cc?s=128&#038;d=mm&#038;r=g' srcset='https:\/\/secure.gravatar.com\/avatar\/bf0d43f03aab8c517c34d517522f879770b7efc868f73d43a70851abf88ee0cc?s=256&#038;d=mm&#038;r=g 2x' class='avatar avatar-128 photo' height='128' width='128' \/>\t\t<\/div>\n\t\t\t\t<div class=\"elementor-post__text\">\n\t\t\t\t<h3 class=\"elementor-post__title\">\n\t\t\t<a href=\"https:\/\/www.thetrickplay.fr\/en\/omarion-hampton-rb-north-carolina-junior\/\" >\n\t\t\t\tOmarion Hampton, RB , North Carolina (Junior)\t\t\t<\/a>\n\t\t<\/h3>\n\t\t\t\t<div class=\"elementor-post__excerpt\">\n\t\t\t<p>Omarion Hampton, RB , North Carolina (Junior) La Draft NFL 2025 approche \u00e0 grand pas et malgr\u00e9 une cuv\u00e9e qui de prime abord semblait manquer<\/p>\n\t\t<\/div>\n\t\t\n\t\t<a class=\"elementor-post__read-more\" href=\"https:\/\/www.thetrickplay.fr\/en\/omarion-hampton-rb-north-carolina-junior\/\" aria-label=\"Read more about Omarion Hampton, RB , North Carolina (Junior)\" tabindex=\"-1\" >\n\t\t\tRead the report\t\t<\/a>\n\n\t\t\t\t<\/div>\n\t\t\t\t<div class=\"elementor-post__meta-data\">\n\t\t\t\t\t<span class=\"elementor-post-author\">\n\t\t\tValentin\t\t<\/span>\n\t\t\t\t<span class=\"elementor-post-date\">\n\t\t\t12 April 2025\t\t<\/span>\n\t\t\t\t<\/div>\n\t\t\t\t\t<\/div>\n\t\t<\/article>\n\t\t\t\t<article class=\"elementor-post elementor-grid-item post-24264 post type-post status-publish format-standard has-post-thumbnail hentry category-rb-2025 category-scouting-2025 tag-devin tag-draft tag-kansas tag-ncaa tag-neal tag-nfl-draft tag-scouting\" role=\"listitem\">\n\t\t\t<div class=\"elementor-post__card\">\n\t\t\t\t<a class=\"elementor-post__thumbnail__link\" href=\"https:\/\/www.thetrickplay.fr\/en\/devin-neal-rb-kansas-senior\/\" tabindex=\"-1\" ><div class=\"elementor-post__thumbnail\"><img decoding=\"async\" width=\"1024\" height=\"1024\" src=\"https:\/\/www.thetrickplay.fr\/wp-content\/uploads\/2025\/03\/DEVIN-NEAL-KANSAS.jpg\" class=\"attachment-full size-full wp-image-23617\" alt=\"\" srcset=\"https:\/\/www.thetrickplay.fr\/wp-content\/uploads\/2025\/03\/DEVIN-NEAL-KANSAS.jpg 1024w, https:\/\/www.thetrickplay.fr\/wp-content\/uploads\/2025\/03\/DEVIN-NEAL-KANSAS-300x300.jpg 300w, https:\/\/www.thetrickplay.fr\/wp-content\/uploads\/2025\/03\/DEVIN-NEAL-KANSAS-150x150.jpg 150w, https:\/\/www.thetrickplay.fr\/wp-content\/uploads\/2025\/03\/DEVIN-NEAL-KANSAS-768x768.jpg 768w, https:\/\/www.thetrickplay.fr\/wp-content\/uploads\/2025\/03\/DEVIN-NEAL-KANSAS-12x12.jpg 12w\" sizes=\"(max-width: 1024px) 100vw, 1024px\" \/><\/div><\/a>\n\t\t\t\t<div class=\"elementor-post__avatar\">\n\t\t\t<img alt='Valentin' src='https:\/\/secure.gravatar.com\/avatar\/bf0d43f03aab8c517c34d517522f879770b7efc868f73d43a70851abf88ee0cc?s=128&#038;d=mm&#038;r=g' srcset='https:\/\/secure.gravatar.com\/avatar\/bf0d43f03aab8c517c34d517522f879770b7efc868f73d43a70851abf88ee0cc?s=256&#038;d=mm&#038;r=g 2x' class='avatar avatar-128 photo' height='128' width='128' \/>\t\t<\/div>\n\t\t\t\t<div class=\"elementor-post__text\">\n\t\t\t\t<h3 class=\"elementor-post__title\">\n\t\t\t<a href=\"https:\/\/www.thetrickplay.fr\/en\/devin-neal-rb-kansas-senior\/\" >\n\t\t\t\tDevin Neal, RB, Kansas (Senior)\t\t\t<\/a>\n\t\t<\/h3>\n\t\t\t\t<div class=\"elementor-post__excerpt\">\n\t\t\t<p>Devin Neal, RB, Kansas (Senior) La Draft NFL 2025 approche \u00e0 grand pas et malgr\u00e9 une cuv\u00e9e qui de prime abord semblait manquer de talent,<\/p>\n\t\t<\/div>\n\t\t\n\t\t<a class=\"elementor-post__read-more\" href=\"https:\/\/www.thetrickplay.fr\/en\/devin-neal-rb-kansas-senior\/\" aria-label=\"Read more about Devin Neal, RB, Kansas (Senior)\" tabindex=\"-1\" >\n\t\t\tRead the report\t\t<\/a>\n\n\t\t\t\t<\/div>\n\t\t\t\t<div class=\"elementor-post__meta-data\">\n\t\t\t\t\t<span class=\"elementor-post-author\">\n\t\t\tValentin\t\t<\/span>\n\t\t\t\t<span class=\"elementor-post-date\">\n\t\t\t9 April 2025\t\t<\/span>\n\t\t\t\t<\/div>\n\t\t\t\t\t<\/div>\n\t\t<\/article>\n\t\t\t\t<article class=\"elementor-post elementor-grid-item post-23857 post type-post status-publish format-standard has-post-thumbnail hentry category-rb-2025 category-scouting-2025 tag-ashton tag-boise-state tag-draft tag-jeanty tag-ncaa tag-nfl-draft tag-rb tag-scouting\" role=\"listitem\">\n\t\t\t<div class=\"elementor-post__card\">\n\t\t\t\t<a class=\"elementor-post__thumbnail__link\" href=\"https:\/\/www.thetrickplay.fr\/en\/ashton-jeanty-rb-boise-state-junior\/\" tabindex=\"-1\" ><div class=\"elementor-post__thumbnail\"><img loading=\"lazy\" decoding=\"async\" width=\"1024\" height=\"1024\" src=\"https:\/\/www.thetrickplay.fr\/wp-content\/uploads\/2025\/03\/Ashton-Jeanty-1.jpg\" class=\"attachment-full size-full wp-image-23621\" alt=\"\" srcset=\"https:\/\/www.thetrickplay.fr\/wp-content\/uploads\/2025\/03\/Ashton-Jeanty-1.jpg 1024w, https:\/\/www.thetrickplay.fr\/wp-content\/uploads\/2025\/03\/Ashton-Jeanty-1-300x300.jpg 300w, https:\/\/www.thetrickplay.fr\/wp-content\/uploads\/2025\/03\/Ashton-Jeanty-1-150x150.jpg 150w, https:\/\/www.thetrickplay.fr\/wp-content\/uploads\/2025\/03\/Ashton-Jeanty-1-768x768.jpg 768w, https:\/\/www.thetrickplay.fr\/wp-content\/uploads\/2025\/03\/Ashton-Jeanty-1-12x12.jpg 12w\" sizes=\"(max-width: 1024px) 100vw, 1024px\" \/><\/div><\/a>\n\t\t\t\t<div class=\"elementor-post__avatar\">\n\t\t\t<img alt='Valentin' src='https:\/\/secure.gravatar.com\/avatar\/bf0d43f03aab8c517c34d517522f879770b7efc868f73d43a70851abf88ee0cc?s=128&#038;d=mm&#038;r=g' srcset='https:\/\/secure.gravatar.com\/avatar\/bf0d43f03aab8c517c34d517522f879770b7efc868f73d43a70851abf88ee0cc?s=256&#038;d=mm&#038;r=g 2x' class='avatar avatar-128 photo' height='128' width='128' \/>\t\t<\/div>\n\t\t\t\t<div class=\"elementor-post__text\">\n\t\t\t\t<h3 class=\"elementor-post__title\">\n\t\t\t<a href=\"https:\/\/www.thetrickplay.fr\/en\/ashton-jeanty-rb-boise-state-junior\/\" >\n\t\t\t\tAshton Jeanty, RB, Boise State (Junior)\t\t\t<\/a>\n\t\t<\/h3>\n\t\t\t\t<div class=\"elementor-post__excerpt\">\n\t\t\t<p>Ashton Jeanty, RB, Boise State (Junior) La Draft NFL 2025 approche \u00e0 grand pas et malgr\u00e9 une cuv\u00e9e qui de prime abord semblait manquer de<\/p>\n\t\t<\/div>\n\t\t\n\t\t<a class=\"elementor-post__read-more\" href=\"https:\/\/www.thetrickplay.fr\/en\/ashton-jeanty-rb-boise-state-junior\/\" aria-label=\"Read more about Ashton Jeanty, RB, Boise State (Junior)\" tabindex=\"-1\" >\n\t\t\tRead the report\t\t<\/a>\n\n\t\t\t\t<\/div>\n\t\t\t\t<div class=\"elementor-post__meta-data\">\n\t\t\t\t\t<span class=\"elementor-post-author\">\n\t\t\tValentin\t\t<\/span>\n\t\t\t\t<span class=\"elementor-post-date\">\n\t\t\t31 March 2025\t\t<\/span>\n\t\t\t\t<\/div>\n\t\t\t\t\t<\/div>\n\t\t<\/article>\n\t\t\t\t<\/div>\n\t\t\n\t\t\t\t\t\t<\/div>\n\t\t\t\t<\/div>\n\t\t\t\t\t<\/div>\n\t\t<\/div>\n\t\t\t\t\t<\/div>\n\t\t<\/section>\n\t\t\t\t<\/div>","protected":false},"excerpt":{"rendered":"<p>Running Backs 2025<\/p>","protected":false},"author":1,"featured_media":0,"parent":22560,"menu_order":0,"comment_status":"closed","ping_status":"closed","template":"","meta":{"footnotes":""},"class_list":["post-22589","page","type-page","status-publish","hentry"],"_links":{"self":[{"href":"https:\/\/www.thetrickplay.fr\/en\/wp-json\/wp\/v2\/pages\/22589","targetHints":{"allow":["GET"]}}],"collection":[{"href":"https:\/\/www.thetrickplay.fr\/en\/wp-json\/wp\/v2\/pages"}],"about":[{"href":"https:\/\/www.thetrickplay.fr\/en\/wp-json\/wp\/v2\/types\/page"}],"author":[{"embeddable":true,"href":"https:\/\/www.thetrickplay.fr\/en\/wp-json\/wp\/v2\/users\/1"}],"replies":[{"embeddable":true,"href":"https:\/\/www.thetrickplay.fr\/en\/wp-json\/wp\/v2\/comments?post=22589"}],"version-history":[{"count":7,"href":"https:\/\/www.thetrickplay.fr\/en\/wp-json\/wp\/v2\/pages\/22589\/revisions"}],"predecessor-version":[{"id":22652,"href":"https:\/\/www.thetrickplay.fr\/en\/wp-json\/wp\/v2\/pages\/22589\/revisions\/22652"}],"up":[{"embeddable":true,"href":"https:\/\/www.thetrickplay.fr\/en\/wp-json\/wp\/v2\/pages\/22560"}],"wp:attachment":[{"href":"https:\/\/www.thetrickplay.fr\/en\/wp-json\/wp\/v2\/media?parent=22589"}],"curies":[{"name":"wp","href":"https:\/\/api.w.org\/{rel}","templated":true}]}}