{"id":22584,"date":"2025-03-05T17:20:37","date_gmt":"2025-03-05T16:20:37","guid":{"rendered":"https:\/\/www.thetrickplay.fr\/?page_id=22584"},"modified":"2025-03-05T18:09:40","modified_gmt":"2025-03-05T17:09:40","slug":"quarterbacks-2025","status":"publish","type":"page","link":"https:\/\/www.thetrickplay.fr\/en\/les-profils-de-draft-2025\/quarterbacks-2025\/","title":{"rendered":"Quarterbacks 2025"},"content":{"rendered":"<div data-elementor-type=\"wp-page\" data-elementor-id=\"22584\" class=\"elementor elementor-22584\" data-elementor-post-type=\"page\">\n\t\t\t\t\t\t<section class=\"elementor-section elementor-top-section elementor-element elementor-element-afe49d5 elementor-section-boxed elementor-section-height-default elementor-section-height-default\" data-id=\"afe49d5\" data-element_type=\"section\" data-e-type=\"section\">\n\t\t\t\t\t\t<div class=\"elementor-container elementor-column-gap-default\">\n\t\t\t\t\t<div class=\"elementor-column elementor-col-100 elementor-top-column elementor-element elementor-element-29fe472\" data-id=\"29fe472\" data-element_type=\"column\" data-e-type=\"column\">\n\t\t\t<div class=\"elementor-widget-wrap elementor-element-populated\">\n\t\t\t\t\t\t<div class=\"elementor-element elementor-element-ff5e19d elementor-widget elementor-widget-heading\" data-id=\"ff5e19d\" data-element_type=\"widget\" data-e-type=\"widget\" data-widget_type=\"heading.default\">\n\t\t\t\t<div class=\"elementor-widget-container\">\n\t\t\t\t\t<h1 class=\"elementor-heading-title elementor-size-default\">Quarterbacks 2025<\/h1>\t\t\t\t<\/div>\n\t\t\t\t<\/div>\n\t\t\t\t\t<\/div>\n\t\t<\/div>\n\t\t\t\t\t<\/div>\n\t\t<\/section>\n\t\t\t\t<section class=\"elementor-section elementor-top-section elementor-element elementor-element-ee1bd18 elementor-section-boxed elementor-section-height-default elementor-section-height-default\" data-id=\"ee1bd18\" data-element_type=\"section\" data-e-type=\"section\">\n\t\t\t\t\t\t<div class=\"elementor-container elementor-column-gap-default\">\n\t\t\t\t\t<div class=\"elementor-column elementor-col-100 elementor-top-column elementor-element elementor-element-4087874\" data-id=\"4087874\" data-element_type=\"column\" data-e-type=\"column\">\n\t\t\t<div class=\"elementor-widget-wrap elementor-element-populated\">\n\t\t\t\t\t\t<div class=\"elementor-element elementor-element-4a72a55 elementor-grid-3 elementor-grid-tablet-2 elementor-grid-mobile-1 elementor-posts--thumbnail-top elementor-posts--show-avatar elementor-card-shadow-yes elementor-posts__hover-gradient elementor-widget elementor-widget-posts\" data-id=\"4a72a55\" data-element_type=\"widget\" data-e-type=\"widget\" data-settings=\"{&quot;cards_masonry&quot;:&quot;yes&quot;,&quot;pagination_type&quot;:&quot;numbers&quot;,&quot;cards_columns&quot;:&quot;3&quot;,&quot;cards_columns_tablet&quot;:&quot;2&quot;,&quot;cards_columns_mobile&quot;:&quot;1&quot;,&quot;cards_row_gap&quot;:{&quot;unit&quot;:&quot;px&quot;,&quot;size&quot;:35,&quot;sizes&quot;:[]},&quot;cards_row_gap_tablet&quot;:{&quot;unit&quot;:&quot;px&quot;,&quot;size&quot;:&quot;&quot;,&quot;sizes&quot;:[]},&quot;cards_row_gap_mobile&quot;:{&quot;unit&quot;:&quot;px&quot;,&quot;size&quot;:&quot;&quot;,&quot;sizes&quot;:[]}}\" data-widget_type=\"posts.cards\">\n\t\t\t\t<div class=\"elementor-widget-container\">\n\t\t\t\t\t\t\t<div class=\"elementor-posts-container elementor-posts elementor-posts--skin-cards elementor-grid\" role=\"list\">\n\t\t\t\t<article class=\"elementor-post elementor-grid-item post-24301 post type-post status-publish format-standard has-post-thumbnail hentry category-qb-2025 category-scouting-2025 tag-colorado tag-draft tag-ncaa tag-nfl-draft tag-qb tag-sanders tag-scouting tag-shedeur\" role=\"listitem\">\n\t\t\t<div class=\"elementor-post__card\">\n\t\t\t\t<a class=\"elementor-post__thumbnail__link\" href=\"https:\/\/www.thetrickplay.fr\/en\/shedeur-sanders-qb-colorado-senior\/\" tabindex=\"-1\" ><div class=\"elementor-post__thumbnail\"><img fetchpriority=\"high\" decoding=\"async\" width=\"1024\" height=\"1024\" src=\"https:\/\/www.thetrickplay.fr\/wp-content\/uploads\/2025\/03\/SHEDEUR-SANDERS.jpg\" class=\"attachment-full size-full wp-image-23719\" alt=\"\" srcset=\"https:\/\/www.thetrickplay.fr\/wp-content\/uploads\/2025\/03\/SHEDEUR-SANDERS.jpg 1024w, https:\/\/www.thetrickplay.fr\/wp-content\/uploads\/2025\/03\/SHEDEUR-SANDERS-300x300.jpg 300w, https:\/\/www.thetrickplay.fr\/wp-content\/uploads\/2025\/03\/SHEDEUR-SANDERS-150x150.jpg 150w, https:\/\/www.thetrickplay.fr\/wp-content\/uploads\/2025\/03\/SHEDEUR-SANDERS-768x768.jpg 768w, https:\/\/www.thetrickplay.fr\/wp-content\/uploads\/2025\/03\/SHEDEUR-SANDERS-12x12.jpg 12w\" sizes=\"(max-width: 1024px) 100vw, 1024px\" \/><\/div><\/a>\n\t\t\t\t<div class=\"elementor-post__avatar\">\n\t\t\t<img alt='Valentin' src='https:\/\/secure.gravatar.com\/avatar\/bf0d43f03aab8c517c34d517522f879770b7efc868f73d43a70851abf88ee0cc?s=128&#038;d=mm&#038;r=g' srcset='https:\/\/secure.gravatar.com\/avatar\/bf0d43f03aab8c517c34d517522f879770b7efc868f73d43a70851abf88ee0cc?s=256&#038;d=mm&#038;r=g 2x' class='avatar avatar-128 photo' height='128' width='128' \/>\t\t<\/div>\n\t\t\t\t<div class=\"elementor-post__text\">\n\t\t\t\t<h3 class=\"elementor-post__title\">\n\t\t\t<a href=\"https:\/\/www.thetrickplay.fr\/en\/shedeur-sanders-qb-colorado-senior\/\" >\n\t\t\t\tShedeur Sanders, QB, Colorado (Senior)\t\t\t<\/a>\n\t\t<\/h3>\n\t\t\t\t<div class=\"elementor-post__excerpt\">\n\t\t\t<p>Shedeur Sanders, QB, Colorado (Senior) La Draft NFL 2025 approche \u00e0 grand pas et malgr\u00e9 une cuv\u00e9e qui de prime abord semblait manquer de talent,<\/p>\n\t\t<\/div>\n\t\t\n\t\t<a class=\"elementor-post__read-more\" href=\"https:\/\/www.thetrickplay.fr\/en\/shedeur-sanders-qb-colorado-senior\/\" aria-label=\"Read more about Shedeur Sanders, QB, Colorado (Senior)\" tabindex=\"-1\" >\n\t\t\tRead the report\t\t<\/a>\n\n\t\t\t\t<\/div>\n\t\t\t\t<div class=\"elementor-post__meta-data\">\n\t\t\t\t\t<span class=\"elementor-post-author\">\n\t\t\tValentin\t\t<\/span>\n\t\t\t\t<span class=\"elementor-post-date\">\n\t\t\t14 April 2025\t\t<\/span>\n\t\t\t\t<\/div>\n\t\t\t\t\t<\/div>\n\t\t<\/article>\n\t\t\t\t<article class=\"elementor-post elementor-grid-item post-24164 post type-post status-publish format-standard has-post-thumbnail hentry category-qb-2025 category-scouting-2025 tag-draft tag-howard tag-ncaa tag-nfl-draft tag-ohio-state tag-qb tag-scouting tag-will\" role=\"listitem\">\n\t\t\t<div class=\"elementor-post__card\">\n\t\t\t\t<a class=\"elementor-post__thumbnail__link\" href=\"https:\/\/www.thetrickplay.fr\/en\/will-howard-qb-ohio-state-senior\/\" tabindex=\"-1\" ><div class=\"elementor-post__thumbnail\"><img decoding=\"async\" width=\"1024\" height=\"1024\" src=\"https:\/\/www.thetrickplay.fr\/wp-content\/uploads\/2025\/03\/WILL-HOWARD.jpg\" class=\"attachment-full size-full wp-image-23619\" alt=\"\" srcset=\"https:\/\/www.thetrickplay.fr\/wp-content\/uploads\/2025\/03\/WILL-HOWARD.jpg 1024w, https:\/\/www.thetrickplay.fr\/wp-content\/uploads\/2025\/03\/WILL-HOWARD-300x300.jpg 300w, https:\/\/www.thetrickplay.fr\/wp-content\/uploads\/2025\/03\/WILL-HOWARD-150x150.jpg 150w, https:\/\/www.thetrickplay.fr\/wp-content\/uploads\/2025\/03\/WILL-HOWARD-768x768.jpg 768w, https:\/\/www.thetrickplay.fr\/wp-content\/uploads\/2025\/03\/WILL-HOWARD-12x12.jpg 12w\" sizes=\"(max-width: 1024px) 100vw, 1024px\" \/><\/div><\/a>\n\t\t\t\t<div class=\"elementor-post__avatar\">\n\t\t\t<img alt='Valentin' src='https:\/\/secure.gravatar.com\/avatar\/bf0d43f03aab8c517c34d517522f879770b7efc868f73d43a70851abf88ee0cc?s=128&#038;d=mm&#038;r=g' srcset='https:\/\/secure.gravatar.com\/avatar\/bf0d43f03aab8c517c34d517522f879770b7efc868f73d43a70851abf88ee0cc?s=256&#038;d=mm&#038;r=g 2x' class='avatar avatar-128 photo' height='128' width='128' \/>\t\t<\/div>\n\t\t\t\t<div class=\"elementor-post__text\">\n\t\t\t\t<h3 class=\"elementor-post__title\">\n\t\t\t<a href=\"https:\/\/www.thetrickplay.fr\/en\/will-howard-qb-ohio-state-senior\/\" >\n\t\t\t\tWill Howard, QB, Ohio State (Senior)\t\t\t<\/a>\n\t\t<\/h3>\n\t\t\t\t<div class=\"elementor-post__excerpt\">\n\t\t\t<p>Will Howard, QB, Ohio State (Senior) La Draft NFL 2025 approche \u00e0 grand pas et malgr\u00e9 une cuv\u00e9e qui de prime abord semblait manquer de<\/p>\n\t\t<\/div>\n\t\t\n\t\t<a class=\"elementor-post__read-more\" href=\"https:\/\/www.thetrickplay.fr\/en\/will-howard-qb-ohio-state-senior\/\" aria-label=\"Read more about Will Howard, QB, Ohio State (Senior)\" tabindex=\"-1\" >\n\t\t\tRead the report\t\t<\/a>\n\n\t\t\t\t<\/div>\n\t\t\t\t<div class=\"elementor-post__meta-data\">\n\t\t\t\t\t<span class=\"elementor-post-author\">\n\t\t\tValentin\t\t<\/span>\n\t\t\t\t<span class=\"elementor-post-date\">\n\t\t\t7 April 2025\t\t<\/span>\n\t\t\t\t<\/div>\n\t\t\t\t\t<\/div>\n\t\t<\/article>\n\t\t\t\t<article class=\"elementor-post elementor-grid-item post-23834 post type-post status-publish format-standard has-post-thumbnail hentry category-qb-2025 category-scouting-2025 tag-acc tag-cam tag-draft tag-miami tag-ncaa tag-nfl-draft tag-qb tag-scouting tag-ward\" role=\"listitem\">\n\t\t\t<div class=\"elementor-post__card\">\n\t\t\t\t<a class=\"elementor-post__thumbnail__link\" href=\"https:\/\/www.thetrickplay.fr\/en\/cam-ward-qb-miami-senior-2\/\" tabindex=\"-1\" ><div class=\"elementor-post__thumbnail\"><img decoding=\"async\" width=\"1024\" height=\"1024\" src=\"https:\/\/www.thetrickplay.fr\/wp-content\/uploads\/2025\/03\/CAM-WARD.jpg\" class=\"attachment-full size-full wp-image-23620\" alt=\"\" srcset=\"https:\/\/www.thetrickplay.fr\/wp-content\/uploads\/2025\/03\/CAM-WARD.jpg 1024w, https:\/\/www.thetrickplay.fr\/wp-content\/uploads\/2025\/03\/CAM-WARD-300x300.jpg 300w, https:\/\/www.thetrickplay.fr\/wp-content\/uploads\/2025\/03\/CAM-WARD-150x150.jpg 150w, https:\/\/www.thetrickplay.fr\/wp-content\/uploads\/2025\/03\/CAM-WARD-768x768.jpg 768w, https:\/\/www.thetrickplay.fr\/wp-content\/uploads\/2025\/03\/CAM-WARD-12x12.jpg 12w\" sizes=\"(max-width: 1024px) 100vw, 1024px\" \/><\/div><\/a>\n\t\t\t\t<div class=\"elementor-post__avatar\">\n\t\t\t<img alt='Valentin' src='https:\/\/secure.gravatar.com\/avatar\/bf0d43f03aab8c517c34d517522f879770b7efc868f73d43a70851abf88ee0cc?s=128&#038;d=mm&#038;r=g' srcset='https:\/\/secure.gravatar.com\/avatar\/bf0d43f03aab8c517c34d517522f879770b7efc868f73d43a70851abf88ee0cc?s=256&#038;d=mm&#038;r=g 2x' class='avatar avatar-128 photo' height='128' width='128' \/>\t\t<\/div>\n\t\t\t\t<div class=\"elementor-post__text\">\n\t\t\t\t<h3 class=\"elementor-post__title\">\n\t\t\t<a href=\"https:\/\/www.thetrickplay.fr\/en\/cam-ward-qb-miami-senior-2\/\" >\n\t\t\t\tCam Ward, QB, Miami (Senior)\t\t\t<\/a>\n\t\t<\/h3>\n\t\t\t\t<div class=\"elementor-post__excerpt\">\n\t\t\t<p>Cam Ward, QB, Miami (Senior) La Draft NFL 2025 approche \u00e0 grand pas et malgr\u00e9 une cuv\u00e9e qui de prime abord semblait manquer de talent,<\/p>\n\t\t<\/div>\n\t\t\n\t\t<a class=\"elementor-post__read-more\" href=\"https:\/\/www.thetrickplay.fr\/en\/cam-ward-qb-miami-senior-2\/\" aria-label=\"Read more about Cam Ward, QB, Miami (Senior)\" tabindex=\"-1\" >\n\t\t\tRead the report\t\t<\/a>\n\n\t\t\t\t<\/div>\n\t\t\t\t<div class=\"elementor-post__meta-data\">\n\t\t\t\t\t<span class=\"elementor-post-author\">\n\t\t\tValentin\t\t<\/span>\n\t\t\t\t<span class=\"elementor-post-date\">\n\t\t\t30 March 2025\t\t<\/span>\n\t\t\t\t<\/div>\n\t\t\t\t\t<\/div>\n\t\t<\/article>\n\t\t\t\t<\/div>\n\t\t\n\t\t\t\t\t\t<\/div>\n\t\t\t\t<\/div>\n\t\t\t\t\t<\/div>\n\t\t<\/div>\n\t\t\t\t\t<\/div>\n\t\t<\/section>\n\t\t\t\t<\/div>","protected":false},"excerpt":{"rendered":"<p>Quarterbacks 2025<\/p>","protected":false},"author":1,"featured_media":0,"parent":22560,"menu_order":0,"comment_status":"closed","ping_status":"closed","template":"","meta":{"footnotes":""},"class_list":["post-22584","page","type-page","status-publish","hentry"],"_links":{"self":[{"href":"https:\/\/www.thetrickplay.fr\/en\/wp-json\/wp\/v2\/pages\/22584","targetHints":{"allow":["GET"]}}],"collection":[{"href":"https:\/\/www.thetrickplay.fr\/en\/wp-json\/wp\/v2\/pages"}],"about":[{"href":"https:\/\/www.thetrickplay.fr\/en\/wp-json\/wp\/v2\/types\/page"}],"author":[{"embeddable":true,"href":"https:\/\/www.thetrickplay.fr\/en\/wp-json\/wp\/v2\/users\/1"}],"replies":[{"embeddable":true,"href":"https:\/\/www.thetrickplay.fr\/en\/wp-json\/wp\/v2\/comments?post=22584"}],"version-history":[{"count":4,"href":"https:\/\/www.thetrickplay.fr\/en\/wp-json\/wp\/v2\/pages\/22584\/revisions"}],"predecessor-version":[{"id":22588,"href":"https:\/\/www.thetrickplay.fr\/en\/wp-json\/wp\/v2\/pages\/22584\/revisions\/22588"}],"up":[{"embeddable":true,"href":"https:\/\/www.thetrickplay.fr\/en\/wp-json\/wp\/v2\/pages\/22560"}],"wp:attachment":[{"href":"https:\/\/www.thetrickplay.fr\/en\/wp-json\/wp\/v2\/media?parent=22584"}],"curies":[{"name":"wp","href":"https:\/\/api.w.org\/{rel}","templated":true}]}}