{"id":18188,"date":"2024-02-01T18:13:01","date_gmt":"2024-02-01T17:13:01","guid":{"rendered":"https:\/\/www.thetrickplay.fr\/?page_id=18188"},"modified":"2024-02-01T18:38:44","modified_gmt":"2024-02-01T17:38:44","slug":"cornerbacks-2024","status":"publish","type":"page","link":"https:\/\/www.thetrickplay.fr\/en\/les-profils-de-draft-2024\/cornerbacks-2024\/","title":{"rendered":"Cornerbacks 2024"},"content":{"rendered":"<div data-elementor-type=\"wp-page\" data-elementor-id=\"18188\" class=\"elementor elementor-18188\" data-elementor-post-type=\"page\">\n\t\t\t\t\t\t<section class=\"elementor-section elementor-top-section elementor-element elementor-element-ad0c50e elementor-section-boxed elementor-section-height-default elementor-section-height-default\" data-id=\"ad0c50e\" data-element_type=\"section\" data-e-type=\"section\">\n\t\t\t\t\t\t<div class=\"elementor-container elementor-column-gap-default\">\n\t\t\t\t\t<div class=\"elementor-column elementor-col-100 elementor-top-column elementor-element elementor-element-c183bf7\" data-id=\"c183bf7\" data-element_type=\"column\" data-e-type=\"column\">\n\t\t\t<div class=\"elementor-widget-wrap elementor-element-populated\">\n\t\t\t\t\t\t<div class=\"elementor-element elementor-element-8fa0130 elementor-widget elementor-widget-heading\" data-id=\"8fa0130\" data-element_type=\"widget\" data-e-type=\"widget\" data-widget_type=\"heading.default\">\n\t\t\t\t<div class=\"elementor-widget-container\">\n\t\t\t\t\t<h2 class=\"elementor-heading-title elementor-size-default\">Cornerbacks 2024<\/h2>\t\t\t\t<\/div>\n\t\t\t\t<\/div>\n\t\t\t\t\t<\/div>\n\t\t<\/div>\n\t\t\t\t\t<\/div>\n\t\t<\/section>\n\t\t\t\t<section class=\"elementor-section elementor-top-section elementor-element elementor-element-b390cb5 elementor-section-boxed elementor-section-height-default elementor-section-height-default\" data-id=\"b390cb5\" data-element_type=\"section\" data-e-type=\"section\">\n\t\t\t\t\t\t<div class=\"elementor-container elementor-column-gap-default\">\n\t\t\t\t\t<div class=\"elementor-column elementor-col-100 elementor-top-column elementor-element elementor-element-92de27e\" data-id=\"92de27e\" data-element_type=\"column\" data-e-type=\"column\">\n\t\t\t<div class=\"elementor-widget-wrap elementor-element-populated\">\n\t\t\t\t\t\t<div class=\"elementor-element elementor-element-6224734 elementor-grid-3 elementor-grid-tablet-2 elementor-grid-mobile-1 elementor-posts--thumbnail-top elementor-posts--show-avatar elementor-card-shadow-yes elementor-posts__hover-gradient elementor-widget elementor-widget-posts\" data-id=\"6224734\" data-element_type=\"widget\" data-e-type=\"widget\" data-settings=\"{&quot;cards_masonry&quot;:&quot;yes&quot;,&quot;pagination_type&quot;:&quot;numbers&quot;,&quot;cards_columns&quot;:&quot;3&quot;,&quot;cards_columns_tablet&quot;:&quot;2&quot;,&quot;cards_columns_mobile&quot;:&quot;1&quot;,&quot;cards_row_gap&quot;:{&quot;unit&quot;:&quot;px&quot;,&quot;size&quot;:35,&quot;sizes&quot;:[]},&quot;cards_row_gap_tablet&quot;:{&quot;unit&quot;:&quot;px&quot;,&quot;size&quot;:&quot;&quot;,&quot;sizes&quot;:[]},&quot;cards_row_gap_mobile&quot;:{&quot;unit&quot;:&quot;px&quot;,&quot;size&quot;:&quot;&quot;,&quot;sizes&quot;:[]}}\" data-widget_type=\"posts.cards\">\n\t\t\t\t<div class=\"elementor-widget-container\">\n\t\t\t\t\t\t\t<div class=\"elementor-posts-container elementor-posts elementor-posts--skin-cards elementor-grid\" role=\"list\">\n\t\t\t\t<article class=\"elementor-post elementor-grid-item post-21431 post type-post status-publish format-standard has-post-thumbnail hentry category-cb-2024 category-scouting-2024 tag-cb tag-draft tag-ncaa tag-nfl-draft tag-scouting tag-sec\" role=\"listitem\">\n\t\t\t<div class=\"elementor-post__card\">\n\t\t\t\t<a class=\"elementor-post__thumbnail__link\" href=\"https:\/\/www.thetrickplay.fr\/en\/terrion-arnold-cb-alabama-r-sophomore\/\" tabindex=\"-1\" ><div class=\"elementor-post__thumbnail\"><img fetchpriority=\"high\" decoding=\"async\" width=\"1636\" height=\"1636\" src=\"https:\/\/www.thetrickplay.fr\/wp-content\/uploads\/2024\/04\/Terrion-Arnold-ID.png\" class=\"attachment-full size-full wp-image-21208\" alt=\"\" srcset=\"https:\/\/www.thetrickplay.fr\/wp-content\/uploads\/2024\/04\/Terrion-Arnold-ID.png 1636w, https:\/\/www.thetrickplay.fr\/wp-content\/uploads\/2024\/04\/Terrion-Arnold-ID-300x300.png 300w, https:\/\/www.thetrickplay.fr\/wp-content\/uploads\/2024\/04\/Terrion-Arnold-ID-1024x1024.png 1024w, https:\/\/www.thetrickplay.fr\/wp-content\/uploads\/2024\/04\/Terrion-Arnold-ID-150x150.png 150w, https:\/\/www.thetrickplay.fr\/wp-content\/uploads\/2024\/04\/Terrion-Arnold-ID-768x768.png 768w, https:\/\/www.thetrickplay.fr\/wp-content\/uploads\/2024\/04\/Terrion-Arnold-ID-1536x1536.png 1536w, https:\/\/www.thetrickplay.fr\/wp-content\/uploads\/2024\/04\/Terrion-Arnold-ID-12x12.png 12w\" sizes=\"(max-width: 1636px) 100vw, 1636px\" \/><\/div><\/a>\n\t\t\t\t<div class=\"elementor-post__avatar\">\n\t\t\t<img alt='Valentin' src='https:\/\/secure.gravatar.com\/avatar\/bf0d43f03aab8c517c34d517522f879770b7efc868f73d43a70851abf88ee0cc?s=128&#038;d=mm&#038;r=g' srcset='https:\/\/secure.gravatar.com\/avatar\/bf0d43f03aab8c517c34d517522f879770b7efc868f73d43a70851abf88ee0cc?s=256&#038;d=mm&#038;r=g 2x' class='avatar avatar-128 photo' height='128' width='128' \/>\t\t<\/div>\n\t\t\t\t<div class=\"elementor-post__text\">\n\t\t\t\t<h3 class=\"elementor-post__title\">\n\t\t\t<a href=\"https:\/\/www.thetrickplay.fr\/en\/terrion-arnold-cb-alabama-r-sophomore\/\" >\n\t\t\t\tTerrion Arnold, CB, Alabama (R-Sophomore)\t\t\t<\/a>\n\t\t<\/h3>\n\t\t\t\t<div class=\"elementor-post__excerpt\">\n\t\t\t<p>Terrion Arnold, CB, Alabama (R-Sophomore) De retour pour cette \u00e9dition 2024 de la Draft NFL, l&rsquo;\u00e9quipe de The Trick Play vous propose \u00e0 nouveau de<\/p>\n\t\t<\/div>\n\t\t\n\t\t<a class=\"elementor-post__read-more\" href=\"https:\/\/www.thetrickplay.fr\/en\/terrion-arnold-cb-alabama-r-sophomore\/\" aria-label=\"Read more about Terrion Arnold, CB, Alabama (R-Sophomore)\" tabindex=\"-1\" >\n\t\t\tRead the report\t\t<\/a>\n\n\t\t\t\t<\/div>\n\t\t\t\t<div class=\"elementor-post__meta-data\">\n\t\t\t\t\t<span class=\"elementor-post-date\">\n\t\t\t20 April 2024\t\t<\/span>\n\t\t\t\t<\/div>\n\t\t\t\t\t<\/div>\n\t\t<\/article>\n\t\t\t\t<article class=\"elementor-post elementor-grid-item post-21416 post type-post status-publish format-standard has-post-thumbnail hentry category-cb-2024 category-scouting-2024 tag-cb tag-draft tag-ncaa tag-nfl-draft tag-scouting\" role=\"listitem\">\n\t\t\t<div class=\"elementor-post__card\">\n\t\t\t\t<a class=\"elementor-post__thumbnail__link\" href=\"https:\/\/www.thetrickplay.fr\/en\/josh-newton-cb-tcu-senior\/\" tabindex=\"-1\" ><div class=\"elementor-post__thumbnail\"><img decoding=\"async\" width=\"1636\" height=\"1636\" src=\"https:\/\/www.thetrickplay.fr\/wp-content\/uploads\/2024\/04\/Josh-Newton-ID.png\" class=\"attachment-full size-full wp-image-21210\" alt=\"\" srcset=\"https:\/\/www.thetrickplay.fr\/wp-content\/uploads\/2024\/04\/Josh-Newton-ID.png 1636w, https:\/\/www.thetrickplay.fr\/wp-content\/uploads\/2024\/04\/Josh-Newton-ID-300x300.png 300w, https:\/\/www.thetrickplay.fr\/wp-content\/uploads\/2024\/04\/Josh-Newton-ID-1024x1024.png 1024w, https:\/\/www.thetrickplay.fr\/wp-content\/uploads\/2024\/04\/Josh-Newton-ID-150x150.png 150w, https:\/\/www.thetrickplay.fr\/wp-content\/uploads\/2024\/04\/Josh-Newton-ID-768x768.png 768w, https:\/\/www.thetrickplay.fr\/wp-content\/uploads\/2024\/04\/Josh-Newton-ID-1536x1536.png 1536w, https:\/\/www.thetrickplay.fr\/wp-content\/uploads\/2024\/04\/Josh-Newton-ID-12x12.png 12w\" sizes=\"(max-width: 1636px) 100vw, 1636px\" \/><\/div><\/a>\n\t\t\t\t<div class=\"elementor-post__avatar\">\n\t\t\t<img alt='Valentin' src='https:\/\/secure.gravatar.com\/avatar\/bf0d43f03aab8c517c34d517522f879770b7efc868f73d43a70851abf88ee0cc?s=128&#038;d=mm&#038;r=g' srcset='https:\/\/secure.gravatar.com\/avatar\/bf0d43f03aab8c517c34d517522f879770b7efc868f73d43a70851abf88ee0cc?s=256&#038;d=mm&#038;r=g 2x' class='avatar avatar-128 photo' height='128' width='128' \/>\t\t<\/div>\n\t\t\t\t<div class=\"elementor-post__text\">\n\t\t\t\t<h3 class=\"elementor-post__title\">\n\t\t\t<a href=\"https:\/\/www.thetrickplay.fr\/en\/josh-newton-cb-tcu-senior\/\" >\n\t\t\t\tJosh Newton, CB, TCU (Senior)\t\t\t<\/a>\n\t\t<\/h3>\n\t\t\t\t<div class=\"elementor-post__excerpt\">\n\t\t\t<p>Josh Newton, CB, TCU (Senior) De retour pour cette \u00e9dition 2024 de la Draft NFL, l&rsquo;\u00e9quipe de The Trick Play vous propose \u00e0 nouveau de<\/p>\n\t\t<\/div>\n\t\t\n\t\t<a class=\"elementor-post__read-more\" href=\"https:\/\/www.thetrickplay.fr\/en\/josh-newton-cb-tcu-senior\/\" aria-label=\"Read more about Josh Newton, CB, TCU (Senior)\" tabindex=\"-1\" >\n\t\t\tRead the report\t\t<\/a>\n\n\t\t\t\t<\/div>\n\t\t\t\t<div class=\"elementor-post__meta-data\">\n\t\t\t\t\t<span class=\"elementor-post-date\">\n\t\t\t19 April 2024\t\t<\/span>\n\t\t\t\t<\/div>\n\t\t\t\t\t<\/div>\n\t\t<\/article>\n\t\t\t\t<article class=\"elementor-post elementor-grid-item post-21055 post type-post status-publish format-standard has-post-thumbnail hentry category-cb-2024 category-scouting-2024 tag-cb tag-draft tag-ncaa tag-nfl-draft tag-scouting\" role=\"listitem\">\n\t\t\t<div class=\"elementor-post__card\">\n\t\t\t\t<a class=\"elementor-post__thumbnail__link\" href=\"https:\/\/www.thetrickplay.fr\/en\/max-melton-cb-rutgerssenior\/\" tabindex=\"-1\" ><div class=\"elementor-post__thumbnail\"><img decoding=\"async\" width=\"1636\" height=\"1636\" src=\"https:\/\/www.thetrickplay.fr\/wp-content\/uploads\/2024\/04\/Max-Melton-ID.png\" class=\"attachment-full size-full wp-image-21203\" alt=\"\" srcset=\"https:\/\/www.thetrickplay.fr\/wp-content\/uploads\/2024\/04\/Max-Melton-ID.png 1636w, https:\/\/www.thetrickplay.fr\/wp-content\/uploads\/2024\/04\/Max-Melton-ID-300x300.png 300w, https:\/\/www.thetrickplay.fr\/wp-content\/uploads\/2024\/04\/Max-Melton-ID-1024x1024.png 1024w, https:\/\/www.thetrickplay.fr\/wp-content\/uploads\/2024\/04\/Max-Melton-ID-150x150.png 150w, https:\/\/www.thetrickplay.fr\/wp-content\/uploads\/2024\/04\/Max-Melton-ID-768x768.png 768w, https:\/\/www.thetrickplay.fr\/wp-content\/uploads\/2024\/04\/Max-Melton-ID-1536x1536.png 1536w, https:\/\/www.thetrickplay.fr\/wp-content\/uploads\/2024\/04\/Max-Melton-ID-12x12.png 12w\" sizes=\"(max-width: 1636px) 100vw, 1636px\" \/><\/div><\/a>\n\t\t\t\t<div class=\"elementor-post__avatar\">\n\t\t\t<img alt='Valentin' src='https:\/\/secure.gravatar.com\/avatar\/bf0d43f03aab8c517c34d517522f879770b7efc868f73d43a70851abf88ee0cc?s=128&#038;d=mm&#038;r=g' srcset='https:\/\/secure.gravatar.com\/avatar\/bf0d43f03aab8c517c34d517522f879770b7efc868f73d43a70851abf88ee0cc?s=256&#038;d=mm&#038;r=g 2x' class='avatar avatar-128 photo' height='128' width='128' \/>\t\t<\/div>\n\t\t\t\t<div class=\"elementor-post__text\">\n\t\t\t\t<h3 class=\"elementor-post__title\">\n\t\t\t<a href=\"https:\/\/www.thetrickplay.fr\/en\/max-melton-cb-rutgerssenior\/\" >\n\t\t\t\tMax Melton, CB, Rutgers (Junior)\t\t\t<\/a>\n\t\t<\/h3>\n\t\t\t\t<div class=\"elementor-post__excerpt\">\n\t\t\t<p>Max Melton, CB, Rutgers (Junior) De retour pour cette \u00e9dition 2024 de la Draft NFL, l&rsquo;\u00e9quipe de The Trick Play vous propose \u00e0 nouveau de<\/p>\n\t\t<\/div>\n\t\t\n\t\t<a class=\"elementor-post__read-more\" href=\"https:\/\/www.thetrickplay.fr\/en\/max-melton-cb-rutgerssenior\/\" aria-label=\"Read more about Max Melton, CB, Rutgers (Junior)\" tabindex=\"-1\" >\n\t\t\tRead the report\t\t<\/a>\n\n\t\t\t\t<\/div>\n\t\t\t\t<div class=\"elementor-post__meta-data\">\n\t\t\t\t\t<span class=\"elementor-post-date\">\n\t\t\t17 April 2024\t\t<\/span>\n\t\t\t\t<\/div>\n\t\t\t\t\t<\/div>\n\t\t<\/article>\n\t\t\t\t<article class=\"elementor-post elementor-grid-item post-21344 post type-post status-publish format-standard has-post-thumbnail hentry category-cb-2024 category-scouting-2024 tag-cb tag-draft tag-ncaa tag-nfl-draft tag-scouting\" role=\"listitem\">\n\t\t\t<div class=\"elementor-post__card\">\n\t\t\t\t<a class=\"elementor-post__thumbnail__link\" href=\"https:\/\/www.thetrickplay.fr\/en\/kalen-king-cb-penn-state-junior\/\" tabindex=\"-1\" ><div class=\"elementor-post__thumbnail\"><img loading=\"lazy\" decoding=\"async\" width=\"1636\" height=\"1636\" src=\"https:\/\/www.thetrickplay.fr\/wp-content\/uploads\/2024\/04\/Kalen-King-ID.png\" class=\"attachment-full size-full wp-image-21134\" alt=\"\" srcset=\"https:\/\/www.thetrickplay.fr\/wp-content\/uploads\/2024\/04\/Kalen-King-ID.png 1636w, https:\/\/www.thetrickplay.fr\/wp-content\/uploads\/2024\/04\/Kalen-King-ID-300x300.png 300w, https:\/\/www.thetrickplay.fr\/wp-content\/uploads\/2024\/04\/Kalen-King-ID-1024x1024.png 1024w, https:\/\/www.thetrickplay.fr\/wp-content\/uploads\/2024\/04\/Kalen-King-ID-150x150.png 150w, https:\/\/www.thetrickplay.fr\/wp-content\/uploads\/2024\/04\/Kalen-King-ID-768x768.png 768w, https:\/\/www.thetrickplay.fr\/wp-content\/uploads\/2024\/04\/Kalen-King-ID-1536x1536.png 1536w, https:\/\/www.thetrickplay.fr\/wp-content\/uploads\/2024\/04\/Kalen-King-ID-12x12.png 12w\" sizes=\"(max-width: 1636px) 100vw, 1636px\" \/><\/div><\/a>\n\t\t\t\t<div class=\"elementor-post__avatar\">\n\t\t\t<img alt='Valentin' src='https:\/\/secure.gravatar.com\/avatar\/bf0d43f03aab8c517c34d517522f879770b7efc868f73d43a70851abf88ee0cc?s=128&#038;d=mm&#038;r=g' srcset='https:\/\/secure.gravatar.com\/avatar\/bf0d43f03aab8c517c34d517522f879770b7efc868f73d43a70851abf88ee0cc?s=256&#038;d=mm&#038;r=g 2x' class='avatar avatar-128 photo' height='128' width='128' \/>\t\t<\/div>\n\t\t\t\t<div class=\"elementor-post__text\">\n\t\t\t\t<h3 class=\"elementor-post__title\">\n\t\t\t<a href=\"https:\/\/www.thetrickplay.fr\/en\/kalen-king-cb-penn-state-junior\/\" >\n\t\t\t\tKalen King, CB, Penn State (Junior)\t\t\t<\/a>\n\t\t<\/h3>\n\t\t\t\t<div class=\"elementor-post__excerpt\">\n\t\t\t<p>Kalen King, CB, Penn State (Junior) De retour pour cette \u00e9dition 2024 de la Draft NFL, l&rsquo;\u00e9quipe de The Trick Play vous propose \u00e0 nouveau<\/p>\n\t\t<\/div>\n\t\t\n\t\t<a class=\"elementor-post__read-more\" href=\"https:\/\/www.thetrickplay.fr\/en\/kalen-king-cb-penn-state-junior\/\" aria-label=\"Read more about Kalen King, CB, Penn State (Junior)\" tabindex=\"-1\" >\n\t\t\tRead the report\t\t<\/a>\n\n\t\t\t\t<\/div>\n\t\t\t\t<div class=\"elementor-post__meta-data\">\n\t\t\t\t\t<span class=\"elementor-post-date\">\n\t\t\t12 April 2024\t\t<\/span>\n\t\t\t\t<\/div>\n\t\t\t\t\t<\/div>\n\t\t<\/article>\n\t\t\t\t<article class=\"elementor-post elementor-grid-item post-21592 post type-post status-publish format-standard has-post-thumbnail hentry category-cb-2024 category-scouting-2024 tag-cb tag-draft tag-ncaa tag-nfl-draft tag-scouting\" role=\"listitem\">\n\t\t\t<div class=\"elementor-post__card\">\n\t\t\t\t<a class=\"elementor-post__thumbnail__link\" href=\"https:\/\/www.thetrickplay.fr\/en\/elementor-21592\/\" tabindex=\"-1\" ><div class=\"elementor-post__thumbnail\"><img loading=\"lazy\" decoding=\"async\" width=\"1636\" height=\"1636\" src=\"https:\/\/www.thetrickplay.fr\/wp-content\/uploads\/2024\/04\/Mike-Sainristil.png\" class=\"attachment-full size-full wp-image-21777\" alt=\"\" srcset=\"https:\/\/www.thetrickplay.fr\/wp-content\/uploads\/2024\/04\/Mike-Sainristil.png 1636w, https:\/\/www.thetrickplay.fr\/wp-content\/uploads\/2024\/04\/Mike-Sainristil-300x300.png 300w, https:\/\/www.thetrickplay.fr\/wp-content\/uploads\/2024\/04\/Mike-Sainristil-1024x1024.png 1024w, https:\/\/www.thetrickplay.fr\/wp-content\/uploads\/2024\/04\/Mike-Sainristil-150x150.png 150w, https:\/\/www.thetrickplay.fr\/wp-content\/uploads\/2024\/04\/Mike-Sainristil-768x768.png 768w, https:\/\/www.thetrickplay.fr\/wp-content\/uploads\/2024\/04\/Mike-Sainristil-1536x1536.png 1536w, https:\/\/www.thetrickplay.fr\/wp-content\/uploads\/2024\/04\/Mike-Sainristil-12x12.png 12w\" sizes=\"(max-width: 1636px) 100vw, 1636px\" \/><\/div><\/a>\n\t\t\t\t<div class=\"elementor-post__avatar\">\n\t\t\t<img alt='Valentin' src='https:\/\/secure.gravatar.com\/avatar\/bf0d43f03aab8c517c34d517522f879770b7efc868f73d43a70851abf88ee0cc?s=128&#038;d=mm&#038;r=g' srcset='https:\/\/secure.gravatar.com\/avatar\/bf0d43f03aab8c517c34d517522f879770b7efc868f73d43a70851abf88ee0cc?s=256&#038;d=mm&#038;r=g 2x' class='avatar avatar-128 photo' height='128' width='128' \/>\t\t<\/div>\n\t\t\t\t<div class=\"elementor-post__text\">\n\t\t\t\t<h3 class=\"elementor-post__title\">\n\t\t\t<a href=\"https:\/\/www.thetrickplay.fr\/en\/elementor-21592\/\" >\n\t\t\t\tMike Sainristil, CB, Michigan (Senior)\t\t\t<\/a>\n\t\t<\/h3>\n\t\t\t\t<div class=\"elementor-post__excerpt\">\n\t\t\t<p>Mike Sainristil, CB, Michigan (Senior) De retour pour cette \u00e9dition 2024 de la Draft NFL, l&rsquo;\u00e9quipe de The Trick Play vous propose \u00e0 nouveau de<\/p>\n\t\t<\/div>\n\t\t\n\t\t<a class=\"elementor-post__read-more\" href=\"https:\/\/www.thetrickplay.fr\/en\/elementor-21592\/\" aria-label=\"Read more about Mike Sainristil, CB, Michigan (Senior)\" tabindex=\"-1\" >\n\t\t\tRead the report\t\t<\/a>\n\n\t\t\t\t<\/div>\n\t\t\t\t<div class=\"elementor-post__meta-data\">\n\t\t\t\t\t<span class=\"elementor-post-date\">\n\t\t\t10 April 2024\t\t<\/span>\n\t\t\t\t<\/div>\n\t\t\t\t\t<\/div>\n\t\t<\/article>\n\t\t\t\t<article class=\"elementor-post elementor-grid-item post-21290 post type-post status-publish format-standard has-post-thumbnail hentry category-cb-2024 category-scouting-2024 tag-cb tag-draft tag-ncaa tag-nfl-draft tag-scouting\" role=\"listitem\">\n\t\t\t<div class=\"elementor-post__card\">\n\t\t\t\t<a class=\"elementor-post__thumbnail__link\" href=\"https:\/\/www.thetrickplay.fr\/en\/khyree-jackson-cb-oregon-senior\/\" tabindex=\"-1\" ><div class=\"elementor-post__thumbnail\"><img loading=\"lazy\" decoding=\"async\" width=\"1636\" height=\"1636\" src=\"https:\/\/www.thetrickplay.fr\/wp-content\/uploads\/2024\/04\/Khyree-Jackson-ID.png\" class=\"attachment-full size-full wp-image-21618\" alt=\"\" srcset=\"https:\/\/www.thetrickplay.fr\/wp-content\/uploads\/2024\/04\/Khyree-Jackson-ID.png 1636w, https:\/\/www.thetrickplay.fr\/wp-content\/uploads\/2024\/04\/Khyree-Jackson-ID-300x300.png 300w, https:\/\/www.thetrickplay.fr\/wp-content\/uploads\/2024\/04\/Khyree-Jackson-ID-1024x1024.png 1024w, https:\/\/www.thetrickplay.fr\/wp-content\/uploads\/2024\/04\/Khyree-Jackson-ID-150x150.png 150w, https:\/\/www.thetrickplay.fr\/wp-content\/uploads\/2024\/04\/Khyree-Jackson-ID-768x768.png 768w, https:\/\/www.thetrickplay.fr\/wp-content\/uploads\/2024\/04\/Khyree-Jackson-ID-1536x1536.png 1536w, https:\/\/www.thetrickplay.fr\/wp-content\/uploads\/2024\/04\/Khyree-Jackson-ID-12x12.png 12w\" sizes=\"(max-width: 1636px) 100vw, 1636px\" \/><\/div><\/a>\n\t\t\t\t<div class=\"elementor-post__avatar\">\n\t\t\t<img alt='Valentin' src='https:\/\/secure.gravatar.com\/avatar\/bf0d43f03aab8c517c34d517522f879770b7efc868f73d43a70851abf88ee0cc?s=128&#038;d=mm&#038;r=g' srcset='https:\/\/secure.gravatar.com\/avatar\/bf0d43f03aab8c517c34d517522f879770b7efc868f73d43a70851abf88ee0cc?s=256&#038;d=mm&#038;r=g 2x' class='avatar avatar-128 photo' height='128' width='128' \/>\t\t<\/div>\n\t\t\t\t<div class=\"elementor-post__text\">\n\t\t\t\t<h3 class=\"elementor-post__title\">\n\t\t\t<a href=\"https:\/\/www.thetrickplay.fr\/en\/khyree-jackson-cb-oregon-senior\/\" >\n\t\t\t\tKhyree Jackson, CB, Oregon (Senior)\t\t\t<\/a>\n\t\t<\/h3>\n\t\t\t\t<div class=\"elementor-post__excerpt\">\n\t\t\t<p>Khyree Jackson, CB, Oregon (Senior) De retour pour cette \u00e9dition 2024 de la Draft NFL, l&rsquo;\u00e9quipe de The Trick Play vous propose \u00e0 nouveau de<\/p>\n\t\t<\/div>\n\t\t\n\t\t<a class=\"elementor-post__read-more\" href=\"https:\/\/www.thetrickplay.fr\/en\/khyree-jackson-cb-oregon-senior\/\" aria-label=\"Read more about Khyree Jackson, CB, Oregon (Senior)\" tabindex=\"-1\" >\n\t\t\tRead the report\t\t<\/a>\n\n\t\t\t\t<\/div>\n\t\t\t\t<div class=\"elementor-post__meta-data\">\n\t\t\t\t\t<span class=\"elementor-post-date\">\n\t\t\t8 April 2024\t\t<\/span>\n\t\t\t\t<\/div>\n\t\t\t\t\t<\/div>\n\t\t<\/article>\n\t\t\t\t<\/div>\n\t\t\n\t\t\t\t<div class=\"e-load-more-anchor\" data-page=\"1\" data-max-page=\"3\" data-next-page=\"https:\/\/www.thetrickplay.fr\/en\/wp-json\/wp\/v2\/pages\/18188\/page\/2\/\"><\/div>\n\t\t\t\t<nav class=\"elementor-pagination\" aria-label=\"Pagination\">\n\t\t\t<span aria-current=\"page\" class=\"page-numbers current\"><span class=\"elementor-screen-only\">Page<\/span>1<\/span>\n<a class=\"page-numbers\" href=\"https:\/\/www.thetrickplay.fr\/en\/wp-json\/wp\/v2\/pages\/18188\/page\/2\/\"><span class=\"elementor-screen-only\">Page<\/span>2<\/a>\n<a class=\"page-numbers\" href=\"https:\/\/www.thetrickplay.fr\/en\/wp-json\/wp\/v2\/pages\/18188\/page\/3\/\"><span class=\"elementor-screen-only\">Page<\/span>3<\/a>\t\t<\/nav>\n\t\t\t\t\t\t<\/div>\n\t\t\t\t<\/div>\n\t\t\t\t\t<\/div>\n\t\t<\/div>\n\t\t\t\t\t<\/div>\n\t\t<\/section>\n\t\t\t\t<\/div>","protected":false},"excerpt":{"rendered":"<p>Cornerbacks 2024<\/p>","protected":false},"author":1,"featured_media":18026,"parent":18033,"menu_order":0,"comment_status":"closed","ping_status":"closed","template":"","meta":{"footnotes":""},"class_list":["post-18188","page","type-page","status-publish","has-post-thumbnail","hentry"],"_links":{"self":[{"href":"https:\/\/www.thetrickplay.fr\/en\/wp-json\/wp\/v2\/pages\/18188","targetHints":{"allow":["GET"]}}],"collection":[{"href":"https:\/\/www.thetrickplay.fr\/en\/wp-json\/wp\/v2\/pages"}],"about":[{"href":"https:\/\/www.thetrickplay.fr\/en\/wp-json\/wp\/v2\/types\/page"}],"author":[{"embeddable":true,"href":"https:\/\/www.thetrickplay.fr\/en\/wp-json\/wp\/v2\/users\/1"}],"replies":[{"embeddable":true,"href":"https:\/\/www.thetrickplay.fr\/en\/wp-json\/wp\/v2\/comments?post=18188"}],"version-history":[{"count":7,"href":"https:\/\/www.thetrickplay.fr\/en\/wp-json\/wp\/v2\/pages\/18188\/revisions"}],"predecessor-version":[{"id":18242,"href":"https:\/\/www.thetrickplay.fr\/en\/wp-json\/wp\/v2\/pages\/18188\/revisions\/18242"}],"up":[{"embeddable":true,"href":"https:\/\/www.thetrickplay.fr\/en\/wp-json\/wp\/v2\/pages\/18033"}],"wp:featuredmedia":[{"embeddable":true,"href":"https:\/\/www.thetrickplay.fr\/en\/wp-json\/wp\/v2\/media\/18026"}],"wp:attachment":[{"href":"https:\/\/www.thetrickplay.fr\/en\/wp-json\/wp\/v2\/media?parent=18188"}],"curies":[{"name":"wp","href":"https:\/\/api.w.org\/{rel}","templated":true}]}}