{"id":18174,"date":"2024-02-01T18:03:33","date_gmt":"2024-02-01T17:03:33","guid":{"rendered":"https:\/\/www.thetrickplay.fr\/?page_id=18174"},"modified":"2024-02-01T18:43:37","modified_gmt":"2024-02-01T17:43:37","slug":"running-backs-2024","status":"publish","type":"page","link":"https:\/\/www.thetrickplay.fr\/en\/les-profils-de-draft-2024\/running-backs-2024\/","title":{"rendered":"Running Backs 2024"},"content":{"rendered":"<div data-elementor-type=\"wp-page\" data-elementor-id=\"18174\" class=\"elementor elementor-18174\" data-elementor-post-type=\"page\">\n\t\t\t\t\t\t<section class=\"elementor-section elementor-top-section elementor-element elementor-element-2ef95d8 elementor-section-boxed elementor-section-height-default elementor-section-height-default\" data-id=\"2ef95d8\" data-element_type=\"section\" data-e-type=\"section\">\n\t\t\t\t\t\t<div class=\"elementor-container elementor-column-gap-default\">\n\t\t\t\t\t<div class=\"elementor-column elementor-col-100 elementor-top-column elementor-element elementor-element-33c02d4\" data-id=\"33c02d4\" data-element_type=\"column\" data-e-type=\"column\">\n\t\t\t<div class=\"elementor-widget-wrap elementor-element-populated\">\n\t\t\t\t\t\t<div class=\"elementor-element elementor-element-9ef47ec elementor-widget elementor-widget-heading\" data-id=\"9ef47ec\" data-element_type=\"widget\" data-e-type=\"widget\" data-widget_type=\"heading.default\">\n\t\t\t\t<div class=\"elementor-widget-container\">\n\t\t\t\t\t<h2 class=\"elementor-heading-title elementor-size-default\">Running Backs 2024<\/h2>\t\t\t\t<\/div>\n\t\t\t\t<\/div>\n\t\t\t\t\t<\/div>\n\t\t<\/div>\n\t\t\t\t\t<\/div>\n\t\t<\/section>\n\t\t\t\t<section class=\"elementor-section elementor-top-section elementor-element elementor-element-9f4ac2d elementor-section-boxed elementor-section-height-default elementor-section-height-default\" data-id=\"9f4ac2d\" data-element_type=\"section\" data-e-type=\"section\">\n\t\t\t\t\t\t<div class=\"elementor-container elementor-column-gap-default\">\n\t\t\t\t\t<div class=\"elementor-column elementor-col-100 elementor-top-column elementor-element elementor-element-3d06509\" data-id=\"3d06509\" data-element_type=\"column\" data-e-type=\"column\">\n\t\t\t<div class=\"elementor-widget-wrap elementor-element-populated\">\n\t\t\t\t\t\t<div class=\"elementor-element elementor-element-61aa6f8 elementor-grid-3 elementor-grid-tablet-2 elementor-grid-mobile-1 elementor-posts--thumbnail-top elementor-posts--show-avatar elementor-card-shadow-yes elementor-posts__hover-gradient elementor-widget elementor-widget-posts\" data-id=\"61aa6f8\" data-element_type=\"widget\" data-e-type=\"widget\" data-settings=\"{&quot;cards_masonry&quot;:&quot;yes&quot;,&quot;pagination_type&quot;:&quot;numbers&quot;,&quot;cards_columns&quot;:&quot;3&quot;,&quot;cards_columns_tablet&quot;:&quot;2&quot;,&quot;cards_columns_mobile&quot;:&quot;1&quot;,&quot;cards_row_gap&quot;:{&quot;unit&quot;:&quot;px&quot;,&quot;size&quot;:35,&quot;sizes&quot;:[]},&quot;cards_row_gap_tablet&quot;:{&quot;unit&quot;:&quot;px&quot;,&quot;size&quot;:&quot;&quot;,&quot;sizes&quot;:[]},&quot;cards_row_gap_mobile&quot;:{&quot;unit&quot;:&quot;px&quot;,&quot;size&quot;:&quot;&quot;,&quot;sizes&quot;:[]}}\" data-widget_type=\"posts.cards\">\n\t\t\t\t<div class=\"elementor-widget-container\">\n\t\t\t\t\t\t\t<div class=\"elementor-posts-container elementor-posts elementor-posts--skin-cards elementor-grid\" role=\"list\">\n\t\t\t\t<article class=\"elementor-post elementor-grid-item post-21485 post type-post status-publish format-standard has-post-thumbnail hentry category-rb-2024 category-scouting-2024 tag-draft tag-ncaa tag-nfl-draft tag-rb tag-scouting tag-sec\" role=\"listitem\">\n\t\t\t<div class=\"elementor-post__card\">\n\t\t\t\t<a class=\"elementor-post__thumbnail__link\" href=\"https:\/\/www.thetrickplay.fr\/en\/jase-mcclellan-rb-alabama-senior\/\" tabindex=\"-1\" ><div class=\"elementor-post__thumbnail\"><img fetchpriority=\"high\" decoding=\"async\" width=\"1636\" height=\"1636\" src=\"https:\/\/www.thetrickplay.fr\/wp-content\/uploads\/2024\/04\/Jase-McClellan-ID.png\" class=\"attachment-full size-full wp-image-21205\" alt=\"\" srcset=\"https:\/\/www.thetrickplay.fr\/wp-content\/uploads\/2024\/04\/Jase-McClellan-ID.png 1636w, https:\/\/www.thetrickplay.fr\/wp-content\/uploads\/2024\/04\/Jase-McClellan-ID-300x300.png 300w, https:\/\/www.thetrickplay.fr\/wp-content\/uploads\/2024\/04\/Jase-McClellan-ID-1024x1024.png 1024w, https:\/\/www.thetrickplay.fr\/wp-content\/uploads\/2024\/04\/Jase-McClellan-ID-150x150.png 150w, https:\/\/www.thetrickplay.fr\/wp-content\/uploads\/2024\/04\/Jase-McClellan-ID-768x768.png 768w, https:\/\/www.thetrickplay.fr\/wp-content\/uploads\/2024\/04\/Jase-McClellan-ID-1536x1536.png 1536w, https:\/\/www.thetrickplay.fr\/wp-content\/uploads\/2024\/04\/Jase-McClellan-ID-12x12.png 12w\" sizes=\"(max-width: 1636px) 100vw, 1636px\" \/><\/div><\/a>\n\t\t\t\t<div class=\"elementor-post__avatar\">\n\t\t\t<img alt='Valentin' src='https:\/\/secure.gravatar.com\/avatar\/bf0d43f03aab8c517c34d517522f879770b7efc868f73d43a70851abf88ee0cc?s=128&#038;d=mm&#038;r=g' srcset='https:\/\/secure.gravatar.com\/avatar\/bf0d43f03aab8c517c34d517522f879770b7efc868f73d43a70851abf88ee0cc?s=256&#038;d=mm&#038;r=g 2x' class='avatar avatar-128 photo' height='128' width='128' \/>\t\t<\/div>\n\t\t\t\t<div class=\"elementor-post__text\">\n\t\t\t\t<h3 class=\"elementor-post__title\">\n\t\t\t<a href=\"https:\/\/www.thetrickplay.fr\/en\/jase-mcclellan-rb-alabama-senior\/\" >\n\t\t\t\tJase McClellan, RB, Alabama (Senior)\t\t\t<\/a>\n\t\t<\/h3>\n\t\t\t\t<div class=\"elementor-post__excerpt\">\n\t\t\t<p>Jase McClellan, RB, Alabama (Senior) De retour pour cette \u00e9dition 2024 de la Draft NFL, l&rsquo;\u00e9quipe de The Trick Play vous propose \u00e0 nouveau de<\/p>\n\t\t<\/div>\n\t\t\n\t\t<a class=\"elementor-post__read-more\" href=\"https:\/\/www.thetrickplay.fr\/en\/jase-mcclellan-rb-alabama-senior\/\" aria-label=\"Read more about Jase McClellan, RB, Alabama (Senior)\" tabindex=\"-1\" >\n\t\t\tRead the report\t\t<\/a>\n\n\t\t\t\t<\/div>\n\t\t\t\t<div class=\"elementor-post__meta-data\">\n\t\t\t\t\t<span class=\"elementor-post-date\">\n\t\t\t23 April 2024\t\t<\/span>\n\t\t\t\t<\/div>\n\t\t\t\t\t<\/div>\n\t\t<\/article>\n\t\t\t\t<article class=\"elementor-post elementor-grid-item post-21473 post type-post status-publish format-standard has-post-thumbnail hentry category-rb-2024 category-scouting-2024 tag-draft tag-ncaa tag-nfl-draft tag-rb tag-scouting\" role=\"listitem\">\n\t\t\t<div class=\"elementor-post__card\">\n\t\t\t\t<a class=\"elementor-post__thumbnail__link\" href=\"https:\/\/www.thetrickplay.fr\/en\/ali-rasheen-rb-marshall-junior\/\" tabindex=\"-1\" ><div class=\"elementor-post__thumbnail\"><img decoding=\"async\" width=\"1636\" height=\"1636\" src=\"https:\/\/www.thetrickplay.fr\/wp-content\/uploads\/2024\/04\/Ali-Rasheen-ID.png\" class=\"attachment-full size-full wp-image-21206\" alt=\"\" srcset=\"https:\/\/www.thetrickplay.fr\/wp-content\/uploads\/2024\/04\/Ali-Rasheen-ID.png 1636w, https:\/\/www.thetrickplay.fr\/wp-content\/uploads\/2024\/04\/Ali-Rasheen-ID-300x300.png 300w, https:\/\/www.thetrickplay.fr\/wp-content\/uploads\/2024\/04\/Ali-Rasheen-ID-1024x1024.png 1024w, https:\/\/www.thetrickplay.fr\/wp-content\/uploads\/2024\/04\/Ali-Rasheen-ID-150x150.png 150w, https:\/\/www.thetrickplay.fr\/wp-content\/uploads\/2024\/04\/Ali-Rasheen-ID-768x768.png 768w, https:\/\/www.thetrickplay.fr\/wp-content\/uploads\/2024\/04\/Ali-Rasheen-ID-1536x1536.png 1536w, https:\/\/www.thetrickplay.fr\/wp-content\/uploads\/2024\/04\/Ali-Rasheen-ID-12x12.png 12w\" sizes=\"(max-width: 1636px) 100vw, 1636px\" \/><\/div><\/a>\n\t\t\t\t<div class=\"elementor-post__avatar\">\n\t\t\t<img alt='Valentin' src='https:\/\/secure.gravatar.com\/avatar\/bf0d43f03aab8c517c34d517522f879770b7efc868f73d43a70851abf88ee0cc?s=128&#038;d=mm&#038;r=g' srcset='https:\/\/secure.gravatar.com\/avatar\/bf0d43f03aab8c517c34d517522f879770b7efc868f73d43a70851abf88ee0cc?s=256&#038;d=mm&#038;r=g 2x' class='avatar avatar-128 photo' height='128' width='128' \/>\t\t<\/div>\n\t\t\t\t<div class=\"elementor-post__text\">\n\t\t\t\t<h3 class=\"elementor-post__title\">\n\t\t\t<a href=\"https:\/\/www.thetrickplay.fr\/en\/ali-rasheen-rb-marshall-junior\/\" >\n\t\t\t\tAli Rasheen, RB, Marshall (Junior)\t\t\t<\/a>\n\t\t<\/h3>\n\t\t\t\t<div class=\"elementor-post__excerpt\">\n\t\t\t<p>Ali Rasheen, RB, Marshall (Junior) De retour pour cette \u00e9dition 2024 de la Draft NFL, l&rsquo;\u00e9quipe de The Trick Play vous propose \u00e0 nouveau de<\/p>\n\t\t<\/div>\n\t\t\n\t\t<a class=\"elementor-post__read-more\" href=\"https:\/\/www.thetrickplay.fr\/en\/ali-rasheen-rb-marshall-junior\/\" aria-label=\"Read more about Ali Rasheen, RB, Marshall (Junior)\" tabindex=\"-1\" >\n\t\t\tRead the report\t\t<\/a>\n\n\t\t\t\t<\/div>\n\t\t\t\t<div class=\"elementor-post__meta-data\">\n\t\t\t\t\t<span class=\"elementor-post-date\">\n\t\t\t22 April 2024\t\t<\/span>\n\t\t\t\t<\/div>\n\t\t\t\t\t<\/div>\n\t\t<\/article>\n\t\t\t\t<article class=\"elementor-post elementor-grid-item post-21308 post type-post status-publish format-standard has-post-thumbnail hentry category-rb-2024 category-scouting-2024 tag-draft tag-ncaa tag-nfl-draft tag-rb tag-scouting\" role=\"listitem\">\n\t\t\t<div class=\"elementor-post__card\">\n\t\t\t\t<a class=\"elementor-post__thumbnail__link\" href=\"https:\/\/www.thetrickplay.fr\/en\/braelon-allen-rb-wisconsin-junior\/\" tabindex=\"-1\" ><div class=\"elementor-post__thumbnail\"><img decoding=\"async\" width=\"1636\" height=\"1636\" src=\"https:\/\/www.thetrickplay.fr\/wp-content\/uploads\/2024\/03\/Braelon-Allen-ID.png\" class=\"attachment-full size-full wp-image-21022\" alt=\"\" srcset=\"https:\/\/www.thetrickplay.fr\/wp-content\/uploads\/2024\/03\/Braelon-Allen-ID.png 1636w, https:\/\/www.thetrickplay.fr\/wp-content\/uploads\/2024\/03\/Braelon-Allen-ID-300x300.png 300w, https:\/\/www.thetrickplay.fr\/wp-content\/uploads\/2024\/03\/Braelon-Allen-ID-1024x1024.png 1024w, https:\/\/www.thetrickplay.fr\/wp-content\/uploads\/2024\/03\/Braelon-Allen-ID-150x150.png 150w, https:\/\/www.thetrickplay.fr\/wp-content\/uploads\/2024\/03\/Braelon-Allen-ID-768x768.png 768w, https:\/\/www.thetrickplay.fr\/wp-content\/uploads\/2024\/03\/Braelon-Allen-ID-1536x1536.png 1536w, https:\/\/www.thetrickplay.fr\/wp-content\/uploads\/2024\/03\/Braelon-Allen-ID-12x12.png 12w\" sizes=\"(max-width: 1636px) 100vw, 1636px\" \/><\/div><\/a>\n\t\t\t\t<div class=\"elementor-post__avatar\">\n\t\t\t<img alt='Valentin' src='https:\/\/secure.gravatar.com\/avatar\/bf0d43f03aab8c517c34d517522f879770b7efc868f73d43a70851abf88ee0cc?s=128&#038;d=mm&#038;r=g' srcset='https:\/\/secure.gravatar.com\/avatar\/bf0d43f03aab8c517c34d517522f879770b7efc868f73d43a70851abf88ee0cc?s=256&#038;d=mm&#038;r=g 2x' class='avatar avatar-128 photo' height='128' width='128' \/>\t\t<\/div>\n\t\t\t\t<div class=\"elementor-post__text\">\n\t\t\t\t<h3 class=\"elementor-post__title\">\n\t\t\t<a href=\"https:\/\/www.thetrickplay.fr\/en\/braelon-allen-rb-wisconsin-junior\/\" >\n\t\t\t\tBraelon Allen, RB, Wisconsin (Junior)\t\t\t<\/a>\n\t\t<\/h3>\n\t\t\t\t<div class=\"elementor-post__excerpt\">\n\t\t\t<p>Braelon Allen, RB, Wisconsin (Junior) De retour pour cette \u00e9dition 2024 de la Draft NFL, l&rsquo;\u00e9quipe de The Trick Play vous propose \u00e0 nouveau de<\/p>\n\t\t<\/div>\n\t\t\n\t\t<a class=\"elementor-post__read-more\" href=\"https:\/\/www.thetrickplay.fr\/en\/braelon-allen-rb-wisconsin-junior\/\" aria-label=\"Read more about Braelon Allen, RB, Wisconsin (Junior)\" tabindex=\"-1\" >\n\t\t\tRead the report\t\t<\/a>\n\n\t\t\t\t<\/div>\n\t\t\t\t<div class=\"elementor-post__meta-data\">\n\t\t\t\t\t<span class=\"elementor-post-date\">\n\t\t\t8 April 2024\t\t<\/span>\n\t\t\t\t<\/div>\n\t\t\t\t\t<\/div>\n\t\t<\/article>\n\t\t\t\t<article class=\"elementor-post elementor-grid-item post-20322 post type-post status-publish format-standard has-post-thumbnail hentry category-rb-2024 category-scouting-2024 tag-draft tag-ncaa tag-nfl-draft tag-rb tag-scouting\" role=\"listitem\">\n\t\t\t<div class=\"elementor-post__card\">\n\t\t\t\t<a class=\"elementor-post__thumbnail__link\" href=\"https:\/\/www.thetrickplay.fr\/en\/jonathon-brooks-rb-texas-r-sophomore\/\" tabindex=\"-1\" ><div class=\"elementor-post__thumbnail\"><img loading=\"lazy\" decoding=\"async\" width=\"1636\" height=\"1636\" src=\"https:\/\/www.thetrickplay.fr\/wp-content\/uploads\/2024\/03\/Jonathon-Brooks-ID.png\" class=\"attachment-full size-full wp-image-21026\" alt=\"\" srcset=\"https:\/\/www.thetrickplay.fr\/wp-content\/uploads\/2024\/03\/Jonathon-Brooks-ID.png 1636w, https:\/\/www.thetrickplay.fr\/wp-content\/uploads\/2024\/03\/Jonathon-Brooks-ID-300x300.png 300w, https:\/\/www.thetrickplay.fr\/wp-content\/uploads\/2024\/03\/Jonathon-Brooks-ID-1024x1024.png 1024w, https:\/\/www.thetrickplay.fr\/wp-content\/uploads\/2024\/03\/Jonathon-Brooks-ID-150x150.png 150w, https:\/\/www.thetrickplay.fr\/wp-content\/uploads\/2024\/03\/Jonathon-Brooks-ID-768x768.png 768w, https:\/\/www.thetrickplay.fr\/wp-content\/uploads\/2024\/03\/Jonathon-Brooks-ID-1536x1536.png 1536w, https:\/\/www.thetrickplay.fr\/wp-content\/uploads\/2024\/03\/Jonathon-Brooks-ID-12x12.png 12w\" sizes=\"(max-width: 1636px) 100vw, 1636px\" \/><\/div><\/a>\n\t\t\t\t<div class=\"elementor-post__avatar\">\n\t\t\t<img alt='Valentin' src='https:\/\/secure.gravatar.com\/avatar\/bf0d43f03aab8c517c34d517522f879770b7efc868f73d43a70851abf88ee0cc?s=128&#038;d=mm&#038;r=g' srcset='https:\/\/secure.gravatar.com\/avatar\/bf0d43f03aab8c517c34d517522f879770b7efc868f73d43a70851abf88ee0cc?s=256&#038;d=mm&#038;r=g 2x' class='avatar avatar-128 photo' height='128' width='128' \/>\t\t<\/div>\n\t\t\t\t<div class=\"elementor-post__text\">\n\t\t\t\t<h3 class=\"elementor-post__title\">\n\t\t\t<a href=\"https:\/\/www.thetrickplay.fr\/en\/jonathon-brooks-rb-texas-r-sophomore\/\" >\n\t\t\t\tJonathon Brooks, RB, Texas (R-Sophomore)\t\t\t<\/a>\n\t\t<\/h3>\n\t\t\t\t<div class=\"elementor-post__excerpt\">\n\t\t\t<p>Jonathon Brooks, RB, Texas (R-Sophomore) De retour pour cette \u00e9dition 2024 de la Draft NFL, l&rsquo;\u00e9quipe de The Trick Play vous propose \u00e0 nouveau de<\/p>\n\t\t<\/div>\n\t\t\n\t\t<a class=\"elementor-post__read-more\" href=\"https:\/\/www.thetrickplay.fr\/en\/jonathon-brooks-rb-texas-r-sophomore\/\" aria-label=\"Read more about Jonathon Brooks, RB, Texas (R-Sophomore)\" tabindex=\"-1\" >\n\t\t\tRead the report\t\t<\/a>\n\n\t\t\t\t<\/div>\n\t\t\t\t<div class=\"elementor-post__meta-data\">\n\t\t\t\t\t<span class=\"elementor-post-date\">\n\t\t\t5 April 2024\t\t<\/span>\n\t\t\t\t<\/div>\n\t\t\t\t\t<\/div>\n\t\t<\/article>\n\t\t\t\t<article class=\"elementor-post elementor-grid-item post-19752 post type-post status-publish format-standard has-post-thumbnail hentry category-rb-2024 category-scouting-2024 tag-draft tag-ncaa tag-nfl-draft tag-rb tag-scouting tag-usc\" role=\"listitem\">\n\t\t\t<div class=\"elementor-post__card\">\n\t\t\t\t<a class=\"elementor-post__thumbnail__link\" href=\"https:\/\/www.thetrickplay.fr\/en\/marshawn-lloyd-rb-usc-junior\/\" tabindex=\"-1\" ><div class=\"elementor-post__thumbnail\"><img loading=\"lazy\" decoding=\"async\" width=\"1636\" height=\"1636\" src=\"https:\/\/www.thetrickplay.fr\/wp-content\/uploads\/2024\/04\/Marshawn-Lloyd-ID.png\" class=\"attachment-full size-full wp-image-20989\" alt=\"\" srcset=\"https:\/\/www.thetrickplay.fr\/wp-content\/uploads\/2024\/04\/Marshawn-Lloyd-ID.png 1636w, https:\/\/www.thetrickplay.fr\/wp-content\/uploads\/2024\/04\/Marshawn-Lloyd-ID-300x300.png 300w, https:\/\/www.thetrickplay.fr\/wp-content\/uploads\/2024\/04\/Marshawn-Lloyd-ID-1024x1024.png 1024w, https:\/\/www.thetrickplay.fr\/wp-content\/uploads\/2024\/04\/Marshawn-Lloyd-ID-150x150.png 150w, https:\/\/www.thetrickplay.fr\/wp-content\/uploads\/2024\/04\/Marshawn-Lloyd-ID-768x768.png 768w, https:\/\/www.thetrickplay.fr\/wp-content\/uploads\/2024\/04\/Marshawn-Lloyd-ID-1536x1536.png 1536w, https:\/\/www.thetrickplay.fr\/wp-content\/uploads\/2024\/04\/Marshawn-Lloyd-ID-12x12.png 12w\" sizes=\"(max-width: 1636px) 100vw, 1636px\" \/><\/div><\/a>\n\t\t\t\t<div class=\"elementor-post__avatar\">\n\t\t\t<img alt='Valentin' src='https:\/\/secure.gravatar.com\/avatar\/bf0d43f03aab8c517c34d517522f879770b7efc868f73d43a70851abf88ee0cc?s=128&#038;d=mm&#038;r=g' srcset='https:\/\/secure.gravatar.com\/avatar\/bf0d43f03aab8c517c34d517522f879770b7efc868f73d43a70851abf88ee0cc?s=256&#038;d=mm&#038;r=g 2x' class='avatar avatar-128 photo' height='128' width='128' \/>\t\t<\/div>\n\t\t\t\t<div class=\"elementor-post__text\">\n\t\t\t\t<h3 class=\"elementor-post__title\">\n\t\t\t<a href=\"https:\/\/www.thetrickplay.fr\/en\/marshawn-lloyd-rb-usc-junior\/\" >\n\t\t\t\tMarshawn Lloyd, RB, USC (Junior)\t\t\t<\/a>\n\t\t<\/h3>\n\t\t\t\t<div class=\"elementor-post__excerpt\">\n\t\t\t<p>Marshawn Lloyd, RB, USC (Junior) De retour pour cette \u00e9dition 2024 de la Draft NFL, l&rsquo;\u00e9quipe de The Trick Play vous propose \u00e0 nouveau de<\/p>\n\t\t<\/div>\n\t\t\n\t\t<a class=\"elementor-post__read-more\" href=\"https:\/\/www.thetrickplay.fr\/en\/marshawn-lloyd-rb-usc-junior\/\" aria-label=\"Read more about Marshawn Lloyd, RB, USC (Junior)\" tabindex=\"-1\" >\n\t\t\tRead the report\t\t<\/a>\n\n\t\t\t\t<\/div>\n\t\t\t\t<div class=\"elementor-post__meta-data\">\n\t\t\t\t\t<span class=\"elementor-post-date\">\n\t\t\t3 April 2024\t\t<\/span>\n\t\t\t\t<\/div>\n\t\t\t\t\t<\/div>\n\t\t<\/article>\n\t\t\t\t<article class=\"elementor-post elementor-grid-item post-19276 post type-post status-publish format-standard has-post-thumbnail hentry category-rb-2024 category-scouting-2024 tag-draft tag-ncaa tag-nfl-draft tag-rb tag-scouting\" role=\"listitem\">\n\t\t\t<div class=\"elementor-post__card\">\n\t\t\t\t<a class=\"elementor-post__thumbnail__link\" href=\"https:\/\/www.thetrickplay.fr\/en\/bu\/\" tabindex=\"-1\" ><div class=\"elementor-post__thumbnail\"><img loading=\"lazy\" decoding=\"async\" width=\"1636\" height=\"1636\" src=\"https:\/\/www.thetrickplay.fr\/wp-content\/uploads\/2024\/03\/Bucky-Irving-ID.png\" class=\"attachment-full size-full wp-image-19821\" alt=\"\" srcset=\"https:\/\/www.thetrickplay.fr\/wp-content\/uploads\/2024\/03\/Bucky-Irving-ID.png 1636w, https:\/\/www.thetrickplay.fr\/wp-content\/uploads\/2024\/03\/Bucky-Irving-ID-300x300.png 300w, https:\/\/www.thetrickplay.fr\/wp-content\/uploads\/2024\/03\/Bucky-Irving-ID-1024x1024.png 1024w, https:\/\/www.thetrickplay.fr\/wp-content\/uploads\/2024\/03\/Bucky-Irving-ID-150x150.png 150w, https:\/\/www.thetrickplay.fr\/wp-content\/uploads\/2024\/03\/Bucky-Irving-ID-768x768.png 768w, https:\/\/www.thetrickplay.fr\/wp-content\/uploads\/2024\/03\/Bucky-Irving-ID-1536x1536.png 1536w, https:\/\/www.thetrickplay.fr\/wp-content\/uploads\/2024\/03\/Bucky-Irving-ID-12x12.png 12w\" sizes=\"(max-width: 1636px) 100vw, 1636px\" \/><\/div><\/a>\n\t\t\t\t<div class=\"elementor-post__avatar\">\n\t\t\t<img alt='Valentin' src='https:\/\/secure.gravatar.com\/avatar\/bf0d43f03aab8c517c34d517522f879770b7efc868f73d43a70851abf88ee0cc?s=128&#038;d=mm&#038;r=g' srcset='https:\/\/secure.gravatar.com\/avatar\/bf0d43f03aab8c517c34d517522f879770b7efc868f73d43a70851abf88ee0cc?s=256&#038;d=mm&#038;r=g 2x' class='avatar avatar-128 photo' height='128' width='128' \/>\t\t<\/div>\n\t\t\t\t<div class=\"elementor-post__text\">\n\t\t\t\t<h3 class=\"elementor-post__title\">\n\t\t\t<a href=\"https:\/\/www.thetrickplay.fr\/en\/bu\/\" >\n\t\t\t\tBucky Irving, RB, Oregon (Junior)\t\t\t<\/a>\n\t\t<\/h3>\n\t\t\t\t<div class=\"elementor-post__excerpt\">\n\t\t\t<p>Bucky Irving, RB, Oregon (Junior) De retour pour cette \u00e9dition 2024 de la Draft NFL, l&rsquo;\u00e9quipe de The Trick Play vous propose \u00e0 nouveau de<\/p>\n\t\t<\/div>\n\t\t\n\t\t<a class=\"elementor-post__read-more\" href=\"https:\/\/www.thetrickplay.fr\/en\/bu\/\" aria-label=\"Read more about Bucky Irving, RB, Oregon (Junior)\" tabindex=\"-1\" >\n\t\t\tRead the report\t\t<\/a>\n\n\t\t\t\t<\/div>\n\t\t\t\t<div class=\"elementor-post__meta-data\">\n\t\t\t\t\t<span class=\"elementor-post-date\">\n\t\t\t4 March 2024\t\t<\/span>\n\t\t\t\t<\/div>\n\t\t\t\t\t<\/div>\n\t\t<\/article>\n\t\t\t\t<\/div>\n\t\t\n\t\t\t\t<div class=\"e-load-more-anchor\" data-page=\"1\" data-max-page=\"2\" data-next-page=\"https:\/\/www.thetrickplay.fr\/en\/wp-json\/wp\/v2\/pages\/18174\/page\/2\/\"><\/div>\n\t\t\t\t<nav class=\"elementor-pagination\" aria-label=\"Pagination\">\n\t\t\t<span aria-current=\"page\" class=\"page-numbers current\"><span class=\"elementor-screen-only\">Page<\/span>1<\/span>\n<a class=\"page-numbers\" href=\"https:\/\/www.thetrickplay.fr\/en\/wp-json\/wp\/v2\/pages\/18174\/page\/2\/\"><span class=\"elementor-screen-only\">Page<\/span>2<\/a>\t\t<\/nav>\n\t\t\t\t\t\t<\/div>\n\t\t\t\t<\/div>\n\t\t\t\t\t<\/div>\n\t\t<\/div>\n\t\t\t\t\t<\/div>\n\t\t<\/section>\n\t\t\t\t<\/div>","protected":false},"excerpt":{"rendered":"<p>Running Backs 2024<\/p>","protected":false},"author":1,"featured_media":18030,"parent":18033,"menu_order":0,"comment_status":"closed","ping_status":"closed","template":"","meta":{"footnotes":""},"class_list":["post-18174","page","type-page","status-publish","has-post-thumbnail","hentry"],"_links":{"self":[{"href":"https:\/\/www.thetrickplay.fr\/en\/wp-json\/wp\/v2\/pages\/18174","targetHints":{"allow":["GET"]}}],"collection":[{"href":"https:\/\/www.thetrickplay.fr\/en\/wp-json\/wp\/v2\/pages"}],"about":[{"href":"https:\/\/www.thetrickplay.fr\/en\/wp-json\/wp\/v2\/types\/page"}],"author":[{"embeddable":true,"href":"https:\/\/www.thetrickplay.fr\/en\/wp-json\/wp\/v2\/users\/1"}],"replies":[{"embeddable":true,"href":"https:\/\/www.thetrickplay.fr\/en\/wp-json\/wp\/v2\/comments?post=18174"}],"version-history":[{"count":10,"href":"https:\/\/www.thetrickplay.fr\/en\/wp-json\/wp\/v2\/pages\/18174\/revisions"}],"predecessor-version":[{"id":18257,"href":"https:\/\/www.thetrickplay.fr\/en\/wp-json\/wp\/v2\/pages\/18174\/revisions\/18257"}],"up":[{"embeddable":true,"href":"https:\/\/www.thetrickplay.fr\/en\/wp-json\/wp\/v2\/pages\/18033"}],"wp:featuredmedia":[{"embeddable":true,"href":"https:\/\/www.thetrickplay.fr\/en\/wp-json\/wp\/v2\/media\/18030"}],"wp:attachment":[{"href":"https:\/\/www.thetrickplay.fr\/en\/wp-json\/wp\/v2\/media?parent=18174"}],"curies":[{"name":"wp","href":"https:\/\/api.w.org\/{rel}","templated":true}]}}