{"id":12139,"date":"2023-01-21T12:58:41","date_gmt":"2023-01-21T11:58:41","guid":{"rendered":"https:\/\/www.thetrickplay.fr\/?page_id=12139"},"modified":"2023-01-21T21:27:01","modified_gmt":"2023-01-21T20:27:01","slug":"articles","status":"publish","type":"page","link":"https:\/\/www.thetrickplay.fr\/en\/articles\/","title":{"rendered":"Articles"},"content":{"rendered":"<div data-elementor-type=\"wp-page\" data-elementor-id=\"12139\" class=\"elementor elementor-12139\" data-elementor-post-type=\"page\">\n\t\t\t\t\t\t<section class=\"elementor-section elementor-top-section elementor-element elementor-element-2d88d7d elementor-section-boxed elementor-section-height-default elementor-section-height-default\" data-id=\"2d88d7d\" data-element_type=\"section\" data-e-type=\"section\">\n\t\t\t\t\t\t<div class=\"elementor-container elementor-column-gap-default\">\n\t\t\t\t\t<div class=\"elementor-column elementor-col-100 elementor-top-column elementor-element elementor-element-96b590d\" data-id=\"96b590d\" data-element_type=\"column\" data-e-type=\"column\">\n\t\t\t<div class=\"elementor-widget-wrap elementor-element-populated\">\n\t\t\t\t\t\t<div class=\"elementor-element elementor-element-1385c51 elementor-widget elementor-widget-heading\" data-id=\"1385c51\" data-element_type=\"widget\" data-e-type=\"widget\" data-widget_type=\"heading.default\">\n\t\t\t\t<div class=\"elementor-widget-container\">\n\t\t\t\t\t<h2 class=\"elementor-heading-title elementor-size-default\">Articles<\/h2>\t\t\t\t<\/div>\n\t\t\t\t<\/div>\n\t\t\t\t\t<\/div>\n\t\t<\/div>\n\t\t\t\t\t<\/div>\n\t\t<\/section>\n\t\t\t\t<section class=\"elementor-section elementor-top-section elementor-element elementor-element-12efdd7 elementor-section-boxed elementor-section-height-default elementor-section-height-default\" data-id=\"12efdd7\" data-element_type=\"section\" data-e-type=\"section\">\n\t\t\t\t\t\t<div class=\"elementor-container elementor-column-gap-default\">\n\t\t\t\t\t<div class=\"elementor-column elementor-col-100 elementor-top-column elementor-element elementor-element-ba084e5\" data-id=\"ba084e5\" data-element_type=\"column\" data-e-type=\"column\">\n\t\t\t<div class=\"elementor-widget-wrap elementor-element-populated\">\n\t\t\t\t\t\t<div class=\"elementor-element elementor-element-e4c75c9 elementor-posts--align-center elementor-grid-3 elementor-grid-tablet-2 elementor-grid-mobile-1 elementor-posts--thumbnail-top elementor-posts--show-avatar elementor-card-shadow-yes elementor-posts__hover-gradient elementor-widget elementor-widget-posts\" data-id=\"e4c75c9\" data-element_type=\"widget\" data-e-type=\"widget\" data-settings=\"{&quot;pagination_type&quot;:&quot;numbers&quot;,&quot;cards_columns&quot;:&quot;3&quot;,&quot;cards_columns_tablet&quot;:&quot;2&quot;,&quot;cards_columns_mobile&quot;:&quot;1&quot;,&quot;cards_row_gap&quot;:{&quot;unit&quot;:&quot;px&quot;,&quot;size&quot;:35,&quot;sizes&quot;:[]},&quot;cards_row_gap_tablet&quot;:{&quot;unit&quot;:&quot;px&quot;,&quot;size&quot;:&quot;&quot;,&quot;sizes&quot;:[]},&quot;cards_row_gap_mobile&quot;:{&quot;unit&quot;:&quot;px&quot;,&quot;size&quot;:&quot;&quot;,&quot;sizes&quot;:[]}}\" data-widget_type=\"posts.cards\">\n\t\t\t\t<div class=\"elementor-widget-container\">\n\t\t\t\t\t\t\t<div class=\"elementor-posts-container elementor-posts elementor-posts--skin-cards elementor-grid\" role=\"list\">\n\t\t\t\t<article class=\"elementor-post elementor-grid-item post-26084 post type-post status-publish format-standard has-post-thumbnail hentry category-articles-ttp category-qb-2026 category-scouting-2026 tag-alabama tag-ncaa tag-nfl-draft tag-qb tag-quarterback tag-scouting tag-sec\" role=\"listitem\">\n\t\t\t<div class=\"elementor-post__card\">\n\t\t\t\t<a class=\"elementor-post__thumbnail__link\" href=\"https:\/\/www.thetrickplay.fr\/en\/ty-simpson-qb-alabama-junior\/\" tabindex=\"-1\" ><div class=\"elementor-post__thumbnail\"><img fetchpriority=\"high\" decoding=\"async\" width=\"300\" height=\"300\" src=\"https:\/\/www.thetrickplay.fr\/wp-content\/uploads\/2026\/04\/Ty-Simpson-profil-draft-2026-300x300.jpg\" class=\"attachment-medium size-medium wp-image-27046\" alt=\"\" srcset=\"https:\/\/www.thetrickplay.fr\/wp-content\/uploads\/2026\/04\/Ty-Simpson-profil-draft-2026-300x300.jpg 300w, https:\/\/www.thetrickplay.fr\/wp-content\/uploads\/2026\/04\/Ty-Simpson-profil-draft-2026-150x150.jpg 150w, https:\/\/www.thetrickplay.fr\/wp-content\/uploads\/2026\/04\/Ty-Simpson-profil-draft-2026-768x768.jpg 768w, https:\/\/www.thetrickplay.fr\/wp-content\/uploads\/2026\/04\/Ty-Simpson-profil-draft-2026-12x12.jpg 12w, https:\/\/www.thetrickplay.fr\/wp-content\/uploads\/2026\/04\/Ty-Simpson-profil-draft-2026.jpg 1024w\" sizes=\"(max-width: 300px) 100vw, 300px\" \/><\/div><\/a>\n\t\t\t\t<div class=\"elementor-post__avatar\">\n\t\t\t<img alt='Kevin' src='https:\/\/secure.gravatar.com\/avatar\/2579a3fb73a43b6141b9dcb9ed371fa7bf4ed6507e52cdf3008cd963f3dfd65c?s=128&#038;d=mm&#038;r=g' srcset='https:\/\/secure.gravatar.com\/avatar\/2579a3fb73a43b6141b9dcb9ed371fa7bf4ed6507e52cdf3008cd963f3dfd65c?s=256&#038;d=mm&#038;r=g 2x' class='avatar avatar-128 photo' height='128' width='128' \/>\t\t<\/div>\n\t\t\t\t<div class=\"elementor-post__text\">\n\t\t\t\t<h3 class=\"elementor-post__title\">\n\t\t\t<a href=\"https:\/\/www.thetrickplay.fr\/en\/ty-simpson-qb-alabama-junior\/\" >\n\t\t\t\tTy Simpson, QB, Alabama (Junior)\t\t\t<\/a>\n\t\t<\/h3>\n\t\t\t\t<div class=\"elementor-post__excerpt\">\n\t\t\t<p>Ty Simpson, QB, Alabama (Junior) De retour pour cette cuv\u00e9e 2026, The TrickPlay vous propose de nouveau de plonger plus pr\u00e9cis\u00e9ment dans le jeu des<\/p>\n\t\t<\/div>\n\t\t\t\t\t<div class=\"elementor-post__read-more-wrapper\">\n\t\t\n\t\t<a class=\"elementor-post__read-more\" href=\"https:\/\/www.thetrickplay.fr\/en\/ty-simpson-qb-alabama-junior\/\" aria-label=\"Read more about Ty Simpson, QB, Alabama (Junior)\" tabindex=\"-1\" >\n\t\t\tRead more\t\t<\/a>\n\n\t\t\t\t\t<\/div>\n\t\t\t\t<\/div>\n\t\t\t\t<div class=\"elementor-post__meta-data\">\n\t\t\t\t\t<span class=\"elementor-post-date\">\n\t\t\t8 April 2026\t\t<\/span>\n\t\t\t\t<span class=\"elementor-post-avatar\">\n\t\t\tNo Comments\t\t<\/span>\n\t\t\t\t<\/div>\n\t\t\t\t\t<\/div>\n\t\t<\/article>\n\t\t\t\t<article class=\"elementor-post elementor-grid-item post-26212 post type-post status-publish format-standard has-post-thumbnail hentry category-articles-ttp category-scouting-2026 category-wr-2026 tag-big-ten tag-indiana tag-ncaa tag-nfl-draft tag-scouting tag-wr\" role=\"listitem\">\n\t\t\t<div class=\"elementor-post__card\">\n\t\t\t\t<a class=\"elementor-post__thumbnail__link\" href=\"https:\/\/www.thetrickplay.fr\/en\/elijah-sarratt-wr-indiana-senior\/\" tabindex=\"-1\" ><div class=\"elementor-post__thumbnail\"><img decoding=\"async\" width=\"300\" height=\"300\" src=\"https:\/\/www.thetrickplay.fr\/wp-content\/uploads\/2026\/04\/Elijah-Sarratt-draft-profil-2026-300x300.jpg\" class=\"attachment-medium size-medium wp-image-26830\" alt=\"\" srcset=\"https:\/\/www.thetrickplay.fr\/wp-content\/uploads\/2026\/04\/Elijah-Sarratt-draft-profil-2026-300x300.jpg 300w, https:\/\/www.thetrickplay.fr\/wp-content\/uploads\/2026\/04\/Elijah-Sarratt-draft-profil-2026-150x150.jpg 150w, https:\/\/www.thetrickplay.fr\/wp-content\/uploads\/2026\/04\/Elijah-Sarratt-draft-profil-2026-768x768.jpg 768w, https:\/\/www.thetrickplay.fr\/wp-content\/uploads\/2026\/04\/Elijah-Sarratt-draft-profil-2026-12x12.jpg 12w, https:\/\/www.thetrickplay.fr\/wp-content\/uploads\/2026\/04\/Elijah-Sarratt-draft-profil-2026.jpg 1024w\" sizes=\"(max-width: 300px) 100vw, 300px\" \/><\/div><\/a>\n\t\t\t\t<div class=\"elementor-post__avatar\">\n\t\t\t<img alt='Kevin' src='https:\/\/secure.gravatar.com\/avatar\/2579a3fb73a43b6141b9dcb9ed371fa7bf4ed6507e52cdf3008cd963f3dfd65c?s=128&#038;d=mm&#038;r=g' srcset='https:\/\/secure.gravatar.com\/avatar\/2579a3fb73a43b6141b9dcb9ed371fa7bf4ed6507e52cdf3008cd963f3dfd65c?s=256&#038;d=mm&#038;r=g 2x' class='avatar avatar-128 photo' height='128' width='128' \/>\t\t<\/div>\n\t\t\t\t<div class=\"elementor-post__text\">\n\t\t\t\t<h3 class=\"elementor-post__title\">\n\t\t\t<a href=\"https:\/\/www.thetrickplay.fr\/en\/elijah-sarratt-wr-indiana-senior\/\" >\n\t\t\t\tElijah Sarratt, WR, Indiana (Senior)\t\t\t<\/a>\n\t\t<\/h3>\n\t\t\t\t<div class=\"elementor-post__excerpt\">\n\t\t\t<p>Elijah Sarratt, WR, Indiana (Senior) De retour pour cette cuv\u00e9e 2026, The TrickPlay vous propose de nouveau de plonger plus pr\u00e9cis\u00e9ment dans le jeu des<\/p>\n\t\t<\/div>\n\t\t\t\t\t<div class=\"elementor-post__read-more-wrapper\">\n\t\t\n\t\t<a class=\"elementor-post__read-more\" href=\"https:\/\/www.thetrickplay.fr\/en\/elijah-sarratt-wr-indiana-senior\/\" aria-label=\"Read more about Elijah Sarratt, WR, Indiana (Senior)\" tabindex=\"-1\" >\n\t\t\tRead more\t\t<\/a>\n\n\t\t\t\t\t<\/div>\n\t\t\t\t<\/div>\n\t\t\t\t<div class=\"elementor-post__meta-data\">\n\t\t\t\t\t<span class=\"elementor-post-date\">\n\t\t\t1 April 2026\t\t<\/span>\n\t\t\t\t<span class=\"elementor-post-avatar\">\n\t\t\tNo Comments\t\t<\/span>\n\t\t\t\t<\/div>\n\t\t\t\t\t<\/div>\n\t\t<\/article>\n\t\t\t\t<article class=\"elementor-post elementor-grid-item post-26506 post type-post status-publish format-standard has-post-thumbnail hentry category-articles-ttp category-scouting-2026 category-wr-2026 tag-acc tag-miami tag-nfl-draft tag-scouting tag-wide-receiver tag-wr\" role=\"listitem\">\n\t\t\t<div class=\"elementor-post__card\">\n\t\t\t\t<a class=\"elementor-post__thumbnail__link\" href=\"https:\/\/www.thetrickplay.fr\/en\/cj-daniels-wr-miami-senior\/\" tabindex=\"-1\" ><div class=\"elementor-post__thumbnail\"><img decoding=\"async\" width=\"300\" height=\"300\" src=\"https:\/\/www.thetrickplay.fr\/wp-content\/uploads\/2026\/03\/CJ-Daniels-Profils-draft-2026-v2-300x300.jpg\" class=\"attachment-medium size-medium wp-image-26591\" alt=\"\" srcset=\"https:\/\/www.thetrickplay.fr\/wp-content\/uploads\/2026\/03\/CJ-Daniels-Profils-draft-2026-v2-300x300.jpg 300w, https:\/\/www.thetrickplay.fr\/wp-content\/uploads\/2026\/03\/CJ-Daniels-Profils-draft-2026-v2-150x150.jpg 150w, https:\/\/www.thetrickplay.fr\/wp-content\/uploads\/2026\/03\/CJ-Daniels-Profils-draft-2026-v2-768x768.jpg 768w, https:\/\/www.thetrickplay.fr\/wp-content\/uploads\/2026\/03\/CJ-Daniels-Profils-draft-2026-v2-12x12.jpg 12w, https:\/\/www.thetrickplay.fr\/wp-content\/uploads\/2026\/03\/CJ-Daniels-Profils-draft-2026-v2.jpg 1024w\" sizes=\"(max-width: 300px) 100vw, 300px\" \/><\/div><\/a>\n\t\t\t\t<div class=\"elementor-post__avatar\">\n\t\t\t<img alt='Kevin' src='https:\/\/secure.gravatar.com\/avatar\/2579a3fb73a43b6141b9dcb9ed371fa7bf4ed6507e52cdf3008cd963f3dfd65c?s=128&#038;d=mm&#038;r=g' srcset='https:\/\/secure.gravatar.com\/avatar\/2579a3fb73a43b6141b9dcb9ed371fa7bf4ed6507e52cdf3008cd963f3dfd65c?s=256&#038;d=mm&#038;r=g 2x' class='avatar avatar-128 photo' height='128' width='128' \/>\t\t<\/div>\n\t\t\t\t<div class=\"elementor-post__text\">\n\t\t\t\t<h3 class=\"elementor-post__title\">\n\t\t\t<a href=\"https:\/\/www.thetrickplay.fr\/en\/cj-daniels-wr-miami-senior\/\" >\n\t\t\t\tCJ Daniels, WR, Miami (Senior)\t\t\t<\/a>\n\t\t<\/h3>\n\t\t\t\t<div class=\"elementor-post__excerpt\">\n\t\t\t<p>CJ Daniels, WR, Miami (Senior) De retour pour cette cuv\u00e9e 2026, The TrickPlay vous propose de nouveau de plonger plus pr\u00e9cis\u00e9ment dans le jeu des<\/p>\n\t\t<\/div>\n\t\t\t\t\t<div class=\"elementor-post__read-more-wrapper\">\n\t\t\n\t\t<a class=\"elementor-post__read-more\" href=\"https:\/\/www.thetrickplay.fr\/en\/cj-daniels-wr-miami-senior\/\" aria-label=\"Read more about CJ Daniels, WR, Miami (Senior)\" tabindex=\"-1\" >\n\t\t\tRead more\t\t<\/a>\n\n\t\t\t\t\t<\/div>\n\t\t\t\t<\/div>\n\t\t\t\t<div class=\"elementor-post__meta-data\">\n\t\t\t\t\t<span class=\"elementor-post-date\">\n\t\t\t27 March 2026\t\t<\/span>\n\t\t\t\t<span class=\"elementor-post-avatar\">\n\t\t\tNo Comments\t\t<\/span>\n\t\t\t\t<\/div>\n\t\t\t\t\t<\/div>\n\t\t<\/article>\n\t\t\t\t<article class=\"elementor-post elementor-grid-item post-26077 post type-post status-publish format-standard has-post-thumbnail hentry category-articles-ttp category-qb-2026 category-scouting-2026 tag-acc tag-miami tag-ncaa tag-nfl-draft tag-qb tag-quarterback tag-scouting\" role=\"listitem\">\n\t\t\t<div class=\"elementor-post__card\">\n\t\t\t\t<a class=\"elementor-post__thumbnail__link\" href=\"https:\/\/www.thetrickplay.fr\/en\/carson-beck-qb-miami-senior\/\" tabindex=\"-1\" ><div class=\"elementor-post__thumbnail\"><img loading=\"lazy\" decoding=\"async\" width=\"300\" height=\"300\" src=\"https:\/\/www.thetrickplay.fr\/wp-content\/uploads\/2026\/03\/Carson-Beck-Profils-draft-2026-300x300.jpg\" class=\"attachment-medium size-medium wp-image-26589\" alt=\"\" srcset=\"https:\/\/www.thetrickplay.fr\/wp-content\/uploads\/2026\/03\/Carson-Beck-Profils-draft-2026-300x300.jpg 300w, https:\/\/www.thetrickplay.fr\/wp-content\/uploads\/2026\/03\/Carson-Beck-Profils-draft-2026-150x150.jpg 150w, https:\/\/www.thetrickplay.fr\/wp-content\/uploads\/2026\/03\/Carson-Beck-Profils-draft-2026-768x768.jpg 768w, https:\/\/www.thetrickplay.fr\/wp-content\/uploads\/2026\/03\/Carson-Beck-Profils-draft-2026-12x12.jpg 12w, https:\/\/www.thetrickplay.fr\/wp-content\/uploads\/2026\/03\/Carson-Beck-Profils-draft-2026.jpg 1024w\" sizes=\"(max-width: 300px) 100vw, 300px\" \/><\/div><\/a>\n\t\t\t\t<div class=\"elementor-post__avatar\">\n\t\t\t<img alt='Kevin' src='https:\/\/secure.gravatar.com\/avatar\/2579a3fb73a43b6141b9dcb9ed371fa7bf4ed6507e52cdf3008cd963f3dfd65c?s=128&#038;d=mm&#038;r=g' srcset='https:\/\/secure.gravatar.com\/avatar\/2579a3fb73a43b6141b9dcb9ed371fa7bf4ed6507e52cdf3008cd963f3dfd65c?s=256&#038;d=mm&#038;r=g 2x' class='avatar avatar-128 photo' height='128' width='128' \/>\t\t<\/div>\n\t\t\t\t<div class=\"elementor-post__text\">\n\t\t\t\t<h3 class=\"elementor-post__title\">\n\t\t\t<a href=\"https:\/\/www.thetrickplay.fr\/en\/carson-beck-qb-miami-senior\/\" >\n\t\t\t\tCarson Beck, QB, Miami (Senior)\t\t\t<\/a>\n\t\t<\/h3>\n\t\t\t\t<div class=\"elementor-post__excerpt\">\n\t\t\t<p>Carson Beck, QB, Miami (Senior) De retour pour cette cuv\u00e9e 2026, The TrickPlay vous propose de nouveau de plonger plus pr\u00e9cis\u00e9ment dans le jeu des<\/p>\n\t\t<\/div>\n\t\t\t\t\t<div class=\"elementor-post__read-more-wrapper\">\n\t\t\n\t\t<a class=\"elementor-post__read-more\" href=\"https:\/\/www.thetrickplay.fr\/en\/carson-beck-qb-miami-senior\/\" aria-label=\"Read more about Carson Beck, QB, Miami (Senior)\" tabindex=\"-1\" >\n\t\t\tRead more\t\t<\/a>\n\n\t\t\t\t\t<\/div>\n\t\t\t\t<\/div>\n\t\t\t\t<div class=\"elementor-post__meta-data\">\n\t\t\t\t\t<span class=\"elementor-post-date\">\n\t\t\t25 March 2026\t\t<\/span>\n\t\t\t\t<span class=\"elementor-post-avatar\">\n\t\t\tNo Comments\t\t<\/span>\n\t\t\t\t<\/div>\n\t\t\t\t\t<\/div>\n\t\t<\/article>\n\t\t\t\t<article class=\"elementor-post elementor-grid-item post-26512 post type-post status-publish format-standard has-post-thumbnail hentry category-articles-ttp category-scouting-2026 category-te-2026 tag-b1g tag-big-ten tag-nfl-draft tag-oregon tag-scouting tag-te tag-tight-end\" role=\"listitem\">\n\t\t\t<div class=\"elementor-post__card\">\n\t\t\t\t<a class=\"elementor-post__thumbnail__link\" href=\"https:\/\/www.thetrickplay.fr\/en\/kenyon-sadiq-te-oregon-junior\/\" tabindex=\"-1\" ><div class=\"elementor-post__thumbnail\"><img loading=\"lazy\" decoding=\"async\" width=\"300\" height=\"300\" src=\"https:\/\/www.thetrickplay.fr\/wp-content\/uploads\/2026\/03\/Kenyon-Sadiq-Profils-draft-2026-300x300.jpg\" class=\"attachment-medium size-medium wp-image-26587\" alt=\"\" srcset=\"https:\/\/www.thetrickplay.fr\/wp-content\/uploads\/2026\/03\/Kenyon-Sadiq-Profils-draft-2026-300x300.jpg 300w, https:\/\/www.thetrickplay.fr\/wp-content\/uploads\/2026\/03\/Kenyon-Sadiq-Profils-draft-2026-150x150.jpg 150w, https:\/\/www.thetrickplay.fr\/wp-content\/uploads\/2026\/03\/Kenyon-Sadiq-Profils-draft-2026-768x768.jpg 768w, https:\/\/www.thetrickplay.fr\/wp-content\/uploads\/2026\/03\/Kenyon-Sadiq-Profils-draft-2026-12x12.jpg 12w, https:\/\/www.thetrickplay.fr\/wp-content\/uploads\/2026\/03\/Kenyon-Sadiq-Profils-draft-2026.jpg 1024w\" sizes=\"(max-width: 300px) 100vw, 300px\" \/><\/div><\/a>\n\t\t\t\t<div class=\"elementor-post__avatar\">\n\t\t\t<img alt='Kevin' src='https:\/\/secure.gravatar.com\/avatar\/2579a3fb73a43b6141b9dcb9ed371fa7bf4ed6507e52cdf3008cd963f3dfd65c?s=128&#038;d=mm&#038;r=g' srcset='https:\/\/secure.gravatar.com\/avatar\/2579a3fb73a43b6141b9dcb9ed371fa7bf4ed6507e52cdf3008cd963f3dfd65c?s=256&#038;d=mm&#038;r=g 2x' class='avatar avatar-128 photo' height='128' width='128' \/>\t\t<\/div>\n\t\t\t\t<div class=\"elementor-post__text\">\n\t\t\t\t<h3 class=\"elementor-post__title\">\n\t\t\t<a href=\"https:\/\/www.thetrickplay.fr\/en\/kenyon-sadiq-te-oregon-junior\/\" >\n\t\t\t\tKenyon Sadiq, TE, Oregon (Junior)\t\t\t<\/a>\n\t\t<\/h3>\n\t\t\t\t<div class=\"elementor-post__excerpt\">\n\t\t\t<p>Kenyon Sadiq, TE, Oregon (Junior) De retour pour cette cuv\u00e9e 2026, The TrickPlay vous propose de nouveau de plonger plus pr\u00e9cis\u00e9ment dans le jeu des<\/p>\n\t\t<\/div>\n\t\t\t\t\t<div class=\"elementor-post__read-more-wrapper\">\n\t\t\n\t\t<a class=\"elementor-post__read-more\" href=\"https:\/\/www.thetrickplay.fr\/en\/kenyon-sadiq-te-oregon-junior\/\" aria-label=\"Read more about Kenyon Sadiq, TE, Oregon (Junior)\" tabindex=\"-1\" >\n\t\t\tRead more\t\t<\/a>\n\n\t\t\t\t\t<\/div>\n\t\t\t\t<\/div>\n\t\t\t\t<div class=\"elementor-post__meta-data\">\n\t\t\t\t\t<span class=\"elementor-post-date\">\n\t\t\t20 March 2026\t\t<\/span>\n\t\t\t\t<span class=\"elementor-post-avatar\">\n\t\t\tNo Comments\t\t<\/span>\n\t\t\t\t<\/div>\n\t\t\t\t\t<\/div>\n\t\t<\/article>\n\t\t\t\t<article class=\"elementor-post elementor-grid-item post-26380 post type-post status-publish format-standard has-post-thumbnail hentry category-articles-ttp category-scouting-2026 category-wr-2026 tag-arizona-state tag-bigxii tag-nfl-draft tag-scouting tag-wide-receiver tag-wr\" role=\"listitem\">\n\t\t\t<div class=\"elementor-post__card\">\n\t\t\t\t<a class=\"elementor-post__thumbnail__link\" href=\"https:\/\/www.thetrickplay.fr\/en\/jordyn-tyson-wr-arizona-state-junior\/\" tabindex=\"-1\" ><div class=\"elementor-post__thumbnail\"><img loading=\"lazy\" decoding=\"async\" width=\"300\" height=\"300\" src=\"https:\/\/www.thetrickplay.fr\/wp-content\/uploads\/2026\/03\/Jordyn-Tyson-Profils-draft-2026-300x300.jpg\" class=\"attachment-medium size-medium wp-image-26588\" alt=\"\" srcset=\"https:\/\/www.thetrickplay.fr\/wp-content\/uploads\/2026\/03\/Jordyn-Tyson-Profils-draft-2026-300x300.jpg 300w, https:\/\/www.thetrickplay.fr\/wp-content\/uploads\/2026\/03\/Jordyn-Tyson-Profils-draft-2026-150x150.jpg 150w, https:\/\/www.thetrickplay.fr\/wp-content\/uploads\/2026\/03\/Jordyn-Tyson-Profils-draft-2026-768x768.jpg 768w, https:\/\/www.thetrickplay.fr\/wp-content\/uploads\/2026\/03\/Jordyn-Tyson-Profils-draft-2026-12x12.jpg 12w, https:\/\/www.thetrickplay.fr\/wp-content\/uploads\/2026\/03\/Jordyn-Tyson-Profils-draft-2026.jpg 1024w\" sizes=\"(max-width: 300px) 100vw, 300px\" \/><\/div><\/a>\n\t\t\t\t<div class=\"elementor-post__avatar\">\n\t\t\t<img alt='Kevin' src='https:\/\/secure.gravatar.com\/avatar\/2579a3fb73a43b6141b9dcb9ed371fa7bf4ed6507e52cdf3008cd963f3dfd65c?s=128&#038;d=mm&#038;r=g' srcset='https:\/\/secure.gravatar.com\/avatar\/2579a3fb73a43b6141b9dcb9ed371fa7bf4ed6507e52cdf3008cd963f3dfd65c?s=256&#038;d=mm&#038;r=g 2x' class='avatar avatar-128 photo' height='128' width='128' \/>\t\t<\/div>\n\t\t\t\t<div class=\"elementor-post__text\">\n\t\t\t\t<h3 class=\"elementor-post__title\">\n\t\t\t<a href=\"https:\/\/www.thetrickplay.fr\/en\/jordyn-tyson-wr-arizona-state-junior\/\" >\n\t\t\t\tJordyn Tyson, WR, Arizona State (Junior)\t\t\t<\/a>\n\t\t<\/h3>\n\t\t\t\t<div class=\"elementor-post__excerpt\">\n\t\t\t<p>Jordyn Tyson, WR, Arizona State (Junior) De retour pour cette cuv\u00e9e 2026, The TrickPlay vous propose de nouveau de plonger plus pr\u00e9cis\u00e9ment dans le jeu<\/p>\n\t\t<\/div>\n\t\t\t\t\t<div class=\"elementor-post__read-more-wrapper\">\n\t\t\n\t\t<a class=\"elementor-post__read-more\" href=\"https:\/\/www.thetrickplay.fr\/en\/jordyn-tyson-wr-arizona-state-junior\/\" aria-label=\"Read more about Jordyn Tyson, WR, Arizona State (Junior)\" tabindex=\"-1\" >\n\t\t\tRead more\t\t<\/a>\n\n\t\t\t\t\t<\/div>\n\t\t\t\t<\/div>\n\t\t\t\t<div class=\"elementor-post__meta-data\">\n\t\t\t\t\t<span class=\"elementor-post-date\">\n\t\t\t18 March 2026\t\t<\/span>\n\t\t\t\t<span class=\"elementor-post-avatar\">\n\t\t\tNo Comments\t\t<\/span>\n\t\t\t\t<\/div>\n\t\t\t\t\t<\/div>\n\t\t<\/article>\n\t\t\t\t<\/div>\n\t\t\n\t\t\t\t<div class=\"e-load-more-anchor\" data-page=\"1\" data-max-page=\"5\" data-next-page=\"https:\/\/www.thetrickplay.fr\/en\/wp-json\/wp\/v2\/pages\/12139\/page\/2\/\"><\/div>\n\t\t\t\t<nav class=\"elementor-pagination\" aria-label=\"Pagination\">\n\t\t\t<span aria-current=\"page\" class=\"page-numbers current\"><span class=\"elementor-screen-only\">Page<\/span>1<\/span>\n<a class=\"page-numbers\" href=\"https:\/\/www.thetrickplay.fr\/en\/wp-json\/wp\/v2\/pages\/12139\/page\/2\/\"><span class=\"elementor-screen-only\">Page<\/span>2<\/a>\n<a class=\"page-numbers\" href=\"https:\/\/www.thetrickplay.fr\/en\/wp-json\/wp\/v2\/pages\/12139\/page\/3\/\"><span class=\"elementor-screen-only\">Page<\/span>3<\/a>\n<a class=\"page-numbers\" href=\"https:\/\/www.thetrickplay.fr\/en\/wp-json\/wp\/v2\/pages\/12139\/page\/4\/\"><span class=\"elementor-screen-only\">Page<\/span>4<\/a>\n<a class=\"page-numbers\" href=\"https:\/\/www.thetrickplay.fr\/en\/wp-json\/wp\/v2\/pages\/12139\/page\/5\/\"><span class=\"elementor-screen-only\">Page<\/span>5<\/a>\t\t<\/nav>\n\t\t\t\t\t\t<\/div>\n\t\t\t\t<\/div>\n\t\t\t\t\t<\/div>\n\t\t<\/div>\n\t\t\t\t\t<\/div>\n\t\t<\/section>\n\t\t\t\t<\/div>","protected":false},"excerpt":{"rendered":"<p>Articles<\/p>","protected":false},"author":1,"featured_media":0,"parent":0,"menu_order":0,"comment_status":"closed","ping_status":"closed","template":"","meta":{"footnotes":""},"class_list":["post-12139","page","type-page","status-publish","hentry"],"_links":{"self":[{"href":"https:\/\/www.thetrickplay.fr\/en\/wp-json\/wp\/v2\/pages\/12139","targetHints":{"allow":["GET"]}}],"collection":[{"href":"https:\/\/www.thetrickplay.fr\/en\/wp-json\/wp\/v2\/pages"}],"about":[{"href":"https:\/\/www.thetrickplay.fr\/en\/wp-json\/wp\/v2\/types\/page"}],"author":[{"embeddable":true,"href":"https:\/\/www.thetrickplay.fr\/en\/wp-json\/wp\/v2\/users\/1"}],"replies":[{"embeddable":true,"href":"https:\/\/www.thetrickplay.fr\/en\/wp-json\/wp\/v2\/comments?post=12139"}],"version-history":[{"count":11,"href":"https:\/\/www.thetrickplay.fr\/en\/wp-json\/wp\/v2\/pages\/12139\/revisions"}],"predecessor-version":[{"id":12322,"href":"https:\/\/www.thetrickplay.fr\/en\/wp-json\/wp\/v2\/pages\/12139\/revisions\/12322"}],"wp:attachment":[{"href":"https:\/\/www.thetrickplay.fr\/en\/wp-json\/wp\/v2\/media?parent=12139"}],"curies":[{"name":"wp","href":"https:\/\/api.w.org\/{rel}","templated":true}]}}