{"id":12103,"date":"2023-01-21T12:07:24","date_gmt":"2023-01-21T11:07:24","guid":{"rendered":"https:\/\/www.thetrickplay.fr\/?page_id=12103"},"modified":"2025-07-18T19:11:43","modified_gmt":"2025-07-18T17:11:43","slug":"quarterbacks","status":"publish","type":"page","link":"https:\/\/www.thetrickplay.fr\/en\/scouting-report-2023\/quarterbacks\/","title":{"rendered":"Quaterbacks 2023"},"content":{"rendered":"<div data-elementor-type=\"wp-page\" data-elementor-id=\"12103\" class=\"elementor elementor-12103\" data-elementor-post-type=\"page\">\n\t\t\t\t\t\t<section class=\"elementor-section elementor-top-section elementor-element elementor-element-31269be elementor-section-boxed elementor-section-height-default elementor-section-height-default\" data-id=\"31269be\" data-element_type=\"section\" data-e-type=\"section\">\n\t\t\t\t\t\t<div class=\"elementor-container elementor-column-gap-default\">\n\t\t\t\t\t<div class=\"elementor-column elementor-col-100 elementor-top-column elementor-element elementor-element-dd0d53e\" data-id=\"dd0d53e\" data-element_type=\"column\" data-e-type=\"column\">\n\t\t\t<div class=\"elementor-widget-wrap elementor-element-populated\">\n\t\t\t\t\t\t<div class=\"elementor-element elementor-element-e31d395 elementor-widget elementor-widget-heading\" data-id=\"e31d395\" data-element_type=\"widget\" data-e-type=\"widget\" data-widget_type=\"heading.default\">\n\t\t\t\t<div class=\"elementor-widget-container\">\n\t\t\t\t\t<h2 class=\"elementor-heading-title elementor-size-default\">Quarterbacks<\/h2>\t\t\t\t<\/div>\n\t\t\t\t<\/div>\n\t\t\t\t\t<\/div>\n\t\t<\/div>\n\t\t\t\t\t<\/div>\n\t\t<\/section>\n\t\t\t\t<section class=\"elementor-section elementor-top-section elementor-element elementor-element-d060533 elementor-section-boxed elementor-section-height-default elementor-section-height-default\" data-id=\"d060533\" data-element_type=\"section\" data-e-type=\"section\">\n\t\t\t\t\t\t<div class=\"elementor-container elementor-column-gap-default\">\n\t\t\t\t\t<div class=\"elementor-column elementor-col-100 elementor-top-column elementor-element elementor-element-888d0a5\" data-id=\"888d0a5\" data-element_type=\"column\" data-e-type=\"column\">\n\t\t\t<div class=\"elementor-widget-wrap elementor-element-populated\">\n\t\t\t\t\t\t<div class=\"elementor-element elementor-element-54162b4 elementor-posts--align-left elementor-grid-3 elementor-grid-tablet-2 elementor-grid-mobile-1 elementor-posts--thumbnail-top elementor-posts--show-avatar elementor-card-shadow-yes elementor-posts__hover-gradient elementor-widget elementor-widget-posts\" data-id=\"54162b4\" data-element_type=\"widget\" data-e-type=\"widget\" data-settings=\"{&quot;pagination_type&quot;:&quot;numbers&quot;,&quot;cards_columns&quot;:&quot;3&quot;,&quot;cards_columns_tablet&quot;:&quot;2&quot;,&quot;cards_columns_mobile&quot;:&quot;1&quot;,&quot;cards_row_gap&quot;:{&quot;unit&quot;:&quot;px&quot;,&quot;size&quot;:35,&quot;sizes&quot;:[]},&quot;cards_row_gap_tablet&quot;:{&quot;unit&quot;:&quot;px&quot;,&quot;size&quot;:&quot;&quot;,&quot;sizes&quot;:[]},&quot;cards_row_gap_mobile&quot;:{&quot;unit&quot;:&quot;px&quot;,&quot;size&quot;:&quot;&quot;,&quot;sizes&quot;:[]}}\" data-widget_type=\"posts.cards\">\n\t\t\t\t<div class=\"elementor-widget-container\">\n\t\t\t\t\t\t\t<div class=\"elementor-posts-container elementor-posts elementor-posts--skin-cards elementor-grid\" role=\"list\">\n\t\t\t\t<article class=\"elementor-post elementor-grid-item post-15884 post type-post status-publish format-standard has-post-thumbnail hentry category-qb-2023 tag-draft tag-fresno-state tag-mountain-west tag-nfl-draft tag-qb tag-quarterback tag-scouting\" role=\"listitem\">\n\t\t\t<div class=\"elementor-post__card\">\n\t\t\t\t<a class=\"elementor-post__thumbnail__link\" href=\"https:\/\/www.thetrickplay.fr\/en\/jake-haener-qb-fresno-state-senior\/\" tabindex=\"-1\" ><div class=\"elementor-post__thumbnail\"><img fetchpriority=\"high\" decoding=\"async\" width=\"1636\" height=\"1636\" src=\"https:\/\/www.thetrickplay.fr\/wp-content\/uploads\/2023\/04\/Jake-Haener-miniature-profil.jpg\" class=\"attachment-full size-full wp-image-15895\" alt=\"\" srcset=\"https:\/\/www.thetrickplay.fr\/wp-content\/uploads\/2023\/04\/Jake-Haener-miniature-profil.jpg 1636w, https:\/\/www.thetrickplay.fr\/wp-content\/uploads\/2023\/04\/Jake-Haener-miniature-profil-300x300.jpg 300w, https:\/\/www.thetrickplay.fr\/wp-content\/uploads\/2023\/04\/Jake-Haener-miniature-profil-1024x1024.jpg 1024w, https:\/\/www.thetrickplay.fr\/wp-content\/uploads\/2023\/04\/Jake-Haener-miniature-profil-150x150.jpg 150w, https:\/\/www.thetrickplay.fr\/wp-content\/uploads\/2023\/04\/Jake-Haener-miniature-profil-768x768.jpg 768w, https:\/\/www.thetrickplay.fr\/wp-content\/uploads\/2023\/04\/Jake-Haener-miniature-profil-1536x1536.jpg 1536w\" sizes=\"(max-width: 1636px) 100vw, 1636px\" \/><\/div><\/a>\n\t\t\t\t<div class=\"elementor-post__avatar\">\n\t\t\t<img alt='Valentin' src='https:\/\/secure.gravatar.com\/avatar\/bf0d43f03aab8c517c34d517522f879770b7efc868f73d43a70851abf88ee0cc?s=128&#038;d=mm&#038;r=g' srcset='https:\/\/secure.gravatar.com\/avatar\/bf0d43f03aab8c517c34d517522f879770b7efc868f73d43a70851abf88ee0cc?s=256&#038;d=mm&#038;r=g 2x' class='avatar avatar-128 photo' height='128' width='128' \/>\t\t<\/div>\n\t\t\t\t<div class=\"elementor-post__text\">\n\t\t\t\t<h3 class=\"elementor-post__title\">\n\t\t\t<a href=\"https:\/\/www.thetrickplay.fr\/en\/jake-haener-qb-fresno-state-senior\/\" >\n\t\t\t\tJake Haener, QB, Fresno State (Senior)\t\t\t<\/a>\n\t\t<\/h3>\n\t\t\t\t<div class=\"elementor-post__excerpt\">\n\t\t\t<p>Jake Haener, QB, Fresno State (Senior) \u00c0 l\u2019approche de la Draft NFL 2023, The Trick Play vous propose de vous plonger au mieux dans cet<\/p>\n\t\t<\/div>\n\t\t\t\t\t<div class=\"elementor-post__read-more-wrapper\">\n\t\t\n\t\t<a class=\"elementor-post__read-more\" href=\"https:\/\/www.thetrickplay.fr\/en\/jake-haener-qb-fresno-state-senior\/\" aria-label=\"Read more about Jake Haener, QB, Fresno State (Senior)\" tabindex=\"-1\" >\n\t\t\tRead more \t\t<\/a>\n\n\t\t\t\t\t<\/div>\n\t\t\t\t<\/div>\n\t\t\t\t<div class=\"elementor-post__meta-data\">\n\t\t\t\t\t<span class=\"elementor-post-date\">\n\t\t\t11 April 2023\t\t<\/span>\n\t\t\t\t<span class=\"elementor-post-avatar\">\n\t\t\tNo Comments\t\t<\/span>\n\t\t\t\t<\/div>\n\t\t\t\t\t<\/div>\n\t\t<\/article>\n\t\t\t\t<article class=\"elementor-post elementor-grid-item post-15494 post type-post status-publish format-standard has-post-thumbnail hentry category-qb-2023 tag-acc tag-draft tag-ncaa tag-nfl-draft tag-qb tag-scouting tag-sec tag-tennessee tag-virginia-tech\" role=\"listitem\">\n\t\t\t<div class=\"elementor-post__card\">\n\t\t\t\t<a class=\"elementor-post__thumbnail__link\" href=\"https:\/\/www.thetrickplay.fr\/en\/15494-2\/\" tabindex=\"-1\" ><div class=\"elementor-post__thumbnail\"><img decoding=\"async\" width=\"1636\" height=\"1636\" src=\"https:\/\/www.thetrickplay.fr\/wp-content\/uploads\/2023\/04\/Miniature-TTP-Profils-joueurs-3.png\" class=\"attachment-full size-full wp-image-15564\" alt=\"\" srcset=\"https:\/\/www.thetrickplay.fr\/wp-content\/uploads\/2023\/04\/Miniature-TTP-Profils-joueurs-3.png 1636w, https:\/\/www.thetrickplay.fr\/wp-content\/uploads\/2023\/04\/Miniature-TTP-Profils-joueurs-3-300x300.png 300w, https:\/\/www.thetrickplay.fr\/wp-content\/uploads\/2023\/04\/Miniature-TTP-Profils-joueurs-3-1024x1024.png 1024w, https:\/\/www.thetrickplay.fr\/wp-content\/uploads\/2023\/04\/Miniature-TTP-Profils-joueurs-3-150x150.png 150w, https:\/\/www.thetrickplay.fr\/wp-content\/uploads\/2023\/04\/Miniature-TTP-Profils-joueurs-3-768x768.png 768w, https:\/\/www.thetrickplay.fr\/wp-content\/uploads\/2023\/04\/Miniature-TTP-Profils-joueurs-3-1536x1536.png 1536w\" sizes=\"(max-width: 1636px) 100vw, 1636px\" \/><\/div><\/a>\n\t\t\t\t<div class=\"elementor-post__avatar\">\n\t\t\t<img alt='Valentin' src='https:\/\/secure.gravatar.com\/avatar\/bf0d43f03aab8c517c34d517522f879770b7efc868f73d43a70851abf88ee0cc?s=128&#038;d=mm&#038;r=g' srcset='https:\/\/secure.gravatar.com\/avatar\/bf0d43f03aab8c517c34d517522f879770b7efc868f73d43a70851abf88ee0cc?s=256&#038;d=mm&#038;r=g 2x' class='avatar avatar-128 photo' height='128' width='128' \/>\t\t<\/div>\n\t\t\t\t<div class=\"elementor-post__text\">\n\t\t\t\t<h3 class=\"elementor-post__title\">\n\t\t\t<a href=\"https:\/\/www.thetrickplay.fr\/en\/15494-2\/\" >\n\t\t\t\tHendon Hooker, QB, Tennessee (Senior)\t\t\t<\/a>\n\t\t<\/h3>\n\t\t\t\t<div class=\"elementor-post__excerpt\">\n\t\t\t<p>Hendon Hooker, QB, Tennessee (Senior) \u00c0 l\u2019approche de la Draft NFL 2023, The Trick Play vous propose de vous plonger au mieux dans cet \u00e9v\u00e8nement<\/p>\n\t\t<\/div>\n\t\t\t\t\t<div class=\"elementor-post__read-more-wrapper\">\n\t\t\n\t\t<a class=\"elementor-post__read-more\" href=\"https:\/\/www.thetrickplay.fr\/en\/15494-2\/\" aria-label=\"Read more about Hendon Hooker, QB, Tennessee (Senior)\" tabindex=\"-1\" >\n\t\t\tRead more \t\t<\/a>\n\n\t\t\t\t\t<\/div>\n\t\t\t\t<\/div>\n\t\t\t\t<div class=\"elementor-post__meta-data\">\n\t\t\t\t\t<span class=\"elementor-post-date\">\n\t\t\t1 April 2023\t\t<\/span>\n\t\t\t\t<span class=\"elementor-post-avatar\">\n\t\t\tNo Comments\t\t<\/span>\n\t\t\t\t<\/div>\n\t\t\t\t\t<\/div>\n\t\t<\/article>\n\t\t\t\t<article class=\"elementor-post elementor-grid-item post-15267 post type-post status-publish format-standard has-post-thumbnail hentry category-qb-2023 tag-alabama tag-draft tag-nfl-draft tag-qb tag-quarterback tag-scouting\" role=\"listitem\">\n\t\t\t<div class=\"elementor-post__card\">\n\t\t\t\t<a class=\"elementor-post__thumbnail__link\" href=\"https:\/\/www.thetrickplay.fr\/en\/bryce-young-qb-alabama-junior\/\" tabindex=\"-1\" ><div class=\"elementor-post__thumbnail\"><img decoding=\"async\" width=\"1636\" height=\"1636\" src=\"https:\/\/www.thetrickplay.fr\/wp-content\/uploads\/2023\/03\/Miniature-TTP-Profils-joueurs-3-3.png\" class=\"attachment-full size-full wp-image-15326\" alt=\"\" srcset=\"https:\/\/www.thetrickplay.fr\/wp-content\/uploads\/2023\/03\/Miniature-TTP-Profils-joueurs-3-3.png 1636w, https:\/\/www.thetrickplay.fr\/wp-content\/uploads\/2023\/03\/Miniature-TTP-Profils-joueurs-3-3-300x300.png 300w, https:\/\/www.thetrickplay.fr\/wp-content\/uploads\/2023\/03\/Miniature-TTP-Profils-joueurs-3-3-1024x1024.png 1024w, https:\/\/www.thetrickplay.fr\/wp-content\/uploads\/2023\/03\/Miniature-TTP-Profils-joueurs-3-3-150x150.png 150w, https:\/\/www.thetrickplay.fr\/wp-content\/uploads\/2023\/03\/Miniature-TTP-Profils-joueurs-3-3-768x768.png 768w, https:\/\/www.thetrickplay.fr\/wp-content\/uploads\/2023\/03\/Miniature-TTP-Profils-joueurs-3-3-1536x1536.png 1536w\" sizes=\"(max-width: 1636px) 100vw, 1636px\" \/><\/div><\/a>\n\t\t\t\t<div class=\"elementor-post__avatar\">\n\t\t\t<img alt='Valentin' src='https:\/\/secure.gravatar.com\/avatar\/bf0d43f03aab8c517c34d517522f879770b7efc868f73d43a70851abf88ee0cc?s=128&#038;d=mm&#038;r=g' srcset='https:\/\/secure.gravatar.com\/avatar\/bf0d43f03aab8c517c34d517522f879770b7efc868f73d43a70851abf88ee0cc?s=256&#038;d=mm&#038;r=g 2x' class='avatar avatar-128 photo' height='128' width='128' \/>\t\t<\/div>\n\t\t\t\t<div class=\"elementor-post__text\">\n\t\t\t\t<h3 class=\"elementor-post__title\">\n\t\t\t<a href=\"https:\/\/www.thetrickplay.fr\/en\/bryce-young-qb-alabama-junior\/\" >\n\t\t\t\tBryce Young, QB, Alabama (Junior)\t\t\t<\/a>\n\t\t<\/h3>\n\t\t\t\t<div class=\"elementor-post__excerpt\">\n\t\t\t<p>\u00c0 l\u2019approche de la Draft NFL 2023, The Trick Play vous propose de vous plonger au mieux dans cet \u00e9v\u00e8nement si particulier. D\u00e9couvrez les futures<\/p>\n\t\t<\/div>\n\t\t\t\t\t<div class=\"elementor-post__read-more-wrapper\">\n\t\t\n\t\t<a class=\"elementor-post__read-more\" href=\"https:\/\/www.thetrickplay.fr\/en\/bryce-young-qb-alabama-junior\/\" aria-label=\"Read more about Bryce Young, QB, Alabama (Junior)\" tabindex=\"-1\" >\n\t\t\tRead more \t\t<\/a>\n\n\t\t\t\t\t<\/div>\n\t\t\t\t<\/div>\n\t\t\t\t<div class=\"elementor-post__meta-data\">\n\t\t\t\t\t<span class=\"elementor-post-date\">\n\t\t\t25 March 2023\t\t<\/span>\n\t\t\t\t<span class=\"elementor-post-avatar\">\n\t\t\tNo Comments\t\t<\/span>\n\t\t\t\t<\/div>\n\t\t\t\t\t<\/div>\n\t\t<\/article>\n\t\t\t\t<article class=\"elementor-post elementor-grid-item post-14991 post type-post status-publish format-standard has-post-thumbnail hentry category-qb-2023 tag-byu tag-draft tag-nfl-draft tag-qb tag-quarterback tag-scouting\" role=\"listitem\">\n\t\t\t<div class=\"elementor-post__card\">\n\t\t\t\t<a class=\"elementor-post__thumbnail__link\" href=\"https:\/\/www.thetrickplay.fr\/en\/jaren-hall-qb-byu-senior\/\" tabindex=\"-1\" ><div class=\"elementor-post__thumbnail\"><img loading=\"lazy\" decoding=\"async\" width=\"1636\" height=\"1636\" src=\"https:\/\/www.thetrickplay.fr\/wp-content\/uploads\/2023\/03\/78.png\" class=\"attachment-full size-full wp-image-15033\" alt=\"\" srcset=\"https:\/\/www.thetrickplay.fr\/wp-content\/uploads\/2023\/03\/78.png 1636w, https:\/\/www.thetrickplay.fr\/wp-content\/uploads\/2023\/03\/78-300x300.png 300w, https:\/\/www.thetrickplay.fr\/wp-content\/uploads\/2023\/03\/78-1024x1024.png 1024w, https:\/\/www.thetrickplay.fr\/wp-content\/uploads\/2023\/03\/78-150x150.png 150w, https:\/\/www.thetrickplay.fr\/wp-content\/uploads\/2023\/03\/78-768x768.png 768w, https:\/\/www.thetrickplay.fr\/wp-content\/uploads\/2023\/03\/78-1536x1536.png 1536w\" sizes=\"(max-width: 1636px) 100vw, 1636px\" \/><\/div><\/a>\n\t\t\t\t<div class=\"elementor-post__avatar\">\n\t\t\t<img alt='Valentin' src='https:\/\/secure.gravatar.com\/avatar\/bf0d43f03aab8c517c34d517522f879770b7efc868f73d43a70851abf88ee0cc?s=128&#038;d=mm&#038;r=g' srcset='https:\/\/secure.gravatar.com\/avatar\/bf0d43f03aab8c517c34d517522f879770b7efc868f73d43a70851abf88ee0cc?s=256&#038;d=mm&#038;r=g 2x' class='avatar avatar-128 photo' height='128' width='128' \/>\t\t<\/div>\n\t\t\t\t<div class=\"elementor-post__text\">\n\t\t\t\t<h3 class=\"elementor-post__title\">\n\t\t\t<a href=\"https:\/\/www.thetrickplay.fr\/en\/jaren-hall-qb-byu-senior\/\" >\n\t\t\t\tJaren Hall, QB, BYU (Senior)\t\t\t<\/a>\n\t\t<\/h3>\n\t\t\t\t<div class=\"elementor-post__excerpt\">\n\t\t\t<p>Jaren Hall, QB, BYU (Senior) \u00c0 l\u2019approche de la Draft NFL 2023, The Trick Play vous propose de vous plonger au mieux dans cet \u00e9v\u00e8nement<\/p>\n\t\t<\/div>\n\t\t\t\t\t<div class=\"elementor-post__read-more-wrapper\">\n\t\t\n\t\t<a class=\"elementor-post__read-more\" href=\"https:\/\/www.thetrickplay.fr\/en\/jaren-hall-qb-byu-senior\/\" aria-label=\"Read more about Jaren Hall, QB, BYU (Senior)\" tabindex=\"-1\" >\n\t\t\tRead more \t\t<\/a>\n\n\t\t\t\t\t<\/div>\n\t\t\t\t<\/div>\n\t\t\t\t<div class=\"elementor-post__meta-data\">\n\t\t\t\t\t<span class=\"elementor-post-date\">\n\t\t\t22 March 2023\t\t<\/span>\n\t\t\t\t<span class=\"elementor-post-avatar\">\n\t\t\tNo Comments\t\t<\/span>\n\t\t\t\t<\/div>\n\t\t\t\t\t<\/div>\n\t\t<\/article>\n\t\t\t\t<article class=\"elementor-post elementor-grid-item post-14709 post type-post status-publish format-standard has-post-thumbnail hentry category-qb-2023 tag-draft tag-nfl-draft tag-ohio-state tag-qb tag-quarterback tag-scouting\" role=\"listitem\">\n\t\t\t<div class=\"elementor-post__card\">\n\t\t\t\t<a class=\"elementor-post__thumbnail__link\" href=\"https:\/\/www.thetrickplay.fr\/en\/cj-stroud-qb-ohio-state-junior\/\" tabindex=\"-1\" ><div class=\"elementor-post__thumbnail\"><img loading=\"lazy\" decoding=\"async\" width=\"1636\" height=\"1636\" src=\"https:\/\/www.thetrickplay.fr\/wp-content\/uploads\/2023\/03\/69.png\" class=\"attachment-full size-full wp-image-14734\" alt=\"\" srcset=\"https:\/\/www.thetrickplay.fr\/wp-content\/uploads\/2023\/03\/69.png 1636w, https:\/\/www.thetrickplay.fr\/wp-content\/uploads\/2023\/03\/69-300x300.png 300w, https:\/\/www.thetrickplay.fr\/wp-content\/uploads\/2023\/03\/69-1024x1024.png 1024w, https:\/\/www.thetrickplay.fr\/wp-content\/uploads\/2023\/03\/69-150x150.png 150w, https:\/\/www.thetrickplay.fr\/wp-content\/uploads\/2023\/03\/69-768x768.png 768w, https:\/\/www.thetrickplay.fr\/wp-content\/uploads\/2023\/03\/69-1536x1536.png 1536w\" sizes=\"(max-width: 1636px) 100vw, 1636px\" \/><\/div><\/a>\n\t\t\t\t<div class=\"elementor-post__avatar\">\n\t\t\t<img alt='Valentin' src='https:\/\/secure.gravatar.com\/avatar\/bf0d43f03aab8c517c34d517522f879770b7efc868f73d43a70851abf88ee0cc?s=128&#038;d=mm&#038;r=g' srcset='https:\/\/secure.gravatar.com\/avatar\/bf0d43f03aab8c517c34d517522f879770b7efc868f73d43a70851abf88ee0cc?s=256&#038;d=mm&#038;r=g 2x' class='avatar avatar-128 photo' height='128' width='128' \/>\t\t<\/div>\n\t\t\t\t<div class=\"elementor-post__text\">\n\t\t\t\t<h3 class=\"elementor-post__title\">\n\t\t\t<a href=\"https:\/\/www.thetrickplay.fr\/en\/cj-stroud-qb-ohio-state-junior\/\" >\n\t\t\t\tC.J. Stroud, QB, Ohio State (Junior)\t\t\t<\/a>\n\t\t<\/h3>\n\t\t\t\t<div class=\"elementor-post__excerpt\">\n\t\t\t<p>CJ Stroud, QB, Ohio State (Junior) \u00c0 l\u2019approche de la Draft NFL 2023, The Trick Play vous propose de vous plonger au mieux dans cet<\/p>\n\t\t<\/div>\n\t\t\t\t\t<div class=\"elementor-post__read-more-wrapper\">\n\t\t\n\t\t<a class=\"elementor-post__read-more\" href=\"https:\/\/www.thetrickplay.fr\/en\/cj-stroud-qb-ohio-state-junior\/\" aria-label=\"Read more about C.J. Stroud, QB, Ohio State (Junior)\" tabindex=\"-1\" >\n\t\t\tRead more \t\t<\/a>\n\n\t\t\t\t\t<\/div>\n\t\t\t\t<\/div>\n\t\t\t\t<div class=\"elementor-post__meta-data\">\n\t\t\t\t\t<span class=\"elementor-post-date\">\n\t\t\t15 March 2023\t\t<\/span>\n\t\t\t\t<span class=\"elementor-post-avatar\">\n\t\t\tNo Comments\t\t<\/span>\n\t\t\t\t<\/div>\n\t\t\t\t\t<\/div>\n\t\t<\/article>\n\t\t\t\t<article class=\"elementor-post elementor-grid-item post-14577 post type-post status-publish format-standard has-post-thumbnail hentry category-qb-2023 tag-boom-or-bust tag-draft tag-florida tag-ncaa tag-nfl-draft tag-qb tag-scouting tag-sec\" role=\"listitem\">\n\t\t\t<div class=\"elementor-post__card\">\n\t\t\t\t<a class=\"elementor-post__thumbnail__link\" href=\"https:\/\/www.thetrickplay.fr\/en\/anthony-richardson-qb-florida-junior-2\/\" tabindex=\"-1\" ><div class=\"elementor-post__thumbnail\"><img loading=\"lazy\" decoding=\"async\" width=\"1636\" height=\"1636\" src=\"https:\/\/www.thetrickplay.fr\/wp-content\/uploads\/2023\/03\/Anthony-Richardson-miniature-profil.jpg\" class=\"attachment-full size-full wp-image-14373\" alt=\"\" srcset=\"https:\/\/www.thetrickplay.fr\/wp-content\/uploads\/2023\/03\/Anthony-Richardson-miniature-profil.jpg 1636w, https:\/\/www.thetrickplay.fr\/wp-content\/uploads\/2023\/03\/Anthony-Richardson-miniature-profil-300x300.jpg 300w, https:\/\/www.thetrickplay.fr\/wp-content\/uploads\/2023\/03\/Anthony-Richardson-miniature-profil-1024x1024.jpg 1024w, https:\/\/www.thetrickplay.fr\/wp-content\/uploads\/2023\/03\/Anthony-Richardson-miniature-profil-150x150.jpg 150w, https:\/\/www.thetrickplay.fr\/wp-content\/uploads\/2023\/03\/Anthony-Richardson-miniature-profil-768x768.jpg 768w, https:\/\/www.thetrickplay.fr\/wp-content\/uploads\/2023\/03\/Anthony-Richardson-miniature-profil-1536x1536.jpg 1536w\" sizes=\"(max-width: 1636px) 100vw, 1636px\" \/><\/div><\/a>\n\t\t\t\t<div class=\"elementor-post__avatar\">\n\t\t\t<img alt='Valentin' src='https:\/\/secure.gravatar.com\/avatar\/bf0d43f03aab8c517c34d517522f879770b7efc868f73d43a70851abf88ee0cc?s=128&#038;d=mm&#038;r=g' srcset='https:\/\/secure.gravatar.com\/avatar\/bf0d43f03aab8c517c34d517522f879770b7efc868f73d43a70851abf88ee0cc?s=256&#038;d=mm&#038;r=g 2x' class='avatar avatar-128 photo' height='128' width='128' \/>\t\t<\/div>\n\t\t\t\t<div class=\"elementor-post__text\">\n\t\t\t\t<h3 class=\"elementor-post__title\">\n\t\t\t<a href=\"https:\/\/www.thetrickplay.fr\/en\/anthony-richardson-qb-florida-junior-2\/\" >\n\t\t\t\tAnthony Richardson, QB, Florida (Junior)\t\t\t<\/a>\n\t\t<\/h3>\n\t\t\t\t<div class=\"elementor-post__excerpt\">\n\t\t\t<p>Anthony Richardson, QB, Florida (R-Sophomore) \u00c0 l\u2019approche de la Draft NFL 2023, The Trick Play vous propose de vous plonger au mieux dans cet \u00e9v\u00e8nement<\/p>\n\t\t<\/div>\n\t\t\t\t\t<div class=\"elementor-post__read-more-wrapper\">\n\t\t\n\t\t<a class=\"elementor-post__read-more\" href=\"https:\/\/www.thetrickplay.fr\/en\/anthony-richardson-qb-florida-junior-2\/\" aria-label=\"Read more about Anthony Richardson, QB, Florida (Junior)\" tabindex=\"-1\" >\n\t\t\tRead more \t\t<\/a>\n\n\t\t\t\t\t<\/div>\n\t\t\t\t<\/div>\n\t\t\t\t<div class=\"elementor-post__meta-data\">\n\t\t\t\t\t<span class=\"elementor-post-date\">\n\t\t\t10 March 2023\t\t<\/span>\n\t\t\t\t<span class=\"elementor-post-avatar\">\n\t\t\tNo Comments\t\t<\/span>\n\t\t\t\t<\/div>\n\t\t\t\t\t<\/div>\n\t\t<\/article>\n\t\t\t\t<\/div>\n\t\t\n\t\t\t\t<div class=\"e-load-more-anchor\" data-page=\"1\" data-max-page=\"2\" data-next-page=\"https:\/\/www.thetrickplay.fr\/en\/wp-json\/wp\/v2\/pages\/12103\/page\/2\/\"><\/div>\n\t\t\t\t<nav class=\"elementor-pagination\" aria-label=\"Pagination\">\n\t\t\t<span aria-current=\"page\" class=\"page-numbers current\"><span class=\"elementor-screen-only\">Page<\/span>1<\/span>\n<a class=\"page-numbers\" href=\"https:\/\/www.thetrickplay.fr\/en\/wp-json\/wp\/v2\/pages\/12103\/page\/2\/\"><span class=\"elementor-screen-only\">Page<\/span>2<\/a>\t\t<\/nav>\n\t\t\t\t\t\t<\/div>\n\t\t\t\t<\/div>\n\t\t\t\t\t<\/div>\n\t\t<\/div>\n\t\t\t\t\t<\/div>\n\t\t<\/section>\n\t\t\t\t<\/div>","protected":false},"excerpt":{"rendered":"<p>Quarterbacks<\/p>","protected":false},"author":1,"featured_media":0,"parent":11990,"menu_order":0,"comment_status":"closed","ping_status":"closed","template":"","meta":{"footnotes":""},"class_list":["post-12103","page","type-page","status-publish","hentry"],"_links":{"self":[{"href":"https:\/\/www.thetrickplay.fr\/en\/wp-json\/wp\/v2\/pages\/12103","targetHints":{"allow":["GET"]}}],"collection":[{"href":"https:\/\/www.thetrickplay.fr\/en\/wp-json\/wp\/v2\/pages"}],"about":[{"href":"https:\/\/www.thetrickplay.fr\/en\/wp-json\/wp\/v2\/types\/page"}],"author":[{"embeddable":true,"href":"https:\/\/www.thetrickplay.fr\/en\/wp-json\/wp\/v2\/users\/1"}],"replies":[{"embeddable":true,"href":"https:\/\/www.thetrickplay.fr\/en\/wp-json\/wp\/v2\/comments?post=12103"}],"version-history":[{"count":18,"href":"https:\/\/www.thetrickplay.fr\/en\/wp-json\/wp\/v2\/pages\/12103\/revisions"}],"predecessor-version":[{"id":18155,"href":"https:\/\/www.thetrickplay.fr\/en\/wp-json\/wp\/v2\/pages\/12103\/revisions\/18155"}],"up":[{"embeddable":true,"href":"https:\/\/www.thetrickplay.fr\/en\/wp-json\/wp\/v2\/pages\/11990"}],"wp:attachment":[{"href":"https:\/\/www.thetrickplay.fr\/en\/wp-json\/wp\/v2\/media?parent=12103"}],"curies":[{"name":"wp","href":"https:\/\/api.w.org\/{rel}","templated":true}]}}